{"id":1608,"date":"2012-05-06T16:41:32","date_gmt":"2012-05-06T14:41:32","guid":{"rendered":"http:\/\/www.keane.fr\/v4\/?page_id=1608"},"modified":"2023-10-02T13:57:06","modified_gmt":"2023-10-02T11:57:06","slug":"a-propos","status":"publish","type":"page","link":"http:\/\/www.keane.fr\/en\/a-propos\/","title":{"rendered":"About"},"content":{"rendered":"<div data-elementor-type=\"wp-page\" data-elementor-id=\"1608\" class=\"elementor elementor-1608\">\n\t\t\t\t\t\t<section class=\"elementor-section elementor-top-section elementor-element elementor-element-1fc3dd4a elementor-section-boxed elementor-section-height-default elementor-section-height-default\" data-id=\"1fc3dd4a\" data-element_type=\"section\" data-e-type=\"section\">\n\t\t\t\t\t\t<div class=\"elementor-container elementor-column-gap-default\">\n\t\t\t\t\t<div class=\"elementor-column elementor-col-100 elementor-top-column elementor-element elementor-element-52e5eaf4\" data-id=\"52e5eaf4\" data-element_type=\"column\" data-e-type=\"column\">\n\t\t\t<div class=\"elementor-widget-wrap elementor-element-populated\">\n\t\t\t\t\t\t<div class=\"elementor-element elementor-element-7f96983d elementor-widget elementor-widget-text-editor\" data-id=\"7f96983d\" data-element_type=\"widget\" data-e-type=\"widget\" data-widget_type=\"text-editor.default\">\n\t\t\t\t<div class=\"elementor-widget-container\">\n\t\t\t\t\t\t\t\t\t<h2>Contact<\/h2><p>Vous pouvez\u00a0contacter les auteurs de ce site \u00e0 l&rsquo;adresse suivante :\u00a0<a href=\"mailto:contact@keane.fr\">contact@keane.fr<\/a><br \/>Le site est mis \u00e0 jour r\u00e9guli\u00e8rement mais si toutefois vous avez une information qui n&rsquo;y figure pas encore, n&rsquo;h\u00e9sitez pas \u00e0 nous en faire part.<br \/>Tous les commentaires sont les bienvenus.<\/p><h2>LE SITE<\/h2><p>Cela fait maintenant 19 ans que le site existe! Il a d\u00e9but\u00e9 sous le nom \u00ab\u00a0Le Monde de Keane\u00a0\u00bb en 2005, avant de passer \u00e0 \u00ab\u00a0Keane.fr\u00a0\u00bb, et s&rsquo;est \u00e9toff\u00e9 au fil du temps pour vous donner un aper\u00e7u le plus complet possible du groupe Keane.<br \/>C&rsquo;est un site de fan, non officiel mais connu et reconnu par le groupe et sa maison de disque.<br \/>N&rsquo;h\u00e9sitez pas \u00e0 nous contacter si vous avez des suggestions, des nouvelles, des photos ou encore des fautes d&rsquo;orthographe ou des liens cass\u00e9s. Tous les commentaires sont les bienvenus.<\/p><p>Cr\u00e9ation du site :\u00a0<em>janvier 2005<\/em><br \/>Mise en ligne :\u00a0<em>31 janvier 2005<\/em><br \/><a href=\"https:\/\/www.keane.fr\/wp-content\/uploads\/2012\/05\/keanefr_1.0.jpg\" target=\"_blank\" rel=\"noopener noreferrer\">Version 1.0<\/a>\u00a0:\u00a0<em>07 f\u00e9vrier 2005<\/em><br \/><a href=\"https:\/\/www.keane.fr\/wp-content\/uploads\/2012\/05\/keanefr_1.1.jpg\" target=\"_blank\" rel=\"noopener noreferrer\">Version 1.1<\/a>\u00a0:\u00a0<em>12 juin 2005<\/em><br \/>Version 1.2 :\u00a0<em>11 ao\u00fbt 2005<\/em><br \/><a href=\"https:\/\/www.keane.fr\/wp-content\/uploads\/2012\/05\/keanefr_2.0.jpg\" target=\"_blank\" rel=\"noopener noreferrer\">Version 2.0<\/a>\u00a0:\u00a0<em>28 juin 2006<\/em><br \/>Version 2.1 :\u00a0<em>13 octobre 2006<\/em><br \/><a href=\"https:\/\/www.keane.fr\/wp-content\/uploads\/2012\/05\/keanefr_3.0.jpg\" target=\"_blank\" rel=\"noopener noreferrer\">Version 3.0<\/a>\u00a0:\u00a0<em>01 octobre 2008<\/em><br \/>Version 3.1 :\u00a0<em>09 mars 2010<\/em><br \/><a href=\"https:\/\/www.keane.fr\/wp-content\/uploads\/2012\/05\/keanefr_4.0.jpg\" target=\"_blank\" rel=\"noopener noreferrer\">Version 4.0<\/a> : 07 mai 2012<br \/><a href=\"https:\/\/www.keane.fr\/wp-content\/uploads\/2023\/10\/KEANEFR-version5-2.jpg\" target=\"_blank\" rel=\"noopener noreferrer\">Version 5.0<\/a> : 20 septembre 2020<\/p><p>Version 5.1 : 02 octobre 2023<\/p><h2>REMERCIEMENTS ET CR\u00c9DITS<\/h2><p>Un grand merci \u00e0 Keane sans qui vous ne liriez pas ceci.<br \/>Merci \u00e0 Ronan pour sa g\u00e9n\u00e9rosit\u00e9 et sa confiance.<\/p><p>Merci \u00e0 Amandine et Souze, \u00e0 My-Diem, Mikko, Jeff, Chris Flynn, Alex Lake, Peter Hill, Keane.at pour leur aide et leur participation aux versions pr\u00e9c\u00e9dentes.<br \/>Et merci d&rsquo;avoir visit\u00e9 ce site et lu cette page!<\/p><h2>LA TECHNIQUE<\/h2><p>Site fi\u00e8rement propuls\u00e9 par WordPress, sous le th\u00e8me Ocean WP.<br \/>Ce site est visible sous Firefox, Chrome, Opera ou IE 9+, et adapt\u00e9 \u00e0 toutes les r\u00e9solutions, m\u00eame sur mobile.<br \/>Le site est h\u00e9berg\u00e9 par\u00a0<a href=\"http:\/\/www.ovh.com\/\" target=\"_blank\" rel=\"noopener noreferrer\">OVH<\/a><\/p><h2>L\u00c9GAL<\/h2><p>Le contenu de ce site n&rsquo;engage que ses auteurs et en rien la responsabilit\u00e9 de l&rsquo;h\u00e9bergeur.<br \/>Le contenu des liens externes quant \u00e0 lui n&rsquo;est pas sous la responsabilit\u00e9 des auteurs de ce site et n&rsquo;engage que leurs auteurs.<br \/>L&rsquo;utilisation de mat\u00e9riel sous copyright a fait l&rsquo;objet d&rsquo;une demande d&rsquo;autorisation au pr\u00e9alable \u00e0 leurs propri\u00e9taires. Si toutefois vous souhaitez voir dispara\u00eetre de ce site du mat\u00e9riel dont les droits vous appartiennent, contactez-nous et ce sera enlev\u00e9 le plus rapidement possible.<br \/>De la m\u00eame mani\u00e8re, si vous souhaitez utiliser le contenu de ce site (photos, textes, etc&#8230;), demandez nous l&rsquo;autorisation au pr\u00e9alable.<\/p>\t\t\t\t\t\t\t\t<\/div>\n\t\t\t\t<\/div>\n\t\t\t\t\t<\/div>\n\t\t<\/div>\n\t\t\t\t\t<\/div>\n\t\t<\/section>\n\t\t\t\t<\/div>","protected":false},"excerpt":{"rendered":"<p>Contact Vous pouvez\u00a0contacter les auteurs de ce site \u00e0 l&rsquo;adresse suivante :\u00a0contact@keane.frLe site est mis \u00e0 jour r\u00e9guli\u00e8rement mais si toutefois vous avez une information qui n&rsquo;y figure pas encore, n&rsquo;h\u00e9sitez pas \u00e0 nous en faire part.Tous les commentaires sont les bienvenus. LE SITE Cela fait maintenant 19 ans que le site existe! Il a [&hellip;]<\/p>\n","protected":false},"author":1,"featured_media":0,"parent":0,"menu_order":0,"comment_status":"closed","ping_status":"closed","template":"","meta":{"ocean_post_layout":"","ocean_both_sidebars_style":"","ocean_both_sidebars_content_width":0,"ocean_both_sidebars_sidebars_width":0,"ocean_sidebar":"0","ocean_second_sidebar":"0","ocean_disable_margins":"enable","ocean_add_body_class":"","ocean_shortcode_before_top_bar":"","ocean_shortcode_after_top_bar":"","ocean_shortcode_before_header":"","ocean_shortcode_after_header":"","ocean_has_shortcode":"","ocean_shortcode_after_title":"","ocean_shortcode_before_footer_widgets":"","ocean_shortcode_after_footer_widgets":"","ocean_shortcode_before_footer_bottom":"","ocean_shortcode_after_footer_bottom":"","ocean_display_top_bar":"default","ocean_display_header":"default","ocean_header_style":"","ocean_center_header_left_menu":"0","ocean_custom_header_template":"0","ocean_custom_logo":0,"ocean_custom_retina_logo":0,"ocean_custom_logo_max_width":0,"ocean_custom_logo_tablet_max_width":0,"ocean_custom_logo_mobile_max_width":0,"ocean_custom_logo_max_height":0,"ocean_custom_logo_tablet_max_height":0,"ocean_custom_logo_mobile_max_height":0,"ocean_header_custom_menu":"0","ocean_menu_typo_font_family":"0","ocean_menu_typo_font_subset":"","ocean_menu_typo_font_size":0,"ocean_menu_typo_font_size_tablet":0,"ocean_menu_typo_font_size_mobile":0,"ocean_menu_typo_font_size_unit":"px","ocean_menu_typo_font_weight":"","ocean_menu_typo_font_weight_tablet":"","ocean_menu_typo_font_weight_mobile":"","ocean_menu_typo_transform":"","ocean_menu_typo_transform_tablet":"","ocean_menu_typo_transform_mobile":"","ocean_menu_typo_line_height":0,"ocean_menu_typo_line_height_tablet":0,"ocean_menu_typo_line_height_mobile":0,"ocean_menu_typo_line_height_unit":"","ocean_menu_typo_spacing":0,"ocean_menu_typo_spacing_tablet":0,"ocean_menu_typo_spacing_mobile":0,"ocean_menu_typo_spacing_unit":"","ocean_menu_link_color":"","ocean_menu_link_color_hover":"","ocean_menu_link_color_active":"","ocean_menu_link_background":"","ocean_menu_link_hover_background":"","ocean_menu_link_active_background":"","ocean_menu_social_links_bg":"","ocean_menu_social_hover_links_bg":"","ocean_menu_social_links_color":"","ocean_menu_social_hover_links_color":"","ocean_disable_title":"default","ocean_disable_heading":"default","ocean_post_title":"","ocean_post_subheading":"","ocean_post_title_style":"","ocean_post_title_background_color":"","ocean_post_title_background":0,"ocean_post_title_bg_image_position":"","ocean_post_title_bg_image_attachment":"","ocean_post_title_bg_image_repeat":"","ocean_post_title_bg_image_size":"","ocean_post_title_height":0,"ocean_post_title_bg_overlay":0.5,"ocean_post_title_bg_overlay_color":"","ocean_disable_breadcrumbs":"default","ocean_breadcrumbs_color":"","ocean_breadcrumbs_separator_color":"","ocean_breadcrumbs_links_color":"","ocean_breadcrumbs_links_hover_color":"","ocean_display_footer_widgets":"default","ocean_display_footer_bottom":"default","ocean_custom_footer_template":"0","footnotes":""},"class_list":["post-1608","page","type-page","status-publish","hentry","entry"],"_links":{"self":[{"href":"http:\/\/www.keane.fr\/en\/wp-json\/wp\/v2\/pages\/1608","targetHints":{"allow":["GET"]}}],"collection":[{"href":"http:\/\/www.keane.fr\/en\/wp-json\/wp\/v2\/pages"}],"about":[{"href":"http:\/\/www.keane.fr\/en\/wp-json\/wp\/v2\/types\/page"}],"author":[{"embeddable":true,"href":"http:\/\/www.keane.fr\/en\/wp-json\/wp\/v2\/users\/1"}],"replies":[{"embeddable":true,"href":"http:\/\/www.keane.fr\/en\/wp-json\/wp\/v2\/comments?post=1608"}],"version-history":[{"count":5,"href":"http:\/\/www.keane.fr\/en\/wp-json\/wp\/v2\/pages\/1608\/revisions"}],"predecessor-version":[{"id":4073,"href":"http:\/\/www.keane.fr\/en\/wp-json\/wp\/v2\/pages\/1608\/revisions\/4073"}],"wp:attachment":[{"href":"http:\/\/www.keane.fr\/en\/wp-json\/wp\/v2\/media?parent=1608"}],"curies":[{"name":"wp","href":"https:\/\/api.w.org\/{rel}","templated":true}]}}