{"id":1816,"date":"2012-06-27T21:02:07","date_gmt":"2012-06-27T19:02:07","guid":{"rendered":"http:\/\/www.keane.fr\/?page_id=1816"},"modified":"2021-01-28T00:20:00","modified_gmt":"2021-01-27T23:20:00","slug":"tim-rice-oxley-jesse-quin-15-mai-2012-old","status":"publish","type":"page","link":"https:\/\/www.keane.fr\/en\/tim-rice-oxley-jesse-quin-15-mai-2012-old\/","title":{"rendered":"Tim Rice-Oxley &#038; Jesse Quin \u2013 15 mai 2012 (old)"},"content":{"rendered":"<div id=\"Q1\" class=\"question\">Keane.fr : Comment vas-tu Tim?<\/div>\n<div id=\"Tim1\" class=\"itw1\">Tim : Very well.<\/div>\n<div id=\"Q2\" class=\"question\">How do you like the venue here?<\/div>\n<div id=\"Tim2\" class=\"itw1\">Tim : It's lovely. It's great, it sounds good, it's very posh... it's like being in a opera house in...<\/div>\n<div id=\"Jesse1\" class=\"itw2\">Jesse : France! (laughs) It's like being in a opera house in Paris.<\/div>\n<div id=\"Q3\" class=\"question\">So it's been four years since your last gig in a venue in France: what do you have to say in your defence?<\/div>\n<div id=\"Tim3\" class=\"itw1\">C&rsquo;est terrible, c&rsquo;est honteux. Nous avons fait \u00ab\u00a0Rock en Seine\u00a0\u00bb qui n&rsquo;a \u00e9t\u00e9 m\u00e9morable que pour Oasis.<\/div>\n<div id=\"Jesse2\" class=\"itw2\">Ce n&rsquo;\u00e9tait pas de notre faute!<\/div>\n<div id=\"Q4\" class=\"question\">You plead not guilty on this one?<\/div>\n<div id=\"Jesse3\" class=\"itw2\">Oui! C&rsquo;\u00e9tait un bon festival.<\/div>\n<div id=\"Tim4\" class=\"itw1\">Peut-\u00eatre qu&rsquo;on devrait s&rsquo;en attribuer le m\u00e9rite? C&rsquo;\u00e9tait un bon festival.<\/div>\n<div id=\"Q5\" class=\"question\">Well the location is nice too, you were talking about an opera house and it's like a castle's gardens.<br \/>\nYou have a new album out and it's a very happy album, very uplifting tone, what happened to Keane to have such a good spirit?<\/div>\n<div id=\"Tim5\" class=\"itw1\">Nous avons commenc\u00e9 \u00e0 boire d\u00e8s le petit d\u00e9jeuner (rires), les choses semblaient plus faciles. Je ne sais pas, je pense que cela a probablement \u00e0 voir avec le fait d&rsquo;\u00eatre un peu plus vieux, d&rsquo;essayer d&rsquo;approcher les choses avec un peu plus de gr\u00e2ce. Mais vous savez il y a des hauts et des bas et nous essayons simplement de refl\u00e9ter la vie.<\/div>\n<div id=\"Q6\" class=\"question\">Well it's good if it's reflecting your life to have a happy album now.<br \/>\nJesse, how did the making of a Keane album go for you as an official band member?<\/div>\n<div id=\"Jesse4\" class=\"itw2\">J&rsquo;ai senti que j&rsquo;avais d\u00e9sormais le droit de donner mon avis, mais c&rsquo;\u00e9tait vraiment diff\u00e9rent de la fois pr\u00e9c\u00e9dente parce que nous \u00e9tions dans le studio de Tim, un grand studio \u00e0 Polegate, alors l&rsquo;ambiance \u00e9tait tr\u00e8s calme, tr\u00e8s relax, et nous pouvions simplement travailler \u00e0 notre rythme. C&rsquo;est peut-\u00eatre pour \u00e7a que c&rsquo;est un si bon album.<\/div>\n<div id=\"Q7\" class=\"question\">Tim, how is it to have now 3 other voices to give their opinions on the songs?<\/div>\n<div id=\"Tim6\" class=\"itw1\">C&rsquo;est bien, 4 t\u00eates valent mieux qu&rsquo;une seule, 4 t\u00eates valent mieux que 3. C&rsquo;est bien. Evidemment cela veut dire qu&rsquo;il y a une personne de plus avec laquelle d\u00e9battre mais vous devez vous rendre compte que c&rsquo;est une bonne chose dans le processus cr\u00e9atif. Jesse est tr\u00e8s bon pour avoir un point de vue diff\u00e9rent sur les chansons, d\u00e8s le d\u00e9but du processus, alors il a beaucoup travaill\u00e9 avec moi sur les d\u00e9mos, et a amen\u00e9 beaucoup d&rsquo;id\u00e9es, a aid\u00e9 \u00e0 fa\u00e7onner le son, c&rsquo;\u00e9tait g\u00e9nial.<\/div>\n<div id=\"Q8\" class=\"question\">Is that Jesse's main addition... basically what's Jesse main addition to the band? Apart from being a good fellow I guess?<\/div>\n<div id=\"Jesse5\" class=\"itw2\">Je ne suis pas si bon.<\/div>\n<div id=\"Tim7\" class=\"itw1\">Sa beaut\u00e9, son charisme&#8230;<\/div>\n<div id=\"Jesse6\" class=\"itw2\">Oui, clairement pas la musique, tout sauf la musique!<\/div>\n<div id=\"Q9\" class=\"question\">It's a hard question!<\/div>\n<div id=\"Tim8\" class=\"itw1\">Non, beaucoup de choses&#8230; Jesse est un bien meilleur musicien que nous autres. Personnellement je pense que nous partageons une approche obsessive de la musique mais nous adorons \u00e7a. Alors d&rsquo;avoir Jesse sur le pont d\u00e8s le d\u00e9but des chansons&#8230; je faisais une d\u00e9mo et je lui envoyais, et il changeait pas mal de sons, et cr\u00e9ait une nouvelle version en quelque sorte qui sonnait bien mieux, alors c&rsquo;est formidable d&rsquo;avoir quelqu&rsquo;un qui \u00e9coute avec une oreille nouvelle et beaucoup d&rsquo;id\u00e9es cr\u00e9atives, et quelqu&rsquo;un qui souhaite vraiment s&rsquo;investir pour faire le meilleur album possible d\u00e8s le d\u00e9part, et cela prend beaucoup de temps&#8230;<\/div>\n<div id=\"Jesse7\" class=\"itw2\">Oui.<\/div>\n<div id=\"Tim9\" class=\"itw1\">&#8230; beaucoup de patience pour faire \u00e7a, alors vous devez avoir une esp\u00e8ce de d\u00e9vouement maladif.<\/div>\n<div id=\"Q10\" class=\"question\">It's funny cos you say it's a new fresh opinion but critics and fans seem to think it's a back to the roots album, with more piano songs like in \"Hopes and fears\", and locally too with the gigs in Bexhill... What is like a conscious decision or did it just happen?<\/div>\n<div id=\"Tim10\" class=\"itw1\">Je ne sais pas vraiment&#8230; C&rsquo;est vrai que c&rsquo;est tr\u00e8s piano, mais je ne pense pas qu&rsquo;on retourne vers le premier album. Je pense que si vous \u00e9coutez \u00ab\u00a0Hopes and Fears\u00a0\u00bb et \u00ab\u00a0Strangeland\u00a0\u00bb ensemble ils ne sonnent pas vraiment pareil. Les textures du nouvel album sont beaucoup plus vari\u00e9es, le premier album c&rsquo;est vraiment beaucoup de piano et rien d&rsquo;autre, alors que cet album est plus atmosph\u00e9rique, plus int\u00e9ressant d&rsquo;un point de vue son, avec plus de couches et des textures atmosph\u00e9riques. Je pense que c&rsquo;est un album bien plus int\u00e9ressant que \u00ab\u00a0Hopes and Fears\u00a0\u00bb sur de nombreux points, notamment sur le plan \u00e9motionnel&#8230; Je pense que la seule chose \u00e0 laquelle on voulait retourner \u00e9tait une vraie qualit\u00e9 d&rsquo;\u00e9criture des chansons, et \u00eatre assez accessible pour que les gens qui entendent la chanson pour la premi\u00e8re fois en tombe amoureux avec un peu de chance.<\/div>\n<div id=\"Jesse8\" class=\"itw2\">Dan Grech, qui a produit l&rsquo;album, voulait ramener les choses qui ont fait qu&rsquo;il aimait Keane au d\u00e9part, comme le piano, un piano pr\u00e9sent, et ce genre de choses, et la voix de Tom met ces choses en avant, pour amener tout cela au premier plan avec moins de synth\u00e9tiseurs et ce genre de choses je pense.<\/div>\n<div id=\"Q11\" class=\"question\">Was it a hard album to make or was it an easy flow to go through?<\/div>\n<div id=\"Tim11\" class=\"itw1\">Je n&rsquo;ai jamais particip\u00e9 \u00e0 la r\u00e9alisation d&rsquo;un album qui ait \u00e9t\u00e9 facile \u00e0 faire! Non pas que j&rsquo;ai beaucoup d&rsquo;exp\u00e9rience dans le domaine mais non, ce n&rsquo;\u00e9tait pas du tout facile. C&rsquo;\u00e9tait fun! L&rsquo;\u00e9criture des chansons \u00e9tait difficile, et je pense que la premi\u00e8re moiti\u00e9 de l&rsquo;ann\u00e9e derni\u00e8re \u00e9tait compliqu\u00e9e, pour trouver la bonne approche pour les chansons, mais une fois toute cette pr\u00e9paration faite alors Dan est arriv\u00e9 et tout a commenc\u00e9 \u00e0 \u00eatre assez facile, nous avions pos\u00e9 ces fondations. Nous avions les chansons, nous avions la plupart des id\u00e9es, nous savions comment nous voulions que cela sonne, alors c&rsquo;\u00e9tait agr\u00e9able de laisser quelqu&rsquo;une d&rsquo;autre participer, d&rsquo;engager un producteur pour se soucier des petits d\u00e9tails, cette partie \u00e9tait fun et facile. Mais m\u00eame les parties difficiles sont sympa, m\u00eame lorsqu&rsquo;on se dispute sur des points, c&rsquo;est bien quand tout le monde s&rsquo;implique et participe au d\u00e9bat.<\/div>\n<div id=\"Jesse9\" class=\"itw2\">Quand on aime la musique, s&rsquo;asseoir pour travailler un morceau de piano plusieurs fois dans la journ\u00e9e, m\u00eame si on ne joue pas de piano, il y a toujours un truc qui fait que c&rsquo;est revigorant, bizarrement.<\/div>\n<div id=\"Q12\" class=\"question\">There are 4 extra songs on the deluxe edition, was it hard to make the decision on which songs were to be on the album and which ones would be the bonus ones?<\/div>\n<div id=\"Tim12\" class=\"itw1\">Je pense que oui. Ce sont des chansons sur lequelles nous avons travaill\u00e9 comme des chansons potentielles pour l&rsquo;album au d\u00e9but du processus, mais je pense que la seule pour laquelle je suis vraiment triste qu&rsquo;elle ne soit pas sur l&rsquo;album c&rsquo;est \u00ab\u00a0Strangeland\u00a0\u00bb, parce que j&rsquo;aime beaucoup cette chanson. C&rsquo;\u00e9tait difficile mais je pense qu&rsquo;on peut sentir la diff\u00e9rence entre les chansons : \u00ab\u00a0Run with me\u00a0\u00bb a un c\u00f4t\u00e9 un peu plus \u00ab\u00a0Perfect Symmetry\u00a0\u00bb, \u00ab\u00a0The boys\u00a0\u00bb ne sonne pas comme le reste de \u00ab\u00a0Strangeland\u00a0\u00bb. Un des principes pour trancher \u00e9tait d&rsquo;essayer de trouver 12 chansons qui allaient vraiment bien ensemble, et qui racontaient une histoire, et tout ce qui ne collait pas vraiment se retrouvait sur la pile des chansons bonus. Mais j&rsquo;aime vraiment ces chansons. Il y a eu beaucoup de travail sur celles-ci, surtout pour \u00ab\u00a0Run with me\u00a0\u00bb.<\/div>\n<div id=\"Q13\" class=\"question\">And do you have any b-sides left for the singles?<\/div>\n<div id=\"Tim13\" class=\"itw1\">Il y a beaucoup de chansons, je ne sais pas combien d&rsquo;autres nous avons enregistr\u00e9&#8230; Est-ce qu&rsquo;il y en a d&rsquo;autres? Oh il y a \u00ab\u00a0Myth\u00a0\u00bb&#8230;<\/div>\n<div id=\"Jesse10\" class=\"itw2\">Il y a aussi les chansons que nous n&rsquo;avons pas encore essay\u00e9 de jouer.<\/div>\n<div id=\"Tim14\" class=\"itw1\">Il y a tellement de chansons et je pense des vraiment bonnes dans le lot, mais nous devons simplement trouver le temps de les enregistrer.<\/div>\n<div id=\"Q14\" class=\"question\">We were listening to the album in the car this weekend, rehearsing for tonight as it's brand new, and I thought it was a great soundtrack for a road trip, especially as the sun was setting in the background. What would be your ideal\/dream road trip and what would its soundtrack be?<\/div>\n<div id=\"Jesse11\" class=\"itw2\">C&rsquo;est une question facile pour moi parce que j&rsquo;ai toujours voulu faire la classique Route 66 dans une vieille d\u00e9capotable, mais pas une d\u00e9capotable de luxe, une caboss\u00e9e des ann\u00e9es 70 ou par l\u00e0, et juste \u00e9couter du Chuck Berry, Bruce Springsteen, ou quoique ce soit de tr\u00e8s am\u00e9ricain! (rires)<\/div>\n<div id=\"Tim15\" class=\"itw1\">Je l&rsquo;ai fait et c&rsquo;\u00e9tait merveilleux, je le recommande fortement. Nous n&rsquo;avions pas pris de CD donc nous sommes simplement all\u00e9 dans les stations services pour acheter ce qu&rsquo;ils avaient, des stations services bizarres au milieu de nulle part, alors nous nous sommes retrouv\u00e9s avec un CD de musique folkorique colombienne, un best-of de Johnny Cash et un CD de Willie Nelson&#8230;<\/div>\n<div id=\"Jesse12\" class=\"itw2\">That sounds perfect!<\/div>\n<div id=\"Tim16\" class=\"itw1\">C&rsquo;\u00e9tait g\u00e9nial! En fait j&rsquo;avais aussi un CD d&rsquo;ABBA que j&rsquo;avais grav\u00e9 avec mon ordinateur parce que nous d\u00e9sesp\u00e9rions de trouver autre chose que de l&rsquo;Americana. C&rsquo;\u00e9tait merveilleux, c&rsquo;est le meilleur road trip qu&rsquo;on puisse faire.<\/div>\n<div id=\"Q15\" class=\"question\">En \u00e9coutant l&rsquo;album je me suis surpris \u00e0 mimer la batterie, sur \u00ab\u00a0Sovereign light cafe\u00a0\u00bb par exemple, ce qui est une premi\u00e8re pour moi avec Keane! Est-ce que vous avez particuli\u00e8rement travaill\u00e9 la partie batterie sur cette album?<\/div>\n<div id=\"Tim17\" class=\"itw1\">Je pense que Richard joue particuli\u00e8rement bien sur cet album, il a assur\u00e9. Et je pense que ce sont des chansons assez fun \u00e0 jouer, il y a beaucoup d&rsquo;\u00e9nergie dans ces chansons, nous les avons tellement jou\u00e9es avant de les enregistrer, et je pense qu&rsquo;on peut sentir cet enthousiasme. Il y a beaucoup de rythme \u00e9galement, \u00ab\u00a0Sovereign light cafe\u00a0\u00bb, \u00ab\u00a0Silenced by the night\u00a0\u00bb et \u00ab\u00a0You are young\u00a0\u00bb.<\/div>\n<div id=\"Q16\" class=\"question_suite\">Well we'll see how it goes live!<\/div>\n<div id=\"Tim18\" class=\"itw1\">It's gonna be good!<\/div>\n<div id=\"Q17\" class=\"question\">Have you ever thought of or being contacted to put your songs on video games like Rock Band? They have a keyboard now!<\/div>\n<div id=\"Jesse13\" class=\"itw2\">La soeur de ma femme \u00e0 un jeu qui propose quelques chansons de Keane, je pense que c&rsquo;est Rock band&#8230; je ne sais pas, ou un Karaoke (ndkfr : c&rsquo;est Sing Star). Je ne pense pas qu&rsquo;on sera jamais sur Guitar Hero, ou Piano Hero.<\/div>\n<div id=\"Tim19\" class=\"itw1\">Je pense que ces jeux sont g\u00e9niaux!<\/div>\n<div id=\"Q18\" class=\"question_suite\">It is! I have it at home and it's even more fun to play, especially with the keyboard as they've added more pop songs, so it'd be great to see some Keane ones.<\/div>\n<div id=\"Tim20\" class=\"itw1\">Ce serait chouette mais je ne pense pas que \u00e7a d\u00e9pende de nous!<\/div>\n<div id=\"Q19\" class=\"question\">And what about Mt. Desolation? Do you guys have some further plans after this Keane album?<\/div>\n<div id=\"Jesse14\" class=\"itw2\">Nous avons tous les deux envie de faire plus de chansons, c&rsquo;\u00e9tait tellement chouette, il y avait tellement peu de pression, m\u00eame avant qu&rsquo;on l&rsquo;enregistre, pour que l&rsquo;album soit publi\u00e9, ce qui a rendu le tout tr\u00e8s sympa. Nous n&rsquo;avions rien d&rsquo;autre que la musique dont nous pr\u00e9occuper, donc c&rsquo;\u00e9tait g\u00e9nial.<\/div>\n<div id=\"Tim21\" class=\"itw1\">La tourn\u00e9e \u00e9tait fun aussi. Nous avons \u00e9t\u00e9 g\u00e2t\u00e9s de faire partie de la tourn\u00e9e de Mumford and Sons en Am\u00e9rique pour une semaine, c&rsquo;\u00e9tait g\u00e9nial.<\/div>\n<div id=\"Jesse15\" class=\"itw2\">Oui parce que quand on est en premi\u00e8re partie il n&rsquo;y a pas de pression, et vous pouvez les laisser se pr\u00e9occuper de rendre la soir\u00e9e bonne, alors on l&rsquo;a simplement fait et les gens ont appr\u00e9ci\u00e9.<\/div>\n<div id=\"Q20\" class=\"question\">And how did it work with all the collaborations, with all the band members?<\/div>\n<div id=\"Tim22\" class=\"itw1\">C&rsquo;\u00e9tait chaotique mais c&rsquo;\u00e9tait excellent, beaucoup de super musiciens&#8230; et puis nous! (rires) Ce serait sympa de travailler avec des gens diff\u00e9rents, de faire d&rsquo;autres albums avec des gens diff\u00e9rents \u00e0 chaque fois. Quand nous avons fini les tourn\u00e9e nous avions un tr\u00e8s bon rapport au sein &#8211; j&rsquo;allais te demander si tu connaissais le mot \u00ab\u00a0rapport\u00a0\u00bb mais c&rsquo;est du fran\u00e7ais&#8230; &#8211; au sein du groupe, et ce serait chouette de tous se revoir je pense, si nous pouvons r\u00e9unir la dream team, si nous pouvons nous les payer! Ce serait chouette.<\/div>\n<div id=\"Q21\" class=\"question\">Did working on this side project helped you with the new Keane album or are they to completely different things?<\/div>\n<div id=\"Tim23\" class=\"itw1\">Je pense que \u00e7a a clairement aid\u00e9, cela a modifi\u00e9 la fa\u00e7on d&rsquo;\u00e9crire les chanson. C&rsquo;est un album tr\u00e8s \u00e9motionnel, qui vient du coeur&#8230; \u00e9crire instinctivement, ne pas avoir \u00e0 se soucier de ce qu&rsquo;il y a \u00e0 faire avec Keane ou de ce que les gens vont penser de l&rsquo;album de Keane quand il va sortir. C&rsquo;\u00e9tait sympa d&rsquo;\u00e9crire des chansons d&rsquo;amour d\u00e9licates et c&rsquo;est le genre de chanson que j&rsquo;aime \u00e9crire et auxquelles les gens s&rsquo;identifient vraiment. Alors je voulais essayer plus de choses comme \u00e7a sur l&rsquo;album de Keane. Et jouer ensemble en tant que groupe, un peu comme nous l&rsquo;avons fait pour l&rsquo;album de Mt. Desolation, a rendu les choses plus naturelles et rebondir sur les id\u00e9es de chacun, se nourrir les uns les autres de l&rsquo;\u00e9nergie pr\u00e9sente dans la pi\u00e8ce a clairement amen\u00e9 la m\u00eame approche pour l&rsquo;album de Keane \u00e9galement, donc c&rsquo;\u00e9tait assez sympa, clairement une am\u00e9lioration je dirais.<\/div>\n<div id=\"Q22\" class=\"question_suite\">It was nice to hear something different from Keane, at least from you guys...<\/div>\n<div id=\"Tim24\" class=\"itw1\">Nous aimons tous les deux la musique, et beaucoup de styles diff\u00e9rents. J&rsquo;aime ces chansons maintenant, je pense que les chansons sont vraiment bonnes, c&rsquo;est peut-\u00eatre un peu se vanter mais c&rsquo;est ce que je pense. Et maintenant nous avons pris confiance en notre chant alors&#8230;<\/div>\n<div id=\"Jesse16\" class=\"itw2\">Nous devons laisser un professionnel le faire la prochaine fois! (rires)<\/div>\n<div id=\"Tim25\" class=\"itw1\">En fait c&rsquo;est \u00e7a le truc, tu te dis que ce serait formidable d&rsquo;avoir Tom au chant sur ces chansons et puis une petite voix en nous nous a dit qu&rsquo;on pouvait le faire nous m\u00eame.<\/div>\n<div id=\"Q22b\" class=\"question_suite\">You can afford it it's folk music, see Bob Dylan! (laughs)<\/div>\n<div id=\"Q23\" class=\"question\">To conclude Jesse, it's your first interview with us and every band member had to go through this... do you know any French songs?<\/div>\n<div id=\"Jesse17\" class=\"itw2\">Tu sais la premi\u00e8re chose qui m&rsquo;est pass\u00e9 par la t\u00eate n&rsquo;est m\u00eame pas une chanson fran\u00e7aise mais elle en dit beaucoup sur ma personnalit\u00e9 parce que la premi\u00e8re chose que j&rsquo;ai entendu dans ma t\u00eate \u00e9tait \u00ab\u00a0Voulez-vous coucher avec moi ce soir?\u00a0\u00bb (rires). J&rsquo;imagine qu&rsquo;il y a beaucoup d&rsquo;artistes fran\u00e7ais n&rsquo;est-ce pas, et des chansons passent \u00e0 la radio de temps en temps. Est-ce que les gens \u00e9coutent encore Serge Gainsbourg?<\/div>\n<div id=\"Q24\" class=\"question_suite\">They do, it's classics now so you hear them on the radio.<\/div>\n<div id=\"Jesse18\" class=\"itw2\">Il y a des super histoires de sexe il me semble avec c&rsquo;est quoi son nom d\u00e9j\u00e0?<\/div>\n<div id=\"Tim26\" class=\"itw1\">Jane Birkin.<\/div>\n<div id=\"Jesse19\" class=\"itw2\">Voil\u00e0, apparemment ils faisaient l&rsquo;amour pendant les enregistrements et je me disais \u00ab\u00a0Est-ce que vous avez d\u00e9j\u00e0 \u00e9t\u00e9 dans un studio d&rsquo;enregistrement?\u00a0\u00bb (rires)<\/div>\n<div id=\"Q25\" class=\"question_suite\">So tell us about sex during the recording of \"Strangeland\"... (laughs)<\/div>\n<div id=\"Jesse20\" class=\"itw2\">Il n&rsquo;y a rien de sexuel dans le fait de faire un album, c&rsquo;est dr\u00f4lement fatiguant!<\/div>\n<div id=\"Q26\" class=\"question_suite\">Well it was a different era too. I saw a documentary about the Stones recording an album in the South of France...<\/div>\n<div id=\"Tous1\" class=\"itwtous\">Both : Yes!<\/div>\n<div id=\"Q27\" class=\"question_suite\">And it seemed it wasn't much about recording music...<\/div>\n<div id=\"Tim27\" class=\"itw1\">Oui c&rsquo;\u00e9tait le chaos!<\/div>","protected":false},"excerpt":{"rendered":"<p>Keane.fr : Comment vas-tu Tim? Tim : Tr\u00e8s bien. Et comment est-ce que vous trouvez la salle ce soir? C&rsquo;est tr\u00e8s joli. C&rsquo;est g\u00e9nial, le son est bon, c&rsquo;est tr\u00e8s luxueux&#8230; c&rsquo;est comme \u00eatre dans une salle d&rsquo;op\u00e9ra en&#8230; Jesse : France! (rire) C&rsquo;est comme \u00eatre dans une salle d&rsquo;op\u00e9ra \u00e0 Paris. Alors cela fait [&hellip;]<\/p>\n","protected":false},"author":1,"featured_media":0,"parent":0,"menu_order":2,"comment_status":"closed","ping_status":"closed","template":"","meta":{"ocean_post_layout":"","ocean_both_sidebars_style":"","ocean_both_sidebars_content_width":0,"ocean_both_sidebars_sidebars_width":0,"ocean_sidebar":"0","ocean_second_sidebar":"0","ocean_disable_margins":"enable","ocean_add_body_class":"","ocean_shortcode_before_top_bar":"","ocean_shortcode_after_top_bar":"","ocean_shortcode_before_header":"","ocean_shortcode_after_header":"","ocean_has_shortcode":"","ocean_shortcode_after_title":"","ocean_shortcode_before_footer_widgets":"","ocean_shortcode_after_footer_widgets":"","ocean_shortcode_before_footer_bottom":"","ocean_shortcode_after_footer_bottom":"","ocean_display_top_bar":"default","ocean_display_header":"default","ocean_header_style":"","ocean_center_header_left_menu":"0","ocean_custom_header_template":"0","ocean_custom_logo":0,"ocean_custom_retina_logo":0,"ocean_custom_logo_max_width":0,"ocean_custom_logo_tablet_max_width":0,"ocean_custom_logo_mobile_max_width":0,"ocean_custom_logo_max_height":0,"ocean_custom_logo_tablet_max_height":0,"ocean_custom_logo_mobile_max_height":0,"ocean_header_custom_menu":"0","ocean_menu_typo_font_family":"0","ocean_menu_typo_font_subset":"","ocean_menu_typo_font_size":0,"ocean_menu_typo_font_size_tablet":0,"ocean_menu_typo_font_size_mobile":0,"ocean_menu_typo_font_size_unit":"px","ocean_menu_typo_font_weight":"","ocean_menu_typo_font_weight_tablet":"","ocean_menu_typo_font_weight_mobile":"","ocean_menu_typo_transform":"","ocean_menu_typo_transform_tablet":"","ocean_menu_typo_transform_mobile":"","ocean_menu_typo_line_height":0,"ocean_menu_typo_line_height_tablet":0,"ocean_menu_typo_line_height_mobile":0,"ocean_menu_typo_line_height_unit":"","ocean_menu_typo_spacing":0,"ocean_menu_typo_spacing_tablet":0,"ocean_menu_typo_spacing_mobile":0,"ocean_menu_typo_spacing_unit":"","ocean_menu_link_color":"","ocean_menu_link_color_hover":"","ocean_menu_link_color_active":"","ocean_menu_link_background":"","ocean_menu_link_hover_background":"","ocean_menu_link_active_background":"","ocean_menu_social_links_bg":"","ocean_menu_social_hover_links_bg":"","ocean_menu_social_links_color":"","ocean_menu_social_hover_links_color":"","ocean_disable_title":"default","ocean_disable_heading":"default","ocean_post_title":"","ocean_post_subheading":"","ocean_post_title_style":"","ocean_post_title_background_color":"","ocean_post_title_background":0,"ocean_post_title_bg_image_position":"","ocean_post_title_bg_image_attachment":"","ocean_post_title_bg_image_repeat":"","ocean_post_title_bg_image_size":"","ocean_post_title_height":0,"ocean_post_title_bg_overlay":0.5,"ocean_post_title_bg_overlay_color":"","ocean_disable_breadcrumbs":"default","ocean_breadcrumbs_color":"","ocean_breadcrumbs_separator_color":"","ocean_breadcrumbs_links_color":"","ocean_breadcrumbs_links_hover_color":"","ocean_display_footer_widgets":"default","ocean_display_footer_bottom":"default","ocean_custom_footer_template":"0","footnotes":""},"class_list":["post-1816","page","type-page","status-publish","hentry","entry"],"_links":{"self":[{"href":"https:\/\/www.keane.fr\/en\/wp-json\/wp\/v2\/pages\/1816","targetHints":{"allow":["GET"]}}],"collection":[{"href":"https:\/\/www.keane.fr\/en\/wp-json\/wp\/v2\/pages"}],"about":[{"href":"https:\/\/www.keane.fr\/en\/wp-json\/wp\/v2\/types\/page"}],"author":[{"embeddable":true,"href":"https:\/\/www.keane.fr\/en\/wp-json\/wp\/v2\/users\/1"}],"replies":[{"embeddable":true,"href":"https:\/\/www.keane.fr\/en\/wp-json\/wp\/v2\/comments?post=1816"}],"version-history":[{"count":1,"href":"https:\/\/www.keane.fr\/en\/wp-json\/wp\/v2\/pages\/1816\/revisions"}],"predecessor-version":[{"id":3023,"href":"https:\/\/www.keane.fr\/en\/wp-json\/wp\/v2\/pages\/1816\/revisions\/3023"}],"wp:attachment":[{"href":"https:\/\/www.keane.fr\/en\/wp-json\/wp\/v2\/media?parent=1816"}],"curies":[{"name":"wp","href":"https:\/\/api.w.org\/{rel}","templated":true}]}}