{"id":1897,"date":"2020-02-22T11:25:20","date_gmt":"2020-02-22T10:25:20","guid":{"rendered":"http:\/\/www.keane.fr\/?page_id=1897"},"modified":"2023-12-14T00:32:51","modified_gmt":"2023-12-13T23:32:51","slug":"tim-jesse-21-janvier-2020","status":"publish","type":"page","link":"https:\/\/www.keane.fr\/en\/interviews\/tim-jesse-21-janvier-2020\/","title":{"rendered":"Tim Rice-Oxley &#038; Jesse Quin &#8211; 21 janvier 2020"},"content":{"rendered":"\t\t<div data-elementor-type=\"wp-page\" data-elementor-id=\"1897\" class=\"elementor elementor-1897\">\n\t\t\t\t\t\t<section class=\"elementor-section elementor-top-section elementor-element elementor-element-8d8e57e elementor-section-boxed elementor-section-height-default elementor-section-height-default\" data-id=\"8d8e57e\" data-element_type=\"section\" data-e-type=\"section\">\n\t\t\t\t\t\t<div class=\"elementor-container elementor-column-gap-default\">\n\t\t\t\t\t<div class=\"elementor-column elementor-col-33 elementor-top-column elementor-element elementor-element-61db3e8\" data-id=\"61db3e8\" data-element_type=\"column\" data-e-type=\"column\">\n\t\t\t<div class=\"elementor-widget-wrap\">\n\t\t\t\t\t\t\t<\/div>\n\t\t<\/div>\n\t\t\t\t<div class=\"elementor-column elementor-col-33 elementor-top-column elementor-element elementor-element-dff8f59\" data-id=\"dff8f59\" data-element_type=\"column\" data-e-type=\"column\">\n\t\t\t<div class=\"elementor-widget-wrap elementor-element-populated\">\n\t\t\t\t\t\t<div class=\"elementor-element elementor-element-96bff3b elementor-widget elementor-widget-video\" data-id=\"96bff3b\" data-element_type=\"widget\" data-e-type=\"widget\" data-settings=\"{&quot;youtube_url&quot;:&quot;https:\\\/\\\/youtu.be\\\/1bTPmIE0OAk&quot;,&quot;video_type&quot;:&quot;youtube&quot;,&quot;controls&quot;:&quot;yes&quot;}\" data-widget_type=\"video.default\">\n\t\t\t\t<div class=\"elementor-widget-container\">\n\t\t\t\t\t\t\t<div class=\"elementor-wrapper elementor-open-inline\">\n\t\t\t<div class=\"elementor-video\"><\/div>\t\t<\/div>\n\t\t\t\t\t\t<\/div>\n\t\t\t\t<\/div>\n\t\t\t\t\t<\/div>\n\t\t<\/div>\n\t\t\t\t<div class=\"elementor-column elementor-col-33 elementor-top-column elementor-element elementor-element-f4ca57e\" data-id=\"f4ca57e\" data-element_type=\"column\" data-e-type=\"column\">\n\t\t\t<div class=\"elementor-widget-wrap elementor-element-populated\">\n\t\t\t\t\t\t<div class=\"elementor-element elementor-element-78035ec elementor-widget elementor-widget-heading\" data-id=\"78035ec\" data-element_type=\"widget\" data-e-type=\"widget\" data-widget_type=\"heading.default\">\n\t\t\t\t<div class=\"elementor-widget-container\">\n\t\t\t\t\t<h2 class=\"elementor-heading-title elementor-size-default\">Select a language \n<div class=\"trp_language_switcher_shortcode\">\n<div class=\"trp-language-switcher trp-language-switcher-container\" data-no-translation >\n    <div class=\"trp-ls-shortcode-current-language\">\n        <a href=\"#\" class=\"trp-ls-shortcode-disabled-language trp-ls-disabled-language\" title=\"English (UK)\" onclick=\"event.preventDefault()\">\n\t\t\t English (UK)\t\t<\/a>\n    <\/div>\n    <div class=\"trp-ls-shortcode-language\">\n                <a href=\"#\" class=\"trp-ls-shortcode-disabled-language trp-ls-disabled-language\"  title=\"English (UK)\" onclick=\"event.preventDefault()\">\n\t\t\t English (UK)\t\t<\/a>\n                    <a href=\"https:\/\/www.keane.fr\/en\/wp-json\/wp\/v2\/pages\/1897#TRPLINKPROCESSED\" title=\"Fran\u00e7ais\">\n             Fran\u00e7ais        <\/a>\n\n        <\/div>\n    <script type=\"application\/javascript\">\n        \/\/ need to have the same with set from JS on both divs. Otherwise it can push stuff around in HTML\n        var trp_ls_shortcodes = document.querySelectorAll('.trp_language_switcher_shortcode .trp-language-switcher');\n        if ( trp_ls_shortcodes.length > 0) {\n            \/\/ get the last language switcher added\n            var trp_el = trp_ls_shortcodes[trp_ls_shortcodes.length - 1];\n\n            var trp_shortcode_language_item = trp_el.querySelector( '.trp-ls-shortcode-language' )\n            \/\/ set width\n            var trp_ls_shortcode_width                                               = trp_shortcode_language_item.offsetWidth + 16;\n            trp_shortcode_language_item.style.width                                  = trp_ls_shortcode_width + 'px';\n            trp_el.querySelector( '.trp-ls-shortcode-current-language' ).style.width = trp_ls_shortcode_width + 'px';\n\n            \/\/ We're putting this on display: none after we have its width.\n            trp_shortcode_language_item.style.display = 'none';\n        }\n    <\/script>\n<\/div>\n<\/div><\/h2>\t\t\t\t<\/div>\n\t\t\t\t<\/div>\n\t\t\t\t\t<\/div>\n\t\t<\/div>\n\t\t\t\t\t<\/div>\n\t\t<\/section>\n\t\t\t\t<section class=\"elementor-section elementor-top-section elementor-element elementor-element-5fc435ee elementor-section-boxed elementor-section-height-default elementor-section-height-default\" data-id=\"5fc435ee\" data-element_type=\"section\" data-e-type=\"section\" data-settings=\"{&quot;background_background&quot;:&quot;classic&quot;}\">\n\t\t\t\t\t\t<div class=\"elementor-container elementor-column-gap-default\">\n\t\t\t\t\t<div class=\"elementor-column elementor-col-100 elementor-top-column elementor-element elementor-element-16745421\" data-id=\"16745421\" data-element_type=\"column\" data-e-type=\"column\" data-settings=\"{&quot;background_background&quot;:&quot;classic&quot;}\">\n\t\t\t<div class=\"elementor-widget-wrap elementor-element-populated\">\n\t\t\t\t\t\t<div class=\"elementor-element elementor-element-f23bb89 elementor-widget elementor-widget-heading\" data-id=\"f23bb89\" data-element_type=\"widget\" data-e-type=\"widget\" data-widget_type=\"heading.default\">\n\t\t\t\t<div class=\"elementor-widget-container\">\n\t\t\t\t\t<h2 class=\"elementor-heading-title elementor-size-default\">Interview - Olympia (Paris) - 21 janvier 2020<\/h2>\t\t\t\t<\/div>\n\t\t\t\t<\/div>\n\t\t\t\t<div class=\"elementor-element elementor-element-316c893e elementor-widget elementor-widget-text-editor\" data-id=\"316c893e\" data-element_type=\"widget\" data-e-type=\"widget\" data-widget_type=\"text-editor.default\">\n\t\t\t\t<div class=\"elementor-widget-container\">\n\t\t\t\t\t\t\t\t\t<p><\/p>\n<p>(Phases)<\/p>\n<p><\/p>\n<p><em>Tim, tes compositions sont inspir\u00e9es principalement de tes exp\u00e9riences personnelles. Votre dernier album concerne ce que tu as travers\u00e9 il y a quelques ann\u00e9es. As-tu d\u00e9j\u00e0 \u00e9crit des chansons sur la prochaine \u00e9tape de ta vie ?<\/em><\/p>\n<p><\/p>\n<p><strong>(Tim) Je ne sais pas \u2026 J\u2019ai \u00e9crit quelques chansons r\u00e9cemment. Mais je ne sais pas vraiment de quoi elles parlent, je ne suis pas vraiment s\u00fbr de conna\u00eetre la prochaine \u00e9tape de ma vie. Je pense que, si j&rsquo;\u00e9cris sur quelque chose en ce moment, cela concerne probablement juste l\u2019incertitude de la vie (rires). Donc encore des chansons joyeuses (rires). Je trouve qu&rsquo;il me faut beaucoup de temps pour exprimer clairement ce que je veux dire \u00e0 propos de quoi que ce soit, des ann\u00e9es.<\/strong><\/p>\n<p><\/p>\n<p><em>C&rsquo;est un long processus donc ?<\/em><\/p>\n<p><\/p>\n<p><strong>(Tim) Oui, c&rsquo;est un long processus. Je pense que si vous voulez dire quelque chose &#8211; enfin, pour moi en tout cas &#8211; si je veux dire quelque chose qui a du sens, il me faut beaucoup de temps pour comprendre ce que je veux dire. Et je pense que j&rsquo;ai besoin d&rsquo;un peu de perspective sur la vie pour faire \u00e7a. Alors, oui, \u00e7a prend des ann\u00e9es. Je suis tr\u00e8s lent.<\/strong><\/p>\n<p><\/p>\n<p>\u2014\u2014\u2014\u2014<\/p>\n<p><\/p>\n<p><em>(The Way I Feel)<\/em><\/p>\n<p><\/p>\n<p><em>Quand avez vous ri et pleur\u00e9 pour la derni\u00e8re fois ?<\/em><\/p>\n<p><\/p>\n<p><strong>(Jesse) Nous rigolons tout le temps, n\u2019est-ce pas ? Vraiment beaucoup.<\/strong><\/p>\n<p><\/p>\n<p><strong>(Tim) Oui c\u2019est vrai.<\/strong><\/p>\n<p><\/p>\n<p><em>Qui est le blagueur du groupe ?<\/em><\/p>\n<p><\/p>\n<p><strong>(Jesse) Plus Tom maintenant, non ? Ces temps-ci, il est plus marrant qu\u2019auparavant (rires). Pas super marrant, mais \u2026<\/strong><\/p>\n<p><strong><\/strong><\/p>\n<p><strong>(Tim) Il essaie.<\/strong><\/p>\n<p><strong><\/strong><\/p>\n<p><strong>(Jesse) Il essaie vraiment.<\/strong><\/p>\n<p><strong><\/strong><\/p>\n<p><strong>(Tim) Non, il est tr\u00e8s dr\u00f4le. Je pense qu\u2019on a tous nos p\u00e9riodes, non ? Je suppose que nous avons partag\u00e9 beaucoup de moments ensemble, donc il y a de quoi rire. Et c\u2019est sympa que l\u2019on s\u2019amuse entre nous. Il y a beaucoup de temps morts, quand on est dans un groupe de musique, donc c\u2019est bien de pouvoir rigoler. Et parfois, vous avez besoin de rire un peu pour passer les moments difficiles.<\/strong><\/p>\n<p><\/p>\n<p><em>C\u2019est bien alors, vous riez plus que vous ne pleurez ces temps-ci.<\/em><\/p>\n<p><\/p>\n<p><strong>(Jesse) Oui, j\u2019esp\u00e8re bien. Je ne me souviens pas la derni\u00e8re fois que j\u2019ai pleur\u00e9 &#8230; Je pense que la derni\u00e8re fois c\u2019\u00e9tait en regardant \u00ab&nbsp;La M\u00e9thode Kominsky \u00bb, ou quelque chose comme \u00e7a. C\u2019\u00e9tait sens\u00e9 \u00eatre dr\u00f4le (rires).<\/strong><\/p>\n<p><\/p>\n<p>\u2014\u2014\u2014<\/p>\n<p><\/p>\n<p><em>(Tear Up This Town)<\/em><\/p>\n<p><\/p>\n<p><em>Voudriez-vous vous essayer aux concerts symphoniques ?<\/em><\/p>\n<p><\/p>\n<p><strong>(Jesse) Vous voulez dire &#8230; avec un orchestre ?<\/strong><\/p>\n<p><\/p>\n<p><em>Oui. Sur sc\u00e8ne.<\/em><\/p>\n<p><\/p>\n<p><strong>(Jesse) Je vais te dire ce qui serait sympa. Est-ce que tu te souviens quand nous \u00e9tions avec l\u2019arm\u00e9e chinoise, et que nous avons rencontr\u00e9 cet orchestre de folklore traditionnel chinois ? Travailler avec un orchestre qui utilise des instruments qui nous semblent incompr\u00e9hensibles. J\u2019adorerais faire \u00e7a, plut\u00f4t que de travailler avec un orchestre europ\u00e9en traditionnel.<\/strong><\/p>\n<p><strong><\/strong><\/p>\n<p><strong>(Tim) Je pense que ce serait vraiment int\u00e9ressant de pouvoir faire de la musique ensemble, ou plus particuli\u00e8rement en composer.<\/strong><\/p>\n<p><\/p>\n<p><em>Donc, faire quelque chose de nouveau ?<\/em><\/p>\n<p><\/p>\n<p><strong>(Tim) Oui, quelque chose de nouveau. J\u2019h\u00e9site toujours \u00e0 dire ce genre de choses, que nous ne ferons jamais telle ou telle chose. Parce que deux ans plus tard, on se retrouve \u00e0 la faire. Mais je trouve toujours \u00e7a un peu ringard quand les gens &#8230;<\/strong><\/p>\n<p><strong><\/strong><\/p>\n<p><strong>(Jesse) Font jouer un orchestre.<\/strong><\/p>\n<p><strong><\/strong><\/p>\n<p><strong>(Tim) Oui, ces \u00ab&nbsp;tourn\u00e9es avec orchestre&nbsp;\u00bb.<\/strong><\/p>\n<p><strong><\/strong><\/p>\n<p><strong>(Jesse) Ou alors \u00e7a colle, parce qu\u2019un orchestre a jou\u00e9 beaucoup de chansons de Queen [ndlr : Tom avait fait une tourn\u00e9e avec un orchestre qui jouait les chansons de Queen, en avril 2019]<\/strong><\/p>\n<p><strong><\/strong><\/p>\n<p><strong>(Tim) Oui \u2026<\/strong><\/p>\n<p><strong><\/strong><\/p>\n<p><strong>(Jesse) Il faudrait qu\u2019on soit fous.<\/strong><\/p>\n<p><strong><\/strong><\/p>\n<p><strong>(Tim) Je pense que ce serait super de faire quelque chose de nouveau, avec n\u2019importe quel orchestre. Mais j\u2019aime l\u2019id\u00e9e &#8211; comme quand nous \u00e9tions \u00e0 P\u00e9kin &#8211; d\u2019entendre un style de musique et des sons compl\u00e8tement nouveaux, pour moi en tout cas. C\u2019est assez excitant, parce que, parfois, vous pensez que vous avez tout entendu, et c\u2019est super d\u2019entendre des choses compl\u00e8tement nouvelles se cr\u00e9er.<\/strong><\/p>\n<p><\/p>\n<p><em>Donc, \u00e7a pourrait \u00eatre un \u00ab&nbsp;Night Train&nbsp;\u00bb &#8211; 2e volet.<\/em><\/p>\n<p><\/p>\n<p><strong>(Tim) Oui ce serait bien.<\/strong><\/p>\n<p><strong><\/strong><\/p>\n<p><strong>(Jesse) Fright train (le train de l\u2019angoisse)<\/strong><\/p>\n<p><\/p>\n<p>\u2014\u2014\u2014\u2014<\/p>\n<p><\/p>\n<p><em>(On the road)<\/em><\/p>\n<p><\/p>\n<p><em>Vous \u00eates en tourn\u00e9e depuis quelques mois maintenant. Qu\u2019est-ce que \u00e7a fait d\u2019\u00eatre sur la route \u00e0 nouveau &#8211; depuis tant d\u2019ann\u00e9es&nbsp;? Est-ce que des choses ont chang\u00e9 ?<\/em><\/p>\n<p><\/p>\n<p><strong>(Tim) J\u2019adore.<\/strong><\/p>\n<p><strong><\/strong><\/p>\n<p><strong>(Jesse) J\u2019ai l\u2019impression que beaucoup de choses ont chang\u00e9. C\u2019est \u00e0 la fois plus facile et plus difficile. Tu vois ce que je veux dire ? C\u2019est plus dur d\u2019\u00eatre loin de chez soi, parce qu\u2019on a tous une famille et des enfants. Mais c\u2019est plus facile dans le sens o\u00f9 nous sommes plus gentils avec nous m\u00eame en quelque sorte. Je veux dire, nous sommes plus en forme &#8230;<\/strong><\/p>\n<p><strong><\/strong><\/p>\n<p><strong>(Tim) Oui, nous en sommes tous au m\u00eame point dans nos vies, et cela t\u2019aide \u00e0 comprendre les besoins des autres.<\/strong><\/p>\n<p><\/p>\n<p><em>Est-ce que \u00e7a veut dire que vous \u00eates plus heureux qu\u2019avant ?<\/em><\/p>\n<p><\/p>\n<p><strong>(Tim) Je pense que, chaque jour, si vous \u00eates avec les m\u00eame quatre personnes tous les jours, cela aide de se comprendre et se soutenir mutuellement. Car autrement, si vous ne vous comprenez pas, et que les gens se f\u00e2chent ou sont contrari\u00e9s, et vous ne pouvez pas comprendre pourquoi, cela peut rendre le quotidien difficile. Et c\u2019est pareil dans toute relation. Mais c\u2019est beaucoup plus facile si vous faites l\u2019effort de vous comprendre, et de comprendre l\u2019autre.<\/strong><\/p>\n<p><strong><\/strong><\/p>\n<p><strong>(Jesse) C\u2019est bien d\u2019\u00eatre tous avec des enfants. C\u2019est comme si nous formions un peu un groupe de soutien, n\u2019est-ce pas ? Il y a toujours quelqu\u2019un qui a quelque chose qui le tracasse \u00e0 propos de son enfant. Nous disons tous \u00ab&nbsp;Je me suis inqui\u00e9t\u00e9 pour le mien parce que&#8230; bla-bla-bla&nbsp;\u00bb, et ensuite nous nous apportons du soutien, ce qui est vraiment bien. Particuli\u00e8rement pour les hommes, qui ne sont pas dou\u00e9s pour faire ce genre de choses.<\/strong><\/p>\n<p><\/p>\n<p>\u2014\u2014-<\/p>\n<p><\/p>\n<p><em>(Everybody\u2019s changing)<\/em><\/p>\n<p><\/p>\n<p><em>Votre communication en tant que groupe passe beaucoup par les r\u00e9seaux sociaux de nos jours. Est-ce que c\u2019\u00e9tait facile pour vous de vous habituer \u00e0 ce nouveau mode de communication&nbsp;?<\/em><\/p>\n<p><\/p>\n<p><strong>(Jesse) J\u2019ai l\u2019impression que les gens consid\u00e8rent que ce n\u2019est qu\u2019une seule chose, mais il y a bien plus derri\u00e8re. Il y a un \u00e9l\u00e9ment de diffusion de l\u2019information, essayer de faire passer l\u2019information aux gens. C\u2019est une chose. Mais la partie que je trouve difficile, c\u2019est d\u2019essayer de faire des choses qui semblent authentiques, vous voyez ? Plut\u00f4t que de bombarder les gens.<\/strong><\/p>\n<p><\/p>\n<p><em>Et est-ce que vous prenez part \u00e0 la strat\u00e9gie de communication sur les r\u00e9seaux sociaux du groupe, \u00e0 un certain point ? Ou est-ce que vous tweetez juste pour vous ?<\/em><\/p>\n<p><\/p>\n<p><strong>(Jesse) On le dit si quelque chose ne nous para\u00eet pas bien, non ?<\/strong><\/p>\n<p><strong><\/strong><\/p>\n<p><strong>(Tim) Oui, nous avons nos opinions \u00e0 ce sujet. Pour moi, la meilleure fa\u00e7on de faire est d\u2019\u00eatre authentique. Parce qu\u2019essayer d\u2019\u00eatre \u2026 certaines personnes sont tr\u00e8s naturelles avec \u00e7a, et elles sont tr\u00e8s dou\u00e9es pour \u00eatre folles ou super enthousiastes ou pour poster sans cesse de nouvelles choses. Et c\u2019est g\u00e9nial, cela convient tr\u00e8s bien aux r\u00e9seaux sociaux. Mais, si vous n\u2019\u00eates pas comme \u00e7a, et je ne pense pas que nous le soyons.<\/strong><\/p>\n<p><\/p>\n<p><em>Richard est sur les r\u00e9seaux sociaux depuis un bon moment d\u00e9j\u00e0, sur Twitter.<\/em><\/p>\n<p><\/p>\n<p><strong>(Jesse) Oui, il a beaucoup \u00e0 dire.<\/strong><\/p>\n<p><\/p>\n<p><em>Sur les v\u00e9los.<\/em><\/p>\n<p><\/p>\n<p><strong>(Jesse) Les v\u00e9los et le caf\u00e9.<\/strong><\/p>\n<p><strong><\/strong><\/p>\n<p><strong>(Tim) Mais son fil d\u2019actualit\u00e9 est une v\u00e9ritable repr\u00e9sentation de lui-m\u00eame, comme pour moi. Donc, nous devons toujours nous assurer que ce soit repr\u00e9sentatif de qui nous sommes.<\/strong><\/p>\n<p><strong><\/strong><\/p>\n<p><strong>(Jesse) Et ne pas le faire juste parce que nous sentons que c\u2019est ce qu\u2019on est cens\u00e9s faire.<\/strong><\/p>\n<p><strong><\/strong><\/p>\n<p><strong>(Tim) Nous n\u2019essayons pas de nous conformer \u00e0 une id\u00e9e de quelqu\u2019un d\u2019autre sur ce que nous devrions \u00eatre, j\u2019imagine.<\/strong><\/p>\n<p><\/p>\n<p><em>Et l\u2019ann\u00e9e derni\u00e8re, vous avez lanc\u00e9 le groupe Facebook \u00ab&nbsp;Thread&nbsp;\u00bb. Est-ce que vous y allez parfois, pour lire ce dont parlent les fans ?<\/em><\/p>\n<p><\/p>\n<p><strong>(Tim) &#8230; Non (rires) &#8230; Je ne suis m\u00eame pas sur Facebook. Mais les gens m\u2019en parlent parfois. Je pense que c\u2019est une tr\u00e8s bonne chose.<\/strong><\/p>\n<p><\/p>\n<p><em>Il y a beaucoup de choses qui s\u2019y passent.<\/em><\/p>\n<p><\/p>\n<p><strong>(Tim) Ah bon ? Qu\u2019est-ce qu\u2019on doit savoir ?<\/strong><\/p>\n<p><\/p>\n<p><em>Allez voir sur le groupe et vous le saurez.<\/em><\/p>\n<p><\/p>\n<p><strong>(Jesse) Il y avait un forum de discussion \u00e0 une \u00e9poque, n\u2019est-ce pas ? Est-ce que tu te rappelles comme le forum \u00e9tait \u00e0 la fois une b\u00e9n\u00e9diction et une mal\u00e9diction ? Car certaines personnes se disputaient \u00e0 propos de certaines choses, et elles devenaient d\u00e9sagr\u00e9ables entre elles.<\/strong><\/p>\n<p><\/p>\n<p><em>Mais il n\u2019y a pas beaucoup de disputes je pense, sur ce nouveau groupe Thread. C\u2019est plut\u00f4t positif. Il y a beaucoup d\u2019\u00e9changes entre les fans.<\/em><\/p>\n<p><\/p>\n<p><strong>(Tim) J\u2019ai toujours senti que globalement, il y a beaucoup de positivit\u00e9 entre les fans de Keane. Nous nous sommes toujours sentis tr\u00e8s connect\u00e9s aux gens et quand nous avons commenc\u00e9, j\u2019ai fait le premier site web pour Keane. Et le premier forum. Donc, on ne perd jamais totalement cette volont\u00e9 d\u2019\u00eatre connect\u00e9s et de se sentir responsables. On se sent toujours responsables, et si quelqu\u2019un sur Twitter se plaint que \u2026<\/strong><\/p>\n<p><strong><\/strong><\/p>\n<p><strong>(Jesse) Si quelqu\u2019un de plaint \u00e0 propos de l\u2019album.<\/strong><\/p>\n<p><strong><\/strong><\/p>\n<p><strong>(Tim) Oui exactement, et alors on sent qu\u2019on doit faire quelque chose \u00e0 ce propos, par nous m\u00eame. Je pense que si j\u2019allais sur Thread, je commencerais \u00e0 me sentir tr\u00e8s stress\u00e9, tr\u00e8s rapidement. Peut-\u00eatre.<\/strong><\/p>\n<p><\/p>\n<p><em>Quel r\u00e9seau social pr\u00e9f\u00e9rez-vous ? Instagram ? Twitter ?<\/em><\/p>\n<p><\/p>\n<p><strong>(Jesse) J\u2019aime bien Instagram, bien que je pense qu\u2019ils l\u2019ont trop complexifi\u00e9 maintenant. J\u2019aimais bien quand c\u2019\u00e9tait juste un flux de photos, mais maintenant c\u2019est un peu &#8230;<\/strong><\/p>\n<p><\/p>\n<p><em>Tu n\u2019aimes pas les stories.<\/em><\/p>\n<p><\/p>\n<p><strong>(Jesse) J\u2019essaie. Parce que mon attitude vis-\u00e0-vis de cela &#8211; je n\u2019aime pas \u00e7a, mais je me dis aussi que je ne veux pas \u00eatre de ces gens qui finissent par \u00eatre vieux et grognons avec tous les jeunes. Parce que c\u2019est la fa\u00e7on dont le monde \u00e9volue. Donc je pense que c\u2019est important d\u2019essayer de trouver la mani\u00e8re de s\u2019engager l\u00e0 dedans qui soit authentique et qui te convienne. Pour moi, tout ce que je veux faire, c\u2019est prendre une photo originale que je trouve cool, ou dire aux gens quelle musique j\u2019aime. Si quiconque essayait de me faire faire autre chose, j\u2019arr\u00eaterais d\u2019appr\u00e9cier de le faire. J\u2019aime bien poster des choses, mais je ne le ferai pas.<\/strong><\/p>\n<p><\/p>\n<p><em>Donc vous ne laisseriez pas vos maisons de disque vous dire quoi faire sur les r\u00e9seaux sociaux ?<\/em><\/p>\n<p><\/p>\n<p><strong>(Jesse) Parfois ils font des choses, mais nous disons \u00ab&nbsp;non&nbsp;\u00bb (rires).<\/strong><\/p>\n<p><\/p>\n<p><span style=\"color: #666699;\"><em>Merci \u00e0 Laurent (super intervieweur), Marie (super traductrice) pour leur aide, merci \u00e0 Keane et leur \u00e9quipe (super management du super groupe), ainsi qu&rsquo;\u00e0 Ronan (super membre fondateur du site) pour avoir rendu cette interview possible !<\/em><\/span><strong><br><\/strong><\/p>\n<p><\/p>\t\t\t\t\t\t\t\t<\/div>\n\t\t\t\t<\/div>\n\t\t\t\t\t<\/div>\n\t\t<\/div>\n\t\t\t\t\t<\/div>\n\t\t<\/section>\n\t\t\t\t<\/div>\n\t\t","protected":false},"excerpt":{"rendered":"<p>Select a language Interview &#8211; Olympia (Paris) &#8211; 21 janvier 2020 (Phases) Tim, tes compositions sont inspir\u00e9es principalement de tes exp\u00e9riences personnelles. Votre dernier album concerne ce que tu as travers\u00e9 il y a quelques ann\u00e9es. As-tu d\u00e9j\u00e0 \u00e9crit des chansons sur la prochaine \u00e9tape de ta vie ? (Tim) Je ne sais pas \u2026 [&hellip;]<\/p>\n","protected":false},"author":1,"featured_media":0,"parent":2952,"menu_order":0,"comment_status":"closed","ping_status":"closed","template":"","meta":{"ocean_post_layout":"","ocean_both_sidebars_style":"","ocean_both_sidebars_content_width":0,"ocean_both_sidebars_sidebars_width":0,"ocean_sidebar":"0","ocean_second_sidebar":"0","ocean_disable_margins":"enable","ocean_add_body_class":"","ocean_shortcode_before_top_bar":"","ocean_shortcode_after_top_bar":"","ocean_shortcode_before_header":"","ocean_shortcode_after_header":"","ocean_has_shortcode":"","ocean_shortcode_after_title":"","ocean_shortcode_before_footer_widgets":"","ocean_shortcode_after_footer_widgets":"","ocean_shortcode_before_footer_bottom":"","ocean_shortcode_after_footer_bottom":"","ocean_display_top_bar":"default","ocean_display_header":"default","ocean_header_style":"","ocean_center_header_left_menu":"0","ocean_custom_header_template":"0","ocean_custom_logo":0,"ocean_custom_retina_logo":0,"ocean_custom_logo_max_width":0,"ocean_custom_logo_tablet_max_width":0,"ocean_custom_logo_mobile_max_width":0,"ocean_custom_logo_max_height":0,"ocean_custom_logo_tablet_max_height":0,"ocean_custom_logo_mobile_max_height":0,"ocean_header_custom_menu":"0","ocean_menu_typo_font_family":"0","ocean_menu_typo_font_subset":"","ocean_menu_typo_font_size":0,"ocean_menu_typo_font_size_tablet":0,"ocean_menu_typo_font_size_mobile":0,"ocean_menu_typo_font_size_unit":"px","ocean_menu_typo_font_weight":"","ocean_menu_typo_font_weight_tablet":"","ocean_menu_typo_font_weight_mobile":"","ocean_menu_typo_transform":"","ocean_menu_typo_transform_tablet":"","ocean_menu_typo_transform_mobile":"","ocean_menu_typo_line_height":0,"ocean_menu_typo_line_height_tablet":0,"ocean_menu_typo_line_height_mobile":0,"ocean_menu_typo_line_height_unit":"","ocean_menu_typo_spacing":0,"ocean_menu_typo_spacing_tablet":0,"ocean_menu_typo_spacing_mobile":0,"ocean_menu_typo_spacing_unit":"","ocean_menu_link_color":"","ocean_menu_link_color_hover":"","ocean_menu_link_color_active":"","ocean_menu_link_background":"","ocean_menu_link_hover_background":"","ocean_menu_link_active_background":"","ocean_menu_social_links_bg":"","ocean_menu_social_hover_links_bg":"","ocean_menu_social_links_color":"","ocean_menu_social_hover_links_color":"","ocean_disable_title":"default","ocean_disable_heading":"default","ocean_post_title":"","ocean_post_subheading":"","ocean_post_title_style":"","ocean_post_title_background_color":"","ocean_post_title_background":0,"ocean_post_title_bg_image_position":"","ocean_post_title_bg_image_attachment":"","ocean_post_title_bg_image_repeat":"","ocean_post_title_bg_image_size":"","ocean_post_title_height":0,"ocean_post_title_bg_overlay":0.5,"ocean_post_title_bg_overlay_color":"","ocean_disable_breadcrumbs":"default","ocean_breadcrumbs_color":"","ocean_breadcrumbs_separator_color":"","ocean_breadcrumbs_links_color":"","ocean_breadcrumbs_links_hover_color":"","ocean_display_footer_widgets":"default","ocean_display_footer_bottom":"default","ocean_custom_footer_template":"0","footnotes":""},"class_list":["post-1897","page","type-page","status-publish","hentry","entry"],"_links":{"self":[{"href":"https:\/\/www.keane.fr\/en\/wp-json\/wp\/v2\/pages\/1897","targetHints":{"allow":["GET"]}}],"collection":[{"href":"https:\/\/www.keane.fr\/en\/wp-json\/wp\/v2\/pages"}],"about":[{"href":"https:\/\/www.keane.fr\/en\/wp-json\/wp\/v2\/types\/page"}],"author":[{"embeddable":true,"href":"https:\/\/www.keane.fr\/en\/wp-json\/wp\/v2\/users\/1"}],"replies":[{"embeddable":true,"href":"https:\/\/www.keane.fr\/en\/wp-json\/wp\/v2\/comments?post=1897"}],"version-history":[{"count":5,"href":"https:\/\/www.keane.fr\/en\/wp-json\/wp\/v2\/pages\/1897\/revisions"}],"predecessor-version":[{"id":4215,"href":"https:\/\/www.keane.fr\/en\/wp-json\/wp\/v2\/pages\/1897\/revisions\/4215"}],"up":[{"embeddable":true,"href":"https:\/\/www.keane.fr\/en\/wp-json\/wp\/v2\/pages\/2952"}],"wp:attachment":[{"href":"https:\/\/www.keane.fr\/en\/wp-json\/wp\/v2\/media?parent=1897"}],"curies":[{"name":"wp","href":"https:\/\/api.w.org\/{rel}","templated":true}]}}