{"id":2894,"date":"2021-01-21T15:28:43","date_gmt":"2021-01-21T14:28:43","guid":{"rendered":"https:\/\/www.keane.fr\/?page_id=2894"},"modified":"2021-01-21T15:49:28","modified_gmt":"2021-01-21T14:49:28","slug":"live-albums","status":"publish","type":"page","link":"https:\/\/www.keane.fr\/en\/musique\/discographie\/live-albums\/","title":{"rendered":"Live albums"},"content":{"rendered":"<div data-elementor-type=\"wp-page\" data-elementor-id=\"2894\" class=\"elementor elementor-2894\">\n\t\t\t\t\t\t<section class=\"elementor-section elementor-top-section elementor-element elementor-element-5a03c262 elementor-section-boxed elementor-section-height-default elementor-section-height-default\" data-id=\"5a03c262\" data-element_type=\"section\" data-e-type=\"section\" data-settings=\"{&quot;shape_divider_top&quot;:&quot;book&quot;,&quot;shape_divider_bottom&quot;:&quot;zigzag&quot;}\">\n\t\t\t\t\t<div class=\"elementor-shape elementor-shape-top\" aria-hidden=\"true\" data-negative=\"false\">\n\t\t\t<svg xmlns=\"http:\/\/www.w3.org\/2000\/svg\" viewbox=\"0 0 1000 100\" preserveaspectratio=\"none\">\n\t<path class=\"elementor-shape-fill\" d=\"M194,99c186.7,0.7,305-78.3,306-97.2c1,18.9,119.3,97.9,306,97.2c114.3-0.3,194,0.3,194,0.3s0-91.7,0-100c0,0,0,0,0-0 L0,0v99.3C0,99.3,79.7,98.7,194,99z\"\/>\n<\/svg>\t\t<\/div>\n\t\t\t\t<div class=\"elementor-shape elementor-shape-bottom\" aria-hidden=\"true\" data-negative=\"false\">\n\t\t\t<svg xmlns=\"http:\/\/www.w3.org\/2000\/svg\" viewbox=\"0 0 1800 5.8\" preserveaspectratio=\"none\">\n  <path class=\"elementor-shape-fill\" d=\"M5.4.4l5.4 5.3L16.5.4l5.4 5.3L27.5.4 33 5.7 38.6.4l5.5 5.4h.1L49.9.4l5.4 5.3L60.9.4l5.5 5.3L72 .4l5.5 5.3L83.1.4l5.4 5.3L94.1.4l5.5 5.4h.2l5.6-5.4 5.5 5.3 5.6-5.3 5.4 5.3 5.6-5.3 5.5 5.3 5.6-5.3 5.5 5.4h.2l5.6-5.4 5.4 5.3L161 .4l5.4 5.3L172 .4l5.5 5.3 5.6-5.3 5.4 5.3 5.7-5.3 5.4 5.4h.2l5.6-5.4 5.5 5.3 5.6-5.3 5.5 5.3 5.6-5.3 5.4 5.3 5.6-5.3 5.5 5.4h.2l5.6-5.4 5.5 5.3L261 .4l5.4 5.3L272 .4l5.5 5.3 5.6-5.3 5.5 5.3 5.6-5.3 5.5 5.4h.1l5.7-5.4 5.4 5.3 5.6-5.3 5.5 5.3 5.6-5.3 5.4 5.3 5.7-5.3 5.4 5.4h.2l5.6-5.4 5.5 5.3L361 .4l5.5 5.3 5.6-5.3 5.4 5.3 5.6-5.3 5.5 5.3 5.6-5.3 5.5 5.4h.1l5.7-5.4 5.4 5.3 5.6-5.3 5.5 5.3 5.6-5.3 5.5 5.3 5.6-5.3 5.5 5.4h.1l5.6-5.4 5.5 5.3L461 .4l5.5 5.3 5.6-5.3 5.4 5.3 5.7-5.3 5.4 5.3 5.6-5.3 5.5 5.4h.2l5.6-5.4 5.5 5.3 5.6-5.3 5.4 5.3 5.6-5.3 5.5 5.3 5.6-5.3 5.5 5.4h.1L550 .4l5.4 5.3L561 .4l5.5 5.3 5.6-5.3 5.5 5.3 5.6-5.3 5.4 5.3 5.6-5.3 5.5 5.4h.2l5.6-5.4 5.5 5.3 5.6-5.3 5.4 5.3 5.7-5.3 5.4 5.3 5.6-5.3 5.5 5.4h.2L650 .4l5.5 5.3 5.6-5.3 5.4 5.3 5.6-5.3 5.5 5.3 5.6-5.3 5.5 5.3 5.6-5.3 5.4 5.4h.2l5.6-5.4 5.5 5.3 5.6-5.3 5.5 5.3 5.6-5.3 5.4 5.3 5.6-5.3 5.5 5.4h.2L750 .4l5.5 5.3 5.6-5.3 5.4 5.3 5.7-5.3 5.4 5.3 5.6-5.3 5.5 5.3 5.6-5.3 5.5 5.4h.1l5.7-5.4 5.4 5.3 5.6-5.3 5.5 5.3 5.6-5.3 5.5 5.3 5.6-5.3 5.4 5.4h.2L850 .4l5.5 5.3 5.6-5.3 5.5 5.3 5.6-5.3 5.4 5.3 5.6-5.3 5.5 5.3 5.6-5.3 5.5 5.4h.2l5.6-5.4 5.4 5.3 5.7-5.3 5.4 5.3 5.6-5.3 5.5 5.3 5.6-5.3 5.5 5.4h.1l5.7-5.4 5.4 5.3 5.6-5.3 5.5 5.3 5.6-5.3 5.5 5.3 5.6-5.3 5.4 5.3 5.6-5.3 5.5 5.4h.2l5.6-5.4 5.5 5.3 5.6-5.3 5.4 5.3 5.6-5.3 5.5 5.3 5.6-5.3 5.5 5.4h.2l5.6-5.4 5.4 5.3 5.7-5.3 5.4 5.3 5.6-5.3 5.5 5.3 5.6-5.3 5.5 5.3 5.6-5.3 5.4 5.4h.2l5.6-5.4 5.5 5.3 5.6-5.3 5.5 5.3 5.6-5.3 5.4 5.3 5.6-5.3 5.5 5.4h.2l5.6-5.4 5.5 5.3 5.6-5.3 5.4 5.3 5.6-5.3 5.5 5.3 5.6-5.3 5.5 5.3 5.6-5.3 5.5 5.4h.1l5.7-5.4 5.4 5.3 5.6-5.3 5.5 5.3 5.6-5.3 5.5 5.3 5.6-5.3 5.4 5.4h.2l5.6-5.4 5.5 5.3 5.6-5.3 5.5 5.3 5.6-5.3 5.4 5.3 5.6-5.3 5.5 5.3 5.6-5.3 5.5 5.4h.2l5.6-5.4 5.4 5.3 5.6-5.3 5.5 5.3 5.6-5.3 5.5 5.3 5.6-5.3 5.5 5.4h.1l5.7-5.4 5.4 5.3 5.6-5.3 5.5 5.3 5.6-5.3 5.5 5.3 5.6-5.3 5.4 5.3 5.6-5.3 5.5 5.4h.2l5.6-5.4 5.5 5.3 5.6-5.3 5.4 5.3 5.6-5.3 5.5 5.3 5.6-5.3 5.5 5.4h.2l5.6-5.4 5.4 5.3 5.6-5.3 5.5 5.3 5.6-5.3 5.5 5.3 5.6-5.3 5.4 5.3 5.7-5.3 5.4 5.4h.2l5.6-5.4 5.5 5.3 5.6-5.3 5.5 5.3 5.6-5.3 5.4 5.3 5.6-5.3 5.5 5.4h.2l5.6-5.4 5.5 5.3 5.6-5.3 5.4 5.3 5.6-5.3 5.5 5.3 5.6-5.3 5.5 5.3 5.6-5.3 5.5 5.4h.1l5.6-5.4 5.5 5.3 5.6-5.3 5.5 5.3 5.6-5.3 5.4 5.3 5.7-5.3 5.4 5.4h.2l5.6-5.4 5.5 5.3 5.6-5.3 5.5 5.3 5.6-5.3 5.4 5.3 5.6-5.3 5.5 5.3 5.6-5.3 5.5 5.4h.1l5.7-5.4 5.4 5.3 5.6-5.3 5.5 5.3 5.6-5.3 5.5 5.3 5.6-5.3 5.5 5.4h.1l5.6-5.4 5.5 5.3 5.6-5.3 5.5 5.3 5.6-5.3 5.4 5.3 5.7-5.3 5.4 5.3 5.6-5.3 5.5 5.4V0H-.2v5.8z\"\/>\n<\/svg>\n\t\t<\/div>\n\t\t\t\t\t<div class=\"elementor-container elementor-column-gap-default\">\n\t\t\t\t\t<div class=\"elementor-column elementor-col-100 elementor-top-column elementor-element elementor-element-92a4307\" data-id=\"92a4307\" data-element_type=\"column\" data-e-type=\"column\">\n\t\t\t<div class=\"elementor-widget-wrap elementor-element-populated\">\n\t\t\t\t\t\t<div class=\"elementor-element elementor-element-4639da97 elementor-widget elementor-widget-heading\" data-id=\"4639da97\" data-element_type=\"widget\" data-e-type=\"widget\" data-widget_type=\"heading.default\">\n\t\t\t\t<div class=\"elementor-widget-container\">\n\t\t\t\t\t<h1 class=\"elementor-heading-title elementor-size-default\">LIVE<\/h1>\t\t\t\t<\/div>\n\t\t\t\t<\/div>\n\t\t\t\t<div class=\"elementor-element elementor-element-6f633044 elementor-tabs-view-horizontal elementor-widget elementor-widget-tabs\" data-id=\"6f633044\" data-element_type=\"widget\" data-e-type=\"widget\" data-widget_type=\"tabs.default\">\n\t\t\t\t<div class=\"elementor-widget-container\">\n\t\t\t\t\t\t\t<div class=\"elementor-tabs\">\n\t\t\t<div class=\"elementor-tabs-wrapper\" role=\"tablist\" >\n\t\t\t\t\t\t\t\t\t<div id=\"elementor-tab-title-1861\" class=\"elementor-tab-title elementor-tab-desktop-title\" aria-selected=\"true\" data-tab=\"1\" role=\"tab\" tabindex=\"0\" aria-controls=\"elementor-tab-content-1861\" aria-expanded=\"false\"><img decoding=\"async\" class=\"aligncenter size-medium wp-image-429\" src=\"https:\/\/www.keane.fr\/wp-content\/uploads\/2012\/04\/live_ep.jpg\" alt=\"Keane_live_ep_2004\" width=\"100\" height=\"150\" \/><\/div>\n\t\t\t\t\t\t\t\t\t<div id=\"elementor-tab-title-1862\" class=\"elementor-tab-title elementor-tab-desktop-title\" aria-selected=\"false\" data-tab=\"2\" role=\"tab\" tabindex=\"-1\" aria-controls=\"elementor-tab-content-1862\" aria-expanded=\"false\"><img decoding=\"async\" class=\"aligncenter size-medium wp-image-429\" src=\"https:\/\/www.keane.fr\/wp-content\/uploads\/2012\/04\/strangers.png\" alt=\"Strangers_DVD\" width=\"100\" height=\"150\" \/><\/div>\n\t\t\t\t\t\t\t\t\t<div id=\"elementor-tab-title-1863\" class=\"elementor-tab-title elementor-tab-desktop-title\" aria-selected=\"false\" data-tab=\"3\" role=\"tab\" tabindex=\"-1\" aria-controls=\"elementor-tab-content-1863\" aria-expanded=\"false\"><img decoding=\"async\" class=\"aligncenter size-medium wp-image-429\" src=\"https:\/\/www.keane.fr\/wp-content\/uploads\/2012\/05\/keanelive.png\" alt=\"Keane_live_DVD\" width=\"100\" height=\"150\" \/><\/div>\n\t\t\t\t\t\t\t\t\t<div id=\"elementor-tab-title-1864\" class=\"elementor-tab-title elementor-tab-desktop-title\" aria-selected=\"false\" data-tab=\"4\" role=\"tab\" tabindex=\"-1\" aria-controls=\"elementor-tab-content-1864\" aria-expanded=\"false\"><img loading=\"lazy\" decoding=\"async\" class=\"aligncenter size-medium wp-image-429\" src=\"https:\/\/www.keane.fr\/wp-content\/uploads\/2012\/05\/tcts_ep.jpg\" alt=\"Keane_tcts_ep\" width=\"100\" height=\"150\" \/><\/div>\n\t\t\t\t\t\t\t<\/div>\n\t\t\t<div class=\"elementor-tabs-content-wrapper\" role=\"tablist\" aria-orientation=\"vertical\">\n\t\t\t\t\t\t\t\t\t<div class=\"elementor-tab-title elementor-tab-mobile-title\" aria-selected=\"true\" data-tab=\"1\" role=\"tab\" tabindex=\"0\" aria-controls=\"elementor-tab-content-1861\" aria-expanded=\"false\"><img decoding=\"async\" class=\"aligncenter size-medium wp-image-429\" src=\"https:\/\/www.keane.fr\/wp-content\/uploads\/2012\/04\/live_ep.jpg\" alt=\"Keane_live_ep_2004\" width=\"100\" height=\"150\" \/><\/div>\n\t\t\t\t\t<div id=\"elementor-tab-content-1861\" class=\"elementor-tab-content elementor-clearfix\" data-tab=\"1\" role=\"tabpanel\" aria-labelledby=\"elementor-tab-title-1861\" tabindex=\"0\" hidden=\"false\"><h3>LIVE RECORDINGS 2004<br><\/h3>\n<p><span style=\"text-decoration: underline;\"><em>Contenu :<\/em><\/span> <br><\/p>\n<ol>\n<li><a title=\"Somewhere only we know\" href=\"http:\/\/www.keane.fr\/en\/somewhere-only-we-know\/\">Somewhere only we know<\/a> &#8211; Forum, London, 10\/5\/04<\/li>\n<li><a title=\"We might as well be strangers\" href=\"http:\/\/www.keane.fr\/en\/we-might-as-well-be-strangers\/\">We might as well be strangers<\/a> &#8211; Columbiafritz, Berlin, 19\/5\/04<\/li>\n<li><a title=\"Allemande\" href=\"http:\/\/www.keane.fr\/en\/allemande\/\">Allemande<\/a> &#8211; BNN That&rsquo;s Live Session, Amsterdam, 7\/7\/04<\/li>\n<li><a title=\"This is the last time\" href=\"http:\/\/www.keane.fr\/en\/this-is-the-last-time\/\">This is the last time<\/a> (Acoustic) &#8211; Mill St. Brewery, Toronto, 20\/9\/04<\/li>\n<li><a title=\"Everybody\u2019s Changing\" href=\"http:\/\/www.keane.fr\/en\/everybodys-changing\/\">Everybody&rsquo;s changing<\/a> &#8211; Airwaves Festival, Reykjavik, 23\/10\/04<\/li>\n<li><a title=\"Bedshaped\" href=\"http:\/\/www.keane.fr\/en\/bedshaped\/\">Bedshaped<\/a> &#8211; Brixton Academy, London, 17\/11\/04<\/li>\n<\/ol>\n<p><span style=\"text-decoration: underline;\"><em>Release date<\/em><\/span> : 12 juillet 2005<\/p>\n<p><span style=\"text-decoration: underline;\"><em>Notes<\/em><\/span> : Cet EP (EP = Extended Play = Maxi, soit un cd qui ne contient que 5-6 titres) est une compilation de titres enregistr\u00e9s en concert, qui n&rsquo;est sorti que dans certains pays d&rsquo;Europe (mais pas au Royaume-Uni).<\/p>\n<p><\/p><\/div>\n\t\t\t\t\t\t\t\t\t<div class=\"elementor-tab-title elementor-tab-mobile-title\" aria-selected=\"false\" data-tab=\"2\" role=\"tab\" tabindex=\"-1\" aria-controls=\"elementor-tab-content-1862\" aria-expanded=\"false\"><img decoding=\"async\" class=\"aligncenter size-medium wp-image-429\" src=\"https:\/\/www.keane.fr\/wp-content\/uploads\/2012\/04\/strangers.png\" alt=\"Strangers_DVD\" width=\"100\" height=\"150\" \/><\/div>\n\t\t\t\t\t<div id=\"elementor-tab-content-1862\" class=\"elementor-tab-content elementor-clearfix\" data-tab=\"2\" role=\"tabpanel\" aria-labelledby=\"elementor-tab-title-1862\" tabindex=\"0\" hidden=\"hidden\"><h3>STRANGERS (DVD)<\/h3><table><tbody><tr><td><p><span style=\"text-decoration: underline;\"><em>Contenu DVD 1<\/em> <\/span>:<\/p><ul><li>Strangers Documentaire &#8211; Premi\u00e8re partie<\/li><li>Titres live:<ul><li>Sunshine (Irving Plaza, NY)<\/li><li>Somewhere Only We Know (Brixton Academy, Londres)<\/li><li>Can&rsquo;t Stop Now (Aragon Ballroom, Chicago)<\/li><li>She Has No Time (Brixton)<\/li><li>Your Eyes Open (Chicago)<\/li><li>This Is The Last Time (Chicago)<\/li><li>Allemande (Barrowlands, Glasgow)<\/li><li>To The End Of The Earth (En coulisse \u00e0 Brixton Academy)<\/li><\/ul><\/li><li>Somewhere Only We Know (Clip version UK)<\/li><li>Somewhere Only We Know (Clip version USA)<\/li><li>This Is The Last Time (Clip)<\/li><li>This Is The Last Time (Making of du clip)<\/li><li>Galerie photos<\/li><li>Effets visuels des concerts<\/li><\/ul><\/td><td><p><span style=\"text-decoration: underline;\"><em>Contenu DVD 2<\/em> <\/span>:<\/p><ul><li>Strangers Documentaire &#8211; Deuxi\u00e8me partie<\/li><li>Titres live:<ul><li>Snowed Under (Chicago)<\/li><li>Bedshaped (Compilation)<\/li><li>We Might As Well Be Strangers (Brixton)<\/li><li>Bend And Break (Wireless Festival, Londres)<\/li><li>On A Day Like Today (Brixton)<\/li><li>This Is The Last Time (Chicago)<\/li><li>Everybody&rsquo;s Changing (Wireless)<\/li><li>Hamburg Song (Chicago)<\/li><li>We Might As Well Be Strangers (Accoustique &#8211; Fleur De Lys)<\/li><li>Try Again (Duo avec Rufus Wainwright &#8211; Wireless Festival, Londres)<\/li><\/ul><\/li><li>Bedshaped (Clip)<\/li><li>Bedshaped (Making of du clip)<\/li><li>Everybody&rsquo;s Changing (Clip version UK)<\/li><li>Everybody&rsquo;s Changing (Clip version USA)<\/li><li>Galerie photos<\/li><li>Effets visuels des concerts<\/li><\/ul><\/td><\/tr><\/tbody><\/table><p><span style=\"text-decoration: underline;\"><em>Release date<\/em><\/span> : 14 novembre 2005 (15 novembre pour les USA et le Canada (DVD zone 1)).<\/p><\/div>\n\t\t\t\t\t\t\t\t\t<div class=\"elementor-tab-title elementor-tab-mobile-title\" aria-selected=\"false\" data-tab=\"3\" role=\"tab\" tabindex=\"-1\" aria-controls=\"elementor-tab-content-1863\" aria-expanded=\"false\"><img decoding=\"async\" class=\"aligncenter size-medium wp-image-429\" src=\"https:\/\/www.keane.fr\/wp-content\/uploads\/2012\/05\/keanelive.png\" alt=\"Keane_live_DVD\" width=\"100\" height=\"150\" \/><\/div>\n\t\t\t\t\t<div id=\"elementor-tab-content-1863\" class=\"elementor-tab-content elementor-clearfix\" data-tab=\"3\" role=\"tabpanel\" aria-labelledby=\"elementor-tab-title-1863\" tabindex=\"0\" hidden=\"hidden\"><h3>KEANE LIVE (DVD)<\/h3><p><span style=\"text-decoration: underline;\"><em>Contenu :<\/em><\/span><\/p><ul><li>Concert du 21\/07\/2007 \u00e0 l&rsquo;O2 Arena de Londres<\/li><li>CCTV : un autre angle sur le concert<\/li><li>Short Film : la pr\u00e9paration du concert<\/li><li>Soundcheck : \u00ab\u00a0Is it any wonder?\u00a0\u00bb<\/li><li>Be there : vid\u00e9os de fans de \u00ab\u00a0Fly to me\u00a0\u00bb, \u00ab\u00a0Leaving so soon?\u00a0\u00bb, \u00ab\u00a0Broken toy\u00a0\u00bb et \u00ab\u00a0Bedshaped\u00a0\u00bb<\/li><li>Live Visuals : \u00ab\u00a0A bad dream\u00a0\u00bb, \u00ab\u00a0Atlantic\u00a0\u00bb, \u00ab\u00a0Is it any wonder?\u00a0\u00bb<\/li><\/ul><p><span style=\"text-decoration: underline;\"><em>Release date<\/em><\/span> : 19 novembre 2007<\/p><p><span style=\"text-decoration: underline;\"><em>Notes<\/em><\/span> : Sous-titres en anglais, fran\u00e7ais, allemand, espagnol et portugais. La CCTV est le syst\u00e8me de vid\u00e9o-surveillance des rues au Royaume Uni (Closed Circuit TeleVision = T\u00e9l\u00e9vision en circuit ferm\u00e9).<\/p><\/div>\n\t\t\t\t\t\t\t\t\t<div class=\"elementor-tab-title elementor-tab-mobile-title\" aria-selected=\"false\" data-tab=\"4\" role=\"tab\" tabindex=\"-1\" aria-controls=\"elementor-tab-content-1864\" aria-expanded=\"false\"><img loading=\"lazy\" decoding=\"async\" class=\"aligncenter size-medium wp-image-429\" src=\"https:\/\/www.keane.fr\/wp-content\/uploads\/2012\/05\/tcts_ep.jpg\" alt=\"Keane_tcts_ep\" width=\"100\" height=\"150\" \/><\/div>\n\t\t\t\t\t<div id=\"elementor-tab-content-1864\" class=\"elementor-tab-content elementor-clearfix\" data-tab=\"4\" role=\"tabpanel\" aria-labelledby=\"elementor-tab-title-1864\" tabindex=\"0\" hidden=\"hidden\"><h3>THE CHERRY TREE SESSIONS EP<\/h3><p><span style=\"text-decoration: underline;\"><em>Tracklist<\/em> <\/span>:<\/p><ol><li>Perfect symmetry<\/li><li>Somewhere only we know<\/li><li>The lovers are losing<\/li><\/ol><p><span style=\"text-decoration: underline;\"><em>Release date<\/em><\/span> : 5 mai 2009<\/p><p><span style=\"text-decoration: underline;\"><em>Notes<\/em><\/span> : Ce maxi est sorti aux USA uniquement, disponible sous forme num\u00e9rique ou physique uniquement dans les magasins de la chaine Borders.<br \/>Il comprend 3 chansons enregistr\u00e9es en live \u00e0 l&rsquo;intime salle The Cherrytree House de Los Angeles. Les enregistrements vid\u00e9os de ces chansons \u00e9taient disponibles sur\u00a0<a href=\"http:\/\/www.cherrytreerecords.com\/profiles\/blogs\/keane-cherrytree-sessions-out\" target=\"_blank\" rel=\"noopener\">cherrytreerecords.com<\/a>.<\/p><\/div>\n\t\t\t\t\t\t\t<\/div>\n\t\t<\/div>\n\t\t\t\t\t\t<\/div>\n\t\t\t\t<\/div>\n\t\t\t\t\t<\/div>\n\t\t<\/div>\n\t\t\t\t\t<\/div>\n\t\t<\/section>\n\t\t\t\t<\/div>","protected":false},"excerpt":{"rendered":"<p>LIVE LIVE RECORDINGS 2004 Contenu : Somewhere only we know &#8211; Forum, London, 10\/5\/04 We might as well be strangers &#8211; Columbiafritz, Berlin, 19\/5\/04 Allemande &#8211; BNN That&rsquo;s Live Session, Amsterdam, 7\/7\/04 This is the last time (Acoustic) &#8211; Mill St. Brewery, Toronto, 20\/9\/04 Everybody&rsquo;s changing &#8211; Airwaves Festival, Reykjavik, 23\/10\/04 Bedshaped &#8211; Brixton Academy, [&hellip;]<\/p>\n","protected":false},"author":1,"featured_media":0,"parent":27,"menu_order":0,"comment_status":"closed","ping_status":"closed","template":"","meta":{"ocean_post_layout":"","ocean_both_sidebars_style":"","ocean_both_sidebars_content_width":0,"ocean_both_sidebars_sidebars_width":0,"ocean_sidebar":"0","ocean_second_sidebar":"0","ocean_disable_margins":"enable","ocean_add_body_class":"","ocean_shortcode_before_top_bar":"","ocean_shortcode_after_top_bar":"","ocean_shortcode_before_header":"","ocean_shortcode_after_header":"","ocean_has_shortcode":"","ocean_shortcode_after_title":"","ocean_shortcode_before_footer_widgets":"","ocean_shortcode_after_footer_widgets":"","ocean_shortcode_before_footer_bottom":"","ocean_shortcode_after_footer_bottom":"","ocean_display_top_bar":"default","ocean_display_header":"default","ocean_header_style":"","ocean_center_header_left_menu":"0","ocean_custom_header_template":"0","ocean_custom_logo":0,"ocean_custom_retina_logo":0,"ocean_custom_logo_max_width":0,"ocean_custom_logo_tablet_max_width":0,"ocean_custom_logo_mobile_max_width":0,"ocean_custom_logo_max_height":0,"ocean_custom_logo_tablet_max_height":0,"ocean_custom_logo_mobile_max_height":0,"ocean_header_custom_menu":"0","ocean_menu_typo_font_family":"0","ocean_menu_typo_font_subset":"","ocean_menu_typo_font_size":0,"ocean_menu_typo_font_size_tablet":0,"ocean_menu_typo_font_size_mobile":0,"ocean_menu_typo_font_size_unit":"px","ocean_menu_typo_font_weight":"","ocean_menu_typo_font_weight_tablet":"","ocean_menu_typo_font_weight_mobile":"","ocean_menu_typo_transform":"","ocean_menu_typo_transform_tablet":"","ocean_menu_typo_transform_mobile":"","ocean_menu_typo_line_height":0,"ocean_menu_typo_line_height_tablet":0,"ocean_menu_typo_line_height_mobile":0,"ocean_menu_typo_line_height_unit":"","ocean_menu_typo_spacing":0,"ocean_menu_typo_spacing_tablet":0,"ocean_menu_typo_spacing_mobile":0,"ocean_menu_typo_spacing_unit":"","ocean_menu_link_color":"","ocean_menu_link_color_hover":"","ocean_menu_link_color_active":"","ocean_menu_link_background":"","ocean_menu_link_hover_background":"","ocean_menu_link_active_background":"","ocean_menu_social_links_bg":"","ocean_menu_social_hover_links_bg":"","ocean_menu_social_links_color":"","ocean_menu_social_hover_links_color":"","ocean_disable_title":"default","ocean_disable_heading":"default","ocean_post_title":"","ocean_post_subheading":"","ocean_post_title_style":"","ocean_post_title_background_color":"","ocean_post_title_background":0,"ocean_post_title_bg_image_position":"","ocean_post_title_bg_image_attachment":"","ocean_post_title_bg_image_repeat":"","ocean_post_title_bg_image_size":"","ocean_post_title_height":0,"ocean_post_title_bg_overlay":0.5,"ocean_post_title_bg_overlay_color":"","ocean_disable_breadcrumbs":"default","ocean_breadcrumbs_color":"","ocean_breadcrumbs_separator_color":"","ocean_breadcrumbs_links_color":"","ocean_breadcrumbs_links_hover_color":"","ocean_display_footer_widgets":"default","ocean_display_footer_bottom":"default","ocean_custom_footer_template":"0","footnotes":""},"class_list":["post-2894","page","type-page","status-publish","hentry","entry"],"_links":{"self":[{"href":"https:\/\/www.keane.fr\/en\/wp-json\/wp\/v2\/pages\/2894","targetHints":{"allow":["GET"]}}],"collection":[{"href":"https:\/\/www.keane.fr\/en\/wp-json\/wp\/v2\/pages"}],"about":[{"href":"https:\/\/www.keane.fr\/en\/wp-json\/wp\/v2\/types\/page"}],"author":[{"embeddable":true,"href":"https:\/\/www.keane.fr\/en\/wp-json\/wp\/v2\/users\/1"}],"replies":[{"embeddable":true,"href":"https:\/\/www.keane.fr\/en\/wp-json\/wp\/v2\/comments?post=2894"}],"version-history":[{"count":5,"href":"https:\/\/www.keane.fr\/en\/wp-json\/wp\/v2\/pages\/2894\/revisions"}],"predecessor-version":[{"id":2908,"href":"https:\/\/www.keane.fr\/en\/wp-json\/wp\/v2\/pages\/2894\/revisions\/2908"}],"up":[{"embeddable":true,"href":"https:\/\/www.keane.fr\/en\/wp-json\/wp\/v2\/pages\/27"}],"wp:attachment":[{"href":"https:\/\/www.keane.fr\/en\/wp-json\/wp\/v2\/media?parent=2894"}],"curies":[{"name":"wp","href":"https:\/\/api.w.org\/{rel}","templated":true}]}}