{"id":2952,"date":"2021-01-26T04:30:05","date_gmt":"2021-01-26T03:30:05","guid":{"rendered":"https:\/\/www.keane.fr\/?page_id=2952"},"modified":"2024-06-15T00:57:55","modified_gmt":"2024-06-14T22:57:55","slug":"interviews","status":"publish","type":"page","link":"https:\/\/www.keane.fr\/en\/interviews\/","title":{"rendered":"Interviews"},"content":{"rendered":"<div data-elementor-type=\"wp-page\" data-elementor-id=\"2952\" class=\"elementor elementor-2952\">\n\t\t\t\t\t\t<section class=\"elementor-section elementor-top-section elementor-element elementor-element-18c42e0 elementor-section-boxed elementor-section-height-default elementor-section-height-default\" data-id=\"18c42e0\" data-element_type=\"section\" data-e-type=\"section\">\n\t\t\t\t\t\t<div class=\"elementor-container elementor-column-gap-default\">\n\t\t\t\t\t<div class=\"elementor-column elementor-col-100 elementor-top-column elementor-element elementor-element-126fbeb\" data-id=\"126fbeb\" data-element_type=\"column\" data-e-type=\"column\">\n\t\t\t<div class=\"elementor-widget-wrap elementor-element-populated\">\n\t\t\t\t\t\t<div class=\"elementor-element elementor-element-3415a3a elementor-widget elementor-widget-eael-feature-list\" data-id=\"3415a3a\" data-element_type=\"widget\" data-e-type=\"widget\" data-widget_type=\"eael-feature-list.default\">\n\t\t\t\t<div class=\"elementor-widget-container\">\n\t\t\t\t\t\t\t<div class=\"-icon-position-left -tablet-icon-position-left -mobile-icon-position-left\">\n\t\t\t<ul id=\"eael-feature-list-3415a3a\" class=\"eael-feature-list-items circle stacked  eael-feature-list-vertical\" data-layout-tablet=\"vertical\" data-layout-mobile=\"vertical\">\n\t\t\t                <li class=\"eael-feature-list-item elementor-repeater-item-e2277e1\">\n                    \n\t\t\t\t\t\t<div class=\"eael-feature-list-icon-box\">\n\t\t\t\t\t\t\t<div class=\"eael-feature-list-icon-inner\">\n\n\t\t\t\t\t\t\t\t<a class=\"eael-feature-list-icon fl-icon-0\"href=\"https:\/\/www.keane.fr\/en\/interviews\/richard-hugues-6-juin-2024\/\">\n\n\t\t<i aria-hidden=\"true\" class=\"fas fa-biking\"><\/i>\t\t\t\t\t\t\t\t<\/a>\n\t\t\t\t\t\t\t<\/div>\n\t\t\t\t\t\t<\/div>\n\t\t\t\t\t\t<div class=\"eael-feature-list-content-box\">\n                            <h2 class=\"eael-feature-list-title\"><a href=\"https:\/\/www.keane.fr\/en\/interviews\/richard-hugues-6-juin-2024\/\">Richard - 6 juin 2024<\/a><\/h2>\t\t\t\t\t\t<p class=\"eael-feature-list-content\">Apr\u00e8s la fin de la tourn\u00e9e europ\u00e9enne anniversaire et au d\u00e9marrage de la grande tourn\u00e9e estivale du groupe (de passage en France en Normandie le 22 juillet!), nous avons pu leur envoyer quelques questions. La tourn\u00e9e europ\u00e9enne, les souvenirs, la musique... Richard nous a r\u00e9pondu !<\/p>\n\t\t\t\t\t\t<\/div>\n\n\t\t\t\t\t<\/li>\n\t\t\t\t                <li class=\"eael-feature-list-item elementor-repeater-item-4522590\">\n                    \n\t\t\t\t\t\t<div class=\"eael-feature-list-icon-box\">\n\t\t\t\t\t\t\t<div class=\"eael-feature-list-icon-inner\">\n\n\t\t\t\t\t\t\t\t<a class=\"eael-feature-list-icon fl-icon-1\"href=\"https:\/\/www.keane.fr\/en\/interviews\/tim-jesse-21-janvier-2020\/\">\n\n\t\t<i aria-hidden=\"true\" class=\"fas fa-microphone-alt\"><\/i>\t\t\t\t\t\t\t\t<\/a>\n\t\t\t\t\t\t\t<\/div>\n\t\t\t\t\t\t<\/div>\n\t\t\t\t\t\t<div class=\"eael-feature-list-content-box\">\n                            <h2 class=\"eael-feature-list-title\"><a href=\"https:\/\/www.keane.fr\/en\/interviews\/tim-jesse-21-janvier-2020\/\">Tim &amp; Jesse - Olympia (Paris), 21 January 2020<\/a><\/h2>\t\t\t\t\t\t<p class=\"eael-feature-list-content\">Interview done before the band's show on the stage of the Olympia of Paris, on the 21st January 2020.<\/p>\n\t\t\t\t\t\t<\/div>\n\n\t\t\t\t\t<\/li>\n\t\t\t\t                <li class=\"eael-feature-list-item elementor-repeater-item-d7c6d48\">\n                    \n\t\t\t\t\t\t<div class=\"eael-feature-list-icon-box\">\n\t\t\t\t\t\t\t<div class=\"eael-feature-list-icon-inner\">\n\n\t\t\t\t\t\t\t\t<a class=\"eael-feature-list-icon fl-icon-2\"href=\"https:\/\/www.keane.fr\/en\/interviews\/tim-jesse-15-mai-2012\/\">\n\n\t\t<i aria-hidden=\"true\" class=\"fas fa-star\"><\/i>\t\t\t\t\t\t\t\t<\/a>\n\t\t\t\t\t\t\t<\/div>\n\t\t\t\t\t\t<\/div>\n\t\t\t\t\t\t<div class=\"eael-feature-list-content-box\">\n                            <h2 class=\"eael-feature-list-title\"><a href=\"https:\/\/www.keane.fr\/en\/interviews\/tim-jesse-15-mai-2012\/\">Tim &amp; Jesse - Casino de Paris, 15 May 2012<\/a><\/h2>\t\t\t\t\t\t<p class=\"eael-feature-list-content\">Interview done before the band's show on the stage of Casino de Paris, on the 15th May 2012.<\/p>\n\t\t\t\t\t\t<\/div>\n\n\t\t\t\t\t<\/li>\n\t\t\t\t                <li class=\"eael-feature-list-item elementor-repeater-item-fed93e6\">\n                    \n\t\t\t\t\t\t<div class=\"eael-feature-list-icon-box\">\n\t\t\t\t\t\t\t<div class=\"eael-feature-list-icon-inner\">\n\n\t\t\t\t\t\t\t\t<a class=\"eael-feature-list-icon fl-icon-3\"href=\"https:\/\/www.keane.fr\/en\/interviews\/tom-tim-20-novembre-2008\/\">\n\n\t\t<i aria-hidden=\"true\" class=\"fas fa-music\"><\/i>\t\t\t\t\t\t\t\t<\/a>\n\t\t\t\t\t\t\t<\/div>\n\t\t\t\t\t\t<\/div>\n\t\t\t\t\t\t<div class=\"eael-feature-list-content-box\">\n                            <h2 class=\"eael-feature-list-title\"><a href=\"https:\/\/www.keane.fr\/en\/interviews\/tom-tim-20-novembre-2008\/\">Tim &amp; Tom - Z\u00e9nith de Paris, 20 November 2008<\/a><\/h2>\t\t\t\t\t\t<p class=\"eael-feature-list-content\">Interview done before the band's show on the stage of Zenith de Paris, on the 20th November 2008.<\/p>\n\t\t\t\t\t\t<\/div>\n\n\t\t\t\t\t<\/li>\n\t\t\t\t                <li class=\"eael-feature-list-item elementor-repeater-item-d95ff73\">\n                    \n\t\t\t\t\t\t<div class=\"eael-feature-list-icon-box\">\n\t\t\t\t\t\t\t<div class=\"eael-feature-list-icon-inner\">\n\n\t\t\t\t\t\t\t\t<a class=\"eael-feature-list-icon fl-icon-4\"href=\"https:\/\/www.keane.fr\/en\/interviews\/tim-26-mars-2007\/\">\n\n\t\t<i aria-hidden=\"true\" class=\"fas fa-water\"><\/i>\t\t\t\t\t\t\t\t<\/a>\n\t\t\t\t\t\t\t<\/div>\n\t\t\t\t\t\t<\/div>\n\t\t\t\t\t\t<div class=\"eael-feature-list-content-box\">\n                            <h2 class=\"eael-feature-list-title\"><a href=\"https:\/\/www.keane.fr\/en\/interviews\/tim-26-mars-2007\/\">Interview Tim - 26 March 2007<\/a><\/h2>\t\t\t\t\t\t<p class=\"eael-feature-list-content\">Keane had a bit of free time between the end of their last arena tour for UTIS in the UK and the beginning of a South American tour to come. So we took that opportunity to send them some questions asked by the fans and here are Tim's answers.<\/p>\n\t\t\t\t\t\t<\/div>\n\n\t\t\t\t\t<\/li>\n\t\t\t\t                <li class=\"eael-feature-list-item elementor-repeater-item-d6fc3f3\">\n                    \n\t\t\t\t\t\t<div class=\"eael-feature-list-icon-box\">\n\t\t\t\t\t\t\t<div class=\"eael-feature-list-icon-inner\">\n\n\t\t\t\t\t\t\t\t<a class=\"eael-feature-list-icon fl-icon-5\"href=\"https:\/\/www.keane.fr\/en\/interviews\/richard-26-mars-2007\/\">\n\n\t\t<i aria-hidden=\"true\" class=\"fas fa-coffee\"><\/i>\t\t\t\t\t\t\t\t<\/a>\n\t\t\t\t\t\t\t<\/div>\n\t\t\t\t\t\t<\/div>\n\t\t\t\t\t\t<div class=\"eael-feature-list-content-box\">\n                            <h2 class=\"eael-feature-list-title\"><a href=\"https:\/\/www.keane.fr\/en\/interviews\/richard-26-mars-2007\/\">Richard - 26 March 2007<\/a><\/h2>\t\t\t\t\t\t<p class=\"eael-feature-list-content\">Keane had a bit of free time between the end of their last arena tour for UTIS in the UK and the beginning of a South American tour to come. So we took that opportunity to send them some questions asked by the fans and here are Richard's answers.<\/p>\n\t\t\t\t\t\t<\/div>\n\n\t\t\t\t\t<\/li>\n\t\t\t\t                <li class=\"eael-feature-list-item elementor-repeater-item-313c465\">\n                    \n\t\t\t\t\t\t<div class=\"eael-feature-list-icon-box\">\n\t\t\t\t\t\t\t<div class=\"eael-feature-list-icon-inner\">\n\n\t\t\t\t\t\t\t\t<a class=\"eael-feature-list-icon fl-icon-6\"href=\"https:\/\/www.keane.fr\/en\/interviews\/tim-06-novembre-2006\/\">\n\n\t\t<i aria-hidden=\"true\" class=\"fas fa-guitar\"><\/i>\t\t\t\t\t\t\t\t<\/a>\n\t\t\t\t\t\t\t<\/div>\n\t\t\t\t\t\t<\/div>\n\t\t\t\t\t\t<div class=\"eael-feature-list-content-box\">\n                            <h2 class=\"eael-feature-list-title\"><a href=\"https:\/\/www.keane.fr\/en\/interviews\/tim-06-novembre-2006\/\">Tim - Z\u00e9nith de Paris, 6 November 2006<\/a><\/h2>\t\t\t\t\t\t<p class=\"eael-feature-list-content\">As Keane was in Paris, we used this opportunity to ask them a few questions. And it's Tim himself that we were able to meet in the Zenith dressing-rooms right before the show.<\/p>\n\t\t\t\t\t\t<\/div>\n\n\t\t\t\t\t<\/li>\n\t\t\t\t                <li class=\"eael-feature-list-item elementor-repeater-item-de864b7\">\n                    \n\t\t\t\t\t\t<div class=\"eael-feature-list-icon-box\">\n\t\t\t\t\t\t\t<div class=\"eael-feature-list-icon-inner\">\n\n\t\t\t\t\t\t\t\t<a class=\"eael-feature-list-icon fl-icon-7\"href=\"https:\/\/www.keane.fr\/en\/interviews\/tim-richard-11-septembre-2006\/\">\n\n\t\t<i aria-hidden=\"true\" class=\"fas fa-sun\"><\/i>\t\t\t\t\t\t\t\t<\/a>\n\t\t\t\t\t\t\t<\/div>\n\t\t\t\t\t\t<\/div>\n\t\t\t\t\t\t<div class=\"eael-feature-list-content-box\">\n                            <h2 class=\"eael-feature-list-title\"><a href=\"https:\/\/www.keane.fr\/en\/interviews\/tim-richard-11-septembre-2006\/\">Tim &amp; Richard - 11 September 2006<\/a><\/h2>\t\t\t\t\t\t<p class=\"eael-feature-list-content\">Tim and Richard having a bit of spare time at the moment, were kind enough to answer a few questions asked by the fans.<\/p>\n\t\t\t\t\t\t<\/div>\n\n\t\t\t\t\t<\/li>\n\t\t\t\t                <li class=\"eael-feature-list-item elementor-repeater-item-956f5ce\">\n                    \n\t\t\t\t\t\t<div class=\"eael-feature-list-icon-box\">\n\t\t\t\t\t\t\t<div class=\"eael-feature-list-icon-inner\">\n\n\t\t\t\t\t\t\t\t<a class=\"eael-feature-list-icon fl-icon-8\"href=\"https:\/\/www.keane.fr\/en\/interviews\/tim-8-juin-2006\/\">\n\n\t\t<i aria-hidden=\"true\" class=\"fas fa-snowman\"><\/i>\t\t\t\t\t\t\t\t<\/a>\n\t\t\t\t\t\t\t<\/div>\n\t\t\t\t\t\t<\/div>\n\t\t\t\t\t\t<div class=\"eael-feature-list-content-box\">\n                            <h2 class=\"eael-feature-list-title\"><a href=\"https:\/\/www.keane.fr\/en\/interviews\/tim-8-juin-2006\/\">Tim - Universal, Advent Calendar 2007<\/a><\/h2>\t\t\t\t\t\t<p class=\"eael-feature-list-content\">This audio interview of Tim Rice-Oxley, made after \"Under The Iron Sea\" came out, on the 8th of June 2006, was offered to Keane.fr newsletter's suscribers, bits by bits in an Advent Calendar in 2007, in order to celebrate the end of Keane's second album campaign.\nBig thanks to Universal for handing out to us this recording and allowing us to publish it.<\/p>\n\t\t\t\t\t\t<\/div>\n\n\t\t\t\t\t<\/li>\n\t\t\t\t                <li class=\"eael-feature-list-item elementor-repeater-item-803f704\">\n                    \n\t\t\t\t\t\t<div class=\"eael-feature-list-icon-box\">\n\t\t\t\t\t\t\t<div class=\"eael-feature-list-icon-inner\">\n\n\t\t\t\t\t\t\t\t<a class=\"eael-feature-list-icon fl-icon-9\"href=\"https:\/\/www.keane.fr\/en\/interviews\/sanna-annukka-smith-mai-2006\/\">\n\n\t\t<i aria-hidden=\"true\" class=\"fas fa-crow\"><\/i>\t\t\t\t\t\t\t\t<\/a>\n\t\t\t\t\t\t\t<\/div>\n\t\t\t\t\t\t<\/div>\n\t\t\t\t\t\t<div class=\"eael-feature-list-content-box\">\n                            <h2 class=\"eael-feature-list-title\"><a href=\"https:\/\/www.keane.fr\/en\/interviews\/sanna-annukka-smith-mai-2006\/\">Sanna Annukka - official forum, in May 2006<\/a><\/h2>\t\t\t\t\t\t<p class=\"eael-feature-list-content\">Sanna Annukka is the artist behind the 'Under The Iron Sea' artwork. You can see her creations on her <a href=\"https:\/\/www.sanna-annukka.com\/\">website<\/a>.\n<br>\nFans had the chance to suggest questions for Sanna on the official forum.<\/p>\n\t\t\t\t\t\t<\/div>\n\n\t\t\t\t\t<\/li>\n\t\t\t\t                <li class=\"eael-feature-list-item elementor-repeater-item-df3c894\">\n                    \n\t\t\t\t\t\t<div class=\"eael-feature-list-icon-box\">\n\t\t\t\t\t\t\t<div class=\"eael-feature-list-icon-inner\">\n\n\t\t\t\t\t\t\t\t<a class=\"eael-feature-list-icon fl-icon-10\"href=\"https:\/\/www.keane.fr\/en\/interviews\/david-lupton-26-janvier-2006\/\">\n\n\t\t<i aria-hidden=\"true\" class=\"fas fa-paint-brush\"><\/i>\t\t\t\t\t\t\t\t<\/a>\n\t\t\t\t\t\t\t<\/div>\n\t\t\t\t\t\t<\/div>\n\t\t\t\t\t\t<div class=\"eael-feature-list-content-box\">\n                            <h2 class=\"eael-feature-list-title\"><a href=\"https:\/\/www.keane.fr\/en\/interviews\/david-lupton-26-janvier-2006\/\">David Lupton - 26 January 2006<\/a><\/h2>\t\t\t\t\t\t<p class=\"eael-feature-list-content\">David Lupton is now quite famous among the Keane fans for having created some illustrations for the band, used on tour posters, the Live EP cover, drawings for the videos, Keane official site and board.  So we decided to know a bit more on David Lupton and his work, and we were lucky enough to realise this interview by mail with him.  You can find out David Lupton work on his <a href=\"https:\/\/www.david-lupton.com\/\">website<\/a>.<\/p>\n\t\t\t\t\t\t<\/div>\n\n\t\t\t\t\t<\/li>\n\t\t\t\t                <li class=\"eael-feature-list-item elementor-repeater-item-7c14d9a\">\n                    \n\t\t\t\t\t\t<div class=\"eael-feature-list-icon-box\">\n\t\t\t\t\t\t\t<div class=\"eael-feature-list-icon-inner\">\n\n\t\t\t\t\t\t\t\t<a class=\"eael-feature-list-icon fl-icon-11\"href=\"https:\/\/www.keane.fr\/en\/interviews\/richard-24-mars-2005\/\">\n\n\t\t<i aria-hidden=\"true\" class=\"fas fa-cat\"><\/i>\t\t\t\t\t\t\t\t<\/a>\n\t\t\t\t\t\t\t<\/div>\n\t\t\t\t\t\t<\/div>\n\t\t\t\t\t\t<div class=\"eael-feature-list-content-box\">\n                            <h2 class=\"eael-feature-list-title\"><a href=\"https:\/\/www.keane.fr\/en\/interviews\/richard-24-mars-2005\/\">Richard - L'A\u00e9ronef (Lille), 24 March 2005 <\/a><\/h2>\t\t\t\t\t\t<p class=\"eael-feature-list-content\">Le Monde de Keane Team had the honor to met Richard before the gig in Lille, on the 24th of March 2005.<\/p>\n\t\t\t\t\t\t<\/div>\n\n\t\t\t\t\t<\/li>\n\t\t\t\t\t\t\t<\/ul>\n\t\t<\/div>\n\t\t\t\t\t\t<\/div>\n\t\t\t\t<\/div>\n\t\t\t\t\t<\/div>\n\t\t<\/div>\n\t\t\t\t\t<\/div>\n\t\t<\/section>\n\t\t\t\t<\/div>","protected":false},"excerpt":{"rendered":"<p>Richard &#8211; 6 juin 2024 Apr\u00e8s la fin de la tourn\u00e9e europ\u00e9enne anniversaire et au d\u00e9marrage de la grande tourn\u00e9e estivale du groupe (de passage en France en Normandie le 22 juillet!), nous avons pu leur envoyer quelques questions. La tourn\u00e9e europ\u00e9enne, les souvenirs, la musique&#8230; Richard nous a r\u00e9pondu ! Tim &amp; Jesse &#8211; [&hellip;]<\/p>\n","protected":false},"author":1,"featured_media":0,"parent":0,"menu_order":0,"comment_status":"closed","ping_status":"closed","template":"","meta":{"ocean_post_layout":"","ocean_both_sidebars_style":"","ocean_both_sidebars_content_width":0,"ocean_both_sidebars_sidebars_width":0,"ocean_sidebar":"0","ocean_second_sidebar":"0","ocean_disable_margins":"enable","ocean_add_body_class":"","ocean_shortcode_before_top_bar":"","ocean_shortcode_after_top_bar":"","ocean_shortcode_before_header":"","ocean_shortcode_after_header":"","ocean_has_shortcode":"","ocean_shortcode_after_title":"","ocean_shortcode_before_footer_widgets":"","ocean_shortcode_after_footer_widgets":"","ocean_shortcode_before_footer_bottom":"","ocean_shortcode_after_footer_bottom":"","ocean_display_top_bar":"default","ocean_display_header":"default","ocean_header_style":"","ocean_center_header_left_menu":"0","ocean_custom_header_template":"0","ocean_custom_logo":0,"ocean_custom_retina_logo":0,"ocean_custom_logo_max_width":0,"ocean_custom_logo_tablet_max_width":0,"ocean_custom_logo_mobile_max_width":0,"ocean_custom_logo_max_height":0,"ocean_custom_logo_tablet_max_height":0,"ocean_custom_logo_mobile_max_height":0,"ocean_header_custom_menu":"0","ocean_menu_typo_font_family":"0","ocean_menu_typo_font_subset":"","ocean_menu_typo_font_size":0,"ocean_menu_typo_font_size_tablet":0,"ocean_menu_typo_font_size_mobile":0,"ocean_menu_typo_font_size_unit":"px","ocean_menu_typo_font_weight":"","ocean_menu_typo_font_weight_tablet":"","ocean_menu_typo_font_weight_mobile":"","ocean_menu_typo_transform":"","ocean_menu_typo_transform_tablet":"","ocean_menu_typo_transform_mobile":"","ocean_menu_typo_line_height":0,"ocean_menu_typo_line_height_tablet":0,"ocean_menu_typo_line_height_mobile":0,"ocean_menu_typo_line_height_unit":"","ocean_menu_typo_spacing":0,"ocean_menu_typo_spacing_tablet":0,"ocean_menu_typo_spacing_mobile":0,"ocean_menu_typo_spacing_unit":"","ocean_menu_link_color":"","ocean_menu_link_color_hover":"","ocean_menu_link_color_active":"","ocean_menu_link_background":"","ocean_menu_link_hover_background":"","ocean_menu_link_active_background":"","ocean_menu_social_links_bg":"","ocean_menu_social_hover_links_bg":"","ocean_menu_social_links_color":"","ocean_menu_social_hover_links_color":"","ocean_disable_title":"default","ocean_disable_heading":"default","ocean_post_title":"","ocean_post_subheading":"","ocean_post_title_style":"","ocean_post_title_background_color":"","ocean_post_title_background":0,"ocean_post_title_bg_image_position":"","ocean_post_title_bg_image_attachment":"","ocean_post_title_bg_image_repeat":"","ocean_post_title_bg_image_size":"","ocean_post_title_height":0,"ocean_post_title_bg_overlay":0.5,"ocean_post_title_bg_overlay_color":"","ocean_disable_breadcrumbs":"default","ocean_breadcrumbs_color":"","ocean_breadcrumbs_separator_color":"","ocean_breadcrumbs_links_color":"","ocean_breadcrumbs_links_hover_color":"","ocean_display_footer_widgets":"default","ocean_display_footer_bottom":"default","ocean_custom_footer_template":"0","footnotes":""},"class_list":["post-2952","page","type-page","status-publish","hentry","entry"],"_links":{"self":[{"href":"https:\/\/www.keane.fr\/en\/wp-json\/wp\/v2\/pages\/2952","targetHints":{"allow":["GET"]}}],"collection":[{"href":"https:\/\/www.keane.fr\/en\/wp-json\/wp\/v2\/pages"}],"about":[{"href":"https:\/\/www.keane.fr\/en\/wp-json\/wp\/v2\/types\/page"}],"author":[{"embeddable":true,"href":"https:\/\/www.keane.fr\/en\/wp-json\/wp\/v2\/users\/1"}],"replies":[{"embeddable":true,"href":"https:\/\/www.keane.fr\/en\/wp-json\/wp\/v2\/comments?post=2952"}],"version-history":[{"count":5,"href":"https:\/\/www.keane.fr\/en\/wp-json\/wp\/v2\/pages\/2952\/revisions"}],"predecessor-version":[{"id":4317,"href":"https:\/\/www.keane.fr\/en\/wp-json\/wp\/v2\/pages\/2952\/revisions\/4317"}],"wp:attachment":[{"href":"https:\/\/www.keane.fr\/en\/wp-json\/wp\/v2\/media?parent=2952"}],"curies":[{"name":"wp","href":"https:\/\/api.w.org\/{rel}","templated":true}]}}