{"id":303,"date":"2012-04-19T09:11:33","date_gmt":"2012-04-19T08:11:33","guid":{"rendered":"http:\/\/www.keane.fr\/v4\/?page_id=303"},"modified":"2012-05-07T17:06:37","modified_gmt":"2012-05-07T15:06:37","slug":"louis-armstrong-what-a-wonderful-world","status":"publish","type":"page","link":"https:\/\/www.keane.fr\/en\/louis-armstrong-what-a-wonderful-world\/","title":{"rendered":"Louis Armstrong &#8211; What a wonderful world"},"content":{"rendered":"<p><em>George Weiss \/ Bob Thiele<\/em><\/p>\n<p>I see trees of green, red roses too<br \/>\nI see them bloom for me and you<br \/>\nAnd I think to myself, what a wonderful world<\/p>\n<p>I see skies of blue and clouds of white<br \/>\nThe bright blessed day, the dark sacred night<br \/>\nAnd I think to myself, what a wonderful world<\/p>\n<p>The colours of the rainbow, so pretty in the sky<br \/>\nAre also on the faces of people going by<br \/>\nI see friends shakin&rsquo; hands, sayin&rsquo; \u00ab\u00a0How do you do?\u00a0\u00bb<br \/>\nThey&rsquo;re really saying \u00ab\u00a0I love you\u00a0\u00bb<\/p>\n<p>I hear babies cryin&rsquo;, I watch them grow<br \/>\nThey&rsquo;ll learn much more than I&rsquo;ll ever know<br \/>\nAnd I think to myself, what a wonderful world<br \/>\nYes, I think to myself, what a wonderful world<\/p>\n<p>Oh yeah<\/p>\n<p>Cette version fut enregistr\u00e9e \u00e0 l&rsquo;origine pour Comic Relief et \u00e9tait disponible sur MakePovertyHistory.org.<\/p>","protected":false},"excerpt":{"rendered":"<p>George Weiss \/ Bob Thiele I see trees of green, red roses too I see them bloom for me and you And I think to myself, what a wonderful world I see skies of blue and clouds of white The bright blessed day, the dark sacred night And I think to myself, what a wonderful [&hellip;]<\/p>\n","protected":false},"author":1,"featured_media":0,"parent":0,"menu_order":0,"comment_status":"closed","ping_status":"open","template":"onecolumn-page.php","meta":{"ocean_post_layout":"","ocean_both_sidebars_style":"","ocean_both_sidebars_content_width":0,"ocean_both_sidebars_sidebars_width":0,"ocean_sidebar":"","ocean_second_sidebar":"","ocean_disable_margins":"enable","ocean_add_body_class":"","ocean_shortcode_before_top_bar":"","ocean_shortcode_after_top_bar":"","ocean_shortcode_before_header":"","ocean_shortcode_after_header":"","ocean_has_shortcode":"","ocean_shortcode_after_title":"","ocean_shortcode_before_footer_widgets":"","ocean_shortcode_after_footer_widgets":"","ocean_shortcode_before_footer_bottom":"","ocean_shortcode_after_footer_bottom":"","ocean_display_top_bar":"default","ocean_display_header":"default","ocean_header_style":"","ocean_center_header_left_menu":"","ocean_custom_header_template":"","ocean_custom_logo":0,"ocean_custom_retina_logo":0,"ocean_custom_logo_max_width":0,"ocean_custom_logo_tablet_max_width":0,"ocean_custom_logo_mobile_max_width":0,"ocean_custom_logo_max_height":0,"ocean_custom_logo_tablet_max_height":0,"ocean_custom_logo_mobile_max_height":0,"ocean_header_custom_menu":"","ocean_menu_typo_font_family":"","ocean_menu_typo_font_subset":"","ocean_menu_typo_font_size":0,"ocean_menu_typo_font_size_tablet":0,"ocean_menu_typo_font_size_mobile":0,"ocean_menu_typo_font_size_unit":"px","ocean_menu_typo_font_weight":"","ocean_menu_typo_font_weight_tablet":"","ocean_menu_typo_font_weight_mobile":"","ocean_menu_typo_transform":"","ocean_menu_typo_transform_tablet":"","ocean_menu_typo_transform_mobile":"","ocean_menu_typo_line_height":0,"ocean_menu_typo_line_height_tablet":0,"ocean_menu_typo_line_height_mobile":0,"ocean_menu_typo_line_height_unit":"","ocean_menu_typo_spacing":0,"ocean_menu_typo_spacing_tablet":0,"ocean_menu_typo_spacing_mobile":0,"ocean_menu_typo_spacing_unit":"","ocean_menu_link_color":"","ocean_menu_link_color_hover":"","ocean_menu_link_color_active":"","ocean_menu_link_background":"","ocean_menu_link_hover_background":"","ocean_menu_link_active_background":"","ocean_menu_social_links_bg":"","ocean_menu_social_hover_links_bg":"","ocean_menu_social_links_color":"","ocean_menu_social_hover_links_color":"","ocean_disable_title":"default","ocean_disable_heading":"default","ocean_post_title":"","ocean_post_subheading":"","ocean_post_title_style":"","ocean_post_title_background_color":"","ocean_post_title_background":0,"ocean_post_title_bg_image_position":"","ocean_post_title_bg_image_attachment":"","ocean_post_title_bg_image_repeat":"","ocean_post_title_bg_image_size":"","ocean_post_title_height":0,"ocean_post_title_bg_overlay":0.5,"ocean_post_title_bg_overlay_color":"","ocean_disable_breadcrumbs":"default","ocean_breadcrumbs_color":"","ocean_breadcrumbs_separator_color":"","ocean_breadcrumbs_links_color":"","ocean_breadcrumbs_links_hover_color":"","ocean_display_footer_widgets":"default","ocean_display_footer_bottom":"default","ocean_custom_footer_template":"","footnotes":""},"class_list":["post-303","page","type-page","status-publish","hentry","entry"],"_links":{"self":[{"href":"https:\/\/www.keane.fr\/en\/wp-json\/wp\/v2\/pages\/303","targetHints":{"allow":["GET"]}}],"collection":[{"href":"https:\/\/www.keane.fr\/en\/wp-json\/wp\/v2\/pages"}],"about":[{"href":"https:\/\/www.keane.fr\/en\/wp-json\/wp\/v2\/types\/page"}],"author":[{"embeddable":true,"href":"https:\/\/www.keane.fr\/en\/wp-json\/wp\/v2\/users\/1"}],"replies":[{"embeddable":true,"href":"https:\/\/www.keane.fr\/en\/wp-json\/wp\/v2\/comments?post=303"}],"version-history":[{"count":0,"href":"https:\/\/www.keane.fr\/en\/wp-json\/wp\/v2\/pages\/303\/revisions"}],"wp:attachment":[{"href":"https:\/\/www.keane.fr\/en\/wp-json\/wp\/v2\/media?parent=303"}],"curies":[{"name":"wp","href":"https:\/\/api.w.org\/{rel}","templated":true}]}}