{"id":3099,"date":"2021-03-03T01:42:00","date_gmt":"2021-03-03T00:42:00","guid":{"rendered":"https:\/\/www.keane.fr\/?page_id=3099"},"modified":"2023-12-14T00:32:14","modified_gmt":"2023-12-13T23:32:14","slug":"tim-26-mars-2007","status":"publish","type":"page","link":"https:\/\/www.keane.fr\/en\/interviews\/tim-26-mars-2007\/","title":{"rendered":"Tim Rice-Oxley &#8211; 26 mars 2007"},"content":{"rendered":"\t\t<div data-elementor-type=\"wp-page\" data-elementor-id=\"3099\" class=\"elementor elementor-3099\">\n\t\t\t\t\t\t<section class=\"elementor-section elementor-top-section elementor-element elementor-element-461e8600 elementor-section-boxed elementor-section-height-default elementor-section-height-default\" data-id=\"461e8600\" data-element_type=\"section\" data-e-type=\"section\">\n\t\t\t\t\t\t<div class=\"elementor-container elementor-column-gap-default\">\n\t\t\t\t\t<div class=\"elementor-column elementor-col-33 elementor-top-column elementor-element elementor-element-6ad5ca63\" data-id=\"6ad5ca63\" data-element_type=\"column\" data-e-type=\"column\">\n\t\t\t<div class=\"elementor-widget-wrap\">\n\t\t\t\t\t\t\t<\/div>\n\t\t<\/div>\n\t\t\t\t<div class=\"elementor-column elementor-col-33 elementor-top-column elementor-element elementor-element-4f4495f0\" data-id=\"4f4495f0\" data-element_type=\"column\" data-e-type=\"column\">\n\t\t\t<div class=\"elementor-widget-wrap\">\n\t\t\t\t\t\t\t<\/div>\n\t\t<\/div>\n\t\t\t\t<div class=\"elementor-column elementor-col-33 elementor-top-column elementor-element elementor-element-3f40356c\" data-id=\"3f40356c\" data-element_type=\"column\" data-e-type=\"column\">\n\t\t\t<div class=\"elementor-widget-wrap elementor-element-populated\">\n\t\t\t\t\t\t<div class=\"elementor-element elementor-element-4fe2fc48 elementor-widget elementor-widget-heading\" data-id=\"4fe2fc48\" data-element_type=\"widget\" data-e-type=\"widget\" data-widget_type=\"heading.default\">\n\t\t\t\t<div class=\"elementor-widget-container\">\n\t\t\t\t\t<h2 class=\"elementor-heading-title elementor-size-default\">Select a language \n<div class=\"trp_language_switcher_shortcode\">\n<div class=\"trp-language-switcher trp-language-switcher-container\" data-no-translation >\n    <div class=\"trp-ls-shortcode-current-language\">\n        <a href=\"#\" class=\"trp-ls-shortcode-disabled-language trp-ls-disabled-language\" title=\"English (UK)\" onclick=\"event.preventDefault()\">\n\t\t\t English (UK)\t\t<\/a>\n    <\/div>\n    <div class=\"trp-ls-shortcode-language\">\n                <a href=\"#\" class=\"trp-ls-shortcode-disabled-language trp-ls-disabled-language\"  title=\"English (UK)\" onclick=\"event.preventDefault()\">\n\t\t\t English (UK)\t\t<\/a>\n                    <a href=\"https:\/\/www.keane.fr\/en\/wp-json\/wp\/v2\/pages\/3099#TRPLINKPROCESSED\" title=\"Fran\u00e7ais\">\n             Fran\u00e7ais        <\/a>\n\n        <\/div>\n    <script type=\"application\/javascript\">\n        \/\/ need to have the same with set from JS on both divs. Otherwise it can push stuff around in HTML\n        var trp_ls_shortcodes = document.querySelectorAll('.trp_language_switcher_shortcode .trp-language-switcher');\n        if ( trp_ls_shortcodes.length > 0) {\n            \/\/ get the last language switcher added\n            var trp_el = trp_ls_shortcodes[trp_ls_shortcodes.length - 1];\n\n            var trp_shortcode_language_item = trp_el.querySelector( '.trp-ls-shortcode-language' )\n            \/\/ set width\n            var trp_ls_shortcode_width                                               = trp_shortcode_language_item.offsetWidth + 16;\n            trp_shortcode_language_item.style.width                                  = trp_ls_shortcode_width + 'px';\n            trp_el.querySelector( '.trp-ls-shortcode-current-language' ).style.width = trp_ls_shortcode_width + 'px';\n\n            \/\/ We're putting this on display: none after we have its width.\n            trp_shortcode_language_item.style.display = 'none';\n        }\n    <\/script>\n<\/div>\n<\/div><\/h2>\t\t\t\t<\/div>\n\t\t\t\t<\/div>\n\t\t\t\t\t<\/div>\n\t\t<\/div>\n\t\t\t\t\t<\/div>\n\t\t<\/section>\n\t\t\t\t<section class=\"elementor-section elementor-top-section elementor-element elementor-element-5b6d5b3f elementor-section-boxed elementor-section-height-default elementor-section-height-default\" data-id=\"5b6d5b3f\" data-element_type=\"section\" data-e-type=\"section\" data-settings=\"{&quot;background_background&quot;:&quot;classic&quot;}\">\n\t\t\t\t\t\t<div class=\"elementor-container elementor-column-gap-default\">\n\t\t\t\t\t<div class=\"elementor-column elementor-col-100 elementor-top-column elementor-element elementor-element-45a5420f\" data-id=\"45a5420f\" data-element_type=\"column\" data-e-type=\"column\" data-settings=\"{&quot;background_background&quot;:&quot;classic&quot;}\">\n\t\t\t<div class=\"elementor-widget-wrap elementor-element-populated\">\n\t\t\t\t\t\t<div class=\"elementor-element elementor-element-19468095 elementor-widget elementor-widget-heading\" data-id=\"19468095\" data-element_type=\"widget\" data-e-type=\"widget\" data-widget_type=\"heading.default\">\n\t\t\t\t<div class=\"elementor-widget-container\">\n\t\t\t\t\t<h2 class=\"elementor-heading-title elementor-size-default\">Interview Tim - 26 mars 2007<\/h2>\t\t\t\t<\/div>\n\t\t\t\t<\/div>\n\t\t\t\t<div class=\"elementor-element elementor-element-494ba6cf elementor-widget elementor-widget-text-editor\" data-id=\"494ba6cf\" data-element_type=\"widget\" data-e-type=\"widget\" data-widget_type=\"text-editor.default\">\n\t\t\t\t<div class=\"elementor-widget-container\">\n\t\t\t\t\t\t\t\t\t<p><em><b>Keane.Fr : Vous allez entamer une 1\u00e8re tourn\u00e9e en Am\u00e9rique du Sud o\u00f9 vous \u00eates tr\u00e8s attendus \u00e0 en croire les messages des fans l\u00e0-bas, vous le sentez comment?<\/b><\/em><br>Tim : Oui, il semble que nous avons un nombre de fans incroyable l\u00e0 bas. C&rsquo;est tr\u00e8s flatteur que des gens connaissent et aiment notre musique dans ces pays qui sont si loin de nos foyers, et o\u00f9 nous n&rsquo;avons jamais \u00e9t\u00e9. C&rsquo;est g\u00e9nial que la demande existe l\u00e0-bas pour que nous allions y jouer &#8211; peu de groupes britanniques peuvent justifier une tourn\u00e9e Sud Am\u00e9ricaine &#8211; donc c&rsquo;est un grand honneur, et nous sommes tr\u00e8s excit\u00e9s. Je pense que les fans seront vraiment d\u00e9cha\u00een\u00e9s.<\/p>\n<p><em><b>Nous avons lu que vous \u00e9tiez en studio entre ces 2 tourn\u00e9es : est-ce pour enregistrer de nouvelles chansons d\u00e9j\u00e0 bien abouties ou bien pour faire des essais, et est-ce que vous pouvez nous en dire un peu plus sur le style de chansons, leurs inspirations&#8230;<\/b><\/em><br>Nous avons juste commenc\u00e9 \u00e0 jouer quelques nouvelles chansons que nous avons. Quand nous avions fait \u00ab\u00a0Under the iron sea\u00a0\u00bb, nous n&rsquo;avions pas vraiment eu l&rsquo;opportunit\u00e9 de jouer les chansons tous ensemble en tant que groupe avant de les enregistrer &#8211; c&rsquo;\u00e9tait plut\u00f4t un \u00ab\u00a0album studio\u00a0\u00bb &#8211; alors que quand nous avions r\u00e9alis\u00e9 \u00ab\u00a0Hopes and Fears\u00a0\u00bb, nous avions pass\u00e9 plusieurs mois \u00e0 jouer ces chansons tous ensemble, et nous nous \u00e9tions beaucoup amus\u00e9s \u00e0 le faire. Alors cette fois nous voulons \u00eatre s\u00fbr que nous prenons le temps de jouer les chansons tous ensemble, de les essayer, de leur donner le temps de se d\u00e9velopper organiquement, sans la pression de la \u00ab\u00a0lumi\u00e8re rouge\u00a0\u00bb du studio d&rsquo;enregistrement. Et mieux, cela implique que nous passons du temps tous ensemble \u00e0 faire ce que nous pr\u00e9f\u00e9rons au monde &#8211; faire de la musique et partager le frisson de cr\u00e9er quelque chose \u00e0 partir de rien.<br>Je ne veux pas en dire trop \u00e0 propos du style de chanson, cependant je peux garantir que nous continuerons \u00e0 faire de nouvelles et diff\u00e9rentes choses plut\u00f4t que de nous maintenir \u00e0 flots, comme on dit. Pour ce qui est des inspirations, comme toujours nous sommes toujours en train de chercher ailleurs pour de nouvelles id\u00e9es dans les endroits les plus inattendus. L\u00e0 comme \u00e7a je dirais que les choses que j&rsquo;ai pu \u00e9couter r\u00e9cemment sont ABBA, Jay-Z, Panic! At The Disco, Stevie Wonder et Blur. Et aussi pas mal de Dolly Parton et de Johnny Cash. J&rsquo;ai \u00e9t\u00e9 voir Dolly \u00e0 Wembley la semaine derni\u00e8re et elle \u00e9tait assez formidable.<\/p>\n<p><em><b>Pendant plusieurs de vos concerts nous avons pu admirer et appr\u00e9cier plusieurs de vos titres en acoustique, est-ce qu&rsquo;il y aura un jour un album acoustique? Pourquoi pas un bonus sur le prochain album? Est-ce qu&rsquo;une tourn\u00e9e acoustique comme Noel Gallagher en ce moment est une chose que vous pourriez faire un jour?<\/b><\/em><br>On verra! Je pense parfois que ces choses sont meilleures si ce sont des moments magiques dans un concert plut\u00f4t que transpos\u00e9es sur des albums. J&rsquo;adore me tenir debout sur le bord de la sc\u00e8ne en regardant Tom jouant \u00ab\u00a0Broken Toy\u00a0\u00bb en acoustique. J&rsquo;ai trouv\u00e9 que c&rsquo;\u00e9tait vraiment un beau moment. C&rsquo;\u00e9tait vraiment amusant de jouer \u00ab\u00a0The Frog Prince\u00a0\u00bb de cette fa\u00e7on aussi. Je pense que cela nous donne, et au public, une opportunit\u00e9 de vraiment se concentrer sur la chanson dans sa forme la plus pure.<\/p>\n<p><em><b>Pourquoi avez-vous choisi le CP 70 et pas un autre piano ?<\/b><\/em><br>Je l&rsquo;ai d\u00e9couvert dans un livre appel\u00e9 \u00ab\u00a0Making music\u00a0\u00bb, qui traitait des diff\u00e9rents aspects de la r\u00e9alisation de disques. Je l&rsquo;ai emprunt\u00e9 \u00e0 Tom, et je ne lui ai jamais rendu! J&rsquo;ai trouv\u00e9 que l&rsquo;id\u00e9e d&rsquo;un piano qui se s\u00e9pare en deux et peut \u00eatre branch\u00e9 sur un ampli exactement comme une guitare \u00e9tait vraiment \u00e9tonnante. Donc j&rsquo;en ai cherch\u00e9 un et je l&rsquo;ai achet\u00e9, et d\u00e8s que nous l&rsquo;avons essay\u00e9 avec le groupe \u00e7a sonnait tout simplement bien. C&rsquo;est incroyable de penser qu&rsquo;au tout d\u00e9but, nous avions l&rsquo;habitude de mettre le CP70 dans le coffre d&rsquo;une Ford Fiesta et de conduire jusqu&rsquo;\u00e0 Londres pour des concerts. Nous n&rsquo;avons jamais vu un autre groupe qui transportait un vrai piano avec eux pour des petits concerts, donc nous avons commenc\u00e9 \u00e0 nous rendre compte que nous avions quelque chose qui avait un look et un son unique.<\/p>\n<p><em><b>Lors de l&rsquo;interview que tu avais eu la gentillesse de nous donner en novembre dernier au Z\u00e9nith de Paris, tu appr\u00e9hendais un peu le retour sur la chanson que tu as compos\u00e9e pour Gwen Stefani. Que penses-tu des critiques, retours, etc&#8230; maintenant sur sa chanson, \u00e0 froid?<\/b><\/em><br>Ca a tr\u00e8s bien fonctionn\u00e9. La chanson a vraiment eu un bon retour des gens, et de la part des m\u00e9dias. J&rsquo;ai ador\u00e9 travailler avec Gwen, et j&rsquo;ai vraiment appris beaucoup de cette collaboration.<\/p>\n<p><em><b>Tu sembles chanter plus et sur plus de chansons, est-ce que tu penses que, dans un futur proche, tu pourrais chanter une chanson enti\u00e8re ou peut-\u00eatre faire un duo avec Tom?<\/b><\/em><br>Tom veut essayer une de nos nouvelles chansons en une sorte de duo, un peu comme \u00ab\u00a0Two of us\u00a0\u00bb des Beatles, donc on va voir ce que \u00e7a donne! J&rsquo;adore chanter, et c&rsquo;est g\u00e9nial de chanter ces chansons \u00e0 tue-t\u00eate dans les concerts, mais quant il s&rsquo;agit de les enregistrer ce qui se passe en r\u00e8gle g\u00e9n\u00e9rale c&rsquo;est que je chante sur la d\u00e9mo ou autre, et ensuite quand Tom commence \u00e0 la chanter je pense, \u00ab\u00a0Ah&#8230; c&rsquo;est comme \u00e7a que je voulais que \u00e7a sonne!\u00a0\u00bb. C&rsquo;est assez dur pour moi de chanter mieux que Tom la chante. Mais je m&rsquo;y essaierai probablement un de ces jours.<\/p>\t\t\t\t\t\t\t\t<\/div>\n\t\t\t\t<\/div>\n\t\t\t\t\t<\/div>\n\t\t<\/div>\n\t\t\t\t\t<\/div>\n\t\t<\/section>\n\t\t\t\t<\/div>\n\t\t","protected":false},"excerpt":{"rendered":"<p>Select a language Interview Tim &#8211; 26 mars 2007 Keane.Fr : Vous allez entamer une 1\u00e8re tourn\u00e9e en Am\u00e9rique du Sud o\u00f9 vous \u00eates tr\u00e8s attendus \u00e0 en croire les messages des fans l\u00e0-bas, vous le sentez comment?Tim : Oui, il semble que nous avons un nombre de fans incroyable l\u00e0 bas. C&rsquo;est tr\u00e8s flatteur [&hellip;]<\/p>\n","protected":false},"author":1,"featured_media":0,"parent":2952,"menu_order":0,"comment_status":"closed","ping_status":"closed","template":"","meta":{"ocean_post_layout":"","ocean_both_sidebars_style":"","ocean_both_sidebars_content_width":0,"ocean_both_sidebars_sidebars_width":0,"ocean_sidebar":"0","ocean_second_sidebar":"0","ocean_disable_margins":"enable","ocean_add_body_class":"","ocean_shortcode_before_top_bar":"","ocean_shortcode_after_top_bar":"","ocean_shortcode_before_header":"","ocean_shortcode_after_header":"","ocean_has_shortcode":"","ocean_shortcode_after_title":"","ocean_shortcode_before_footer_widgets":"","ocean_shortcode_after_footer_widgets":"","ocean_shortcode_before_footer_bottom":"","ocean_shortcode_after_footer_bottom":"","ocean_display_top_bar":"default","ocean_display_header":"default","ocean_header_style":"","ocean_center_header_left_menu":"0","ocean_custom_header_template":"0","ocean_custom_logo":0,"ocean_custom_retina_logo":0,"ocean_custom_logo_max_width":0,"ocean_custom_logo_tablet_max_width":0,"ocean_custom_logo_mobile_max_width":0,"ocean_custom_logo_max_height":0,"ocean_custom_logo_tablet_max_height":0,"ocean_custom_logo_mobile_max_height":0,"ocean_header_custom_menu":"0","ocean_menu_typo_font_family":"0","ocean_menu_typo_font_subset":"","ocean_menu_typo_font_size":0,"ocean_menu_typo_font_size_tablet":0,"ocean_menu_typo_font_size_mobile":0,"ocean_menu_typo_font_size_unit":"px","ocean_menu_typo_font_weight":"","ocean_menu_typo_font_weight_tablet":"","ocean_menu_typo_font_weight_mobile":"","ocean_menu_typo_transform":"","ocean_menu_typo_transform_tablet":"","ocean_menu_typo_transform_mobile":"","ocean_menu_typo_line_height":0,"ocean_menu_typo_line_height_tablet":0,"ocean_menu_typo_line_height_mobile":0,"ocean_menu_typo_line_height_unit":"","ocean_menu_typo_spacing":0,"ocean_menu_typo_spacing_tablet":0,"ocean_menu_typo_spacing_mobile":0,"ocean_menu_typo_spacing_unit":"","ocean_menu_link_color":"","ocean_menu_link_color_hover":"","ocean_menu_link_color_active":"","ocean_menu_link_background":"","ocean_menu_link_hover_background":"","ocean_menu_link_active_background":"","ocean_menu_social_links_bg":"","ocean_menu_social_hover_links_bg":"","ocean_menu_social_links_color":"","ocean_menu_social_hover_links_color":"","ocean_disable_title":"default","ocean_disable_heading":"default","ocean_post_title":"","ocean_post_subheading":"","ocean_post_title_style":"","ocean_post_title_background_color":"","ocean_post_title_background":0,"ocean_post_title_bg_image_position":"","ocean_post_title_bg_image_attachment":"","ocean_post_title_bg_image_repeat":"","ocean_post_title_bg_image_size":"","ocean_post_title_height":0,"ocean_post_title_bg_overlay":0.5,"ocean_post_title_bg_overlay_color":"","ocean_disable_breadcrumbs":"default","ocean_breadcrumbs_color":"","ocean_breadcrumbs_separator_color":"","ocean_breadcrumbs_links_color":"","ocean_breadcrumbs_links_hover_color":"","ocean_display_footer_widgets":"default","ocean_display_footer_bottom":"default","ocean_custom_footer_template":"0","footnotes":""},"class_list":["post-3099","page","type-page","status-publish","hentry","entry"],"_links":{"self":[{"href":"https:\/\/www.keane.fr\/en\/wp-json\/wp\/v2\/pages\/3099","targetHints":{"allow":["GET"]}}],"collection":[{"href":"https:\/\/www.keane.fr\/en\/wp-json\/wp\/v2\/pages"}],"about":[{"href":"https:\/\/www.keane.fr\/en\/wp-json\/wp\/v2\/types\/page"}],"author":[{"embeddable":true,"href":"https:\/\/www.keane.fr\/en\/wp-json\/wp\/v2\/users\/1"}],"replies":[{"embeddable":true,"href":"https:\/\/www.keane.fr\/en\/wp-json\/wp\/v2\/comments?post=3099"}],"version-history":[{"count":5,"href":"https:\/\/www.keane.fr\/en\/wp-json\/wp\/v2\/pages\/3099\/revisions"}],"predecessor-version":[{"id":4206,"href":"https:\/\/www.keane.fr\/en\/wp-json\/wp\/v2\/pages\/3099\/revisions\/4206"}],"up":[{"embeddable":true,"href":"https:\/\/www.keane.fr\/en\/wp-json\/wp\/v2\/pages\/2952"}],"wp:attachment":[{"href":"https:\/\/www.keane.fr\/en\/wp-json\/wp\/v2\/media?parent=3099"}],"curies":[{"name":"wp","href":"https:\/\/api.w.org\/{rel}","templated":true}]}}