{"id":3105,"date":"2021-03-03T01:44:52","date_gmt":"2021-03-03T00:44:52","guid":{"rendered":"https:\/\/www.keane.fr\/?page_id=3105"},"modified":"2023-12-14T00:32:00","modified_gmt":"2023-12-13T23:32:00","slug":"richard-26-mars-2007","status":"publish","type":"page","link":"https:\/\/www.keane.fr\/en\/interviews\/richard-26-mars-2007\/","title":{"rendered":"Richard Hugues &#8211; 26 mars 2007"},"content":{"rendered":"\t\t<div data-elementor-type=\"wp-page\" data-elementor-id=\"3105\" class=\"elementor elementor-3105\">\n\t\t\t\t\t\t<section class=\"elementor-section elementor-top-section elementor-element elementor-element-7a2d10d0 elementor-section-boxed elementor-section-height-default elementor-section-height-default\" data-id=\"7a2d10d0\" data-element_type=\"section\" data-e-type=\"section\">\n\t\t\t\t\t\t<div class=\"elementor-container elementor-column-gap-default\">\n\t\t\t\t\t<div class=\"elementor-column elementor-col-33 elementor-top-column elementor-element elementor-element-222dc12c\" data-id=\"222dc12c\" data-element_type=\"column\" data-e-type=\"column\">\n\t\t\t<div class=\"elementor-widget-wrap\">\n\t\t\t\t\t\t\t<\/div>\n\t\t<\/div>\n\t\t\t\t<div class=\"elementor-column elementor-col-33 elementor-top-column elementor-element elementor-element-d308ec\" data-id=\"d308ec\" data-element_type=\"column\" data-e-type=\"column\">\n\t\t\t<div class=\"elementor-widget-wrap\">\n\t\t\t\t\t\t\t<\/div>\n\t\t<\/div>\n\t\t\t\t<div class=\"elementor-column elementor-col-33 elementor-top-column elementor-element elementor-element-4e71b2c5\" data-id=\"4e71b2c5\" data-element_type=\"column\" data-e-type=\"column\">\n\t\t\t<div class=\"elementor-widget-wrap elementor-element-populated\">\n\t\t\t\t\t\t<div class=\"elementor-element elementor-element-7c2568d elementor-widget elementor-widget-heading\" data-id=\"7c2568d\" data-element_type=\"widget\" data-e-type=\"widget\" data-widget_type=\"heading.default\">\n\t\t\t\t<div class=\"elementor-widget-container\">\n\t\t\t\t\t<h2 class=\"elementor-heading-title elementor-size-default\">Select a language \n<div class=\"trp_language_switcher_shortcode\">\n<div class=\"trp-language-switcher trp-language-switcher-container\" data-no-translation >\n    <div class=\"trp-ls-shortcode-current-language\">\n        <a href=\"#\" class=\"trp-ls-shortcode-disabled-language trp-ls-disabled-language\" title=\"English (UK)\" onclick=\"event.preventDefault()\">\n\t\t\t English (UK)\t\t<\/a>\n    <\/div>\n    <div class=\"trp-ls-shortcode-language\">\n                <a href=\"#\" class=\"trp-ls-shortcode-disabled-language trp-ls-disabled-language\"  title=\"English (UK)\" onclick=\"event.preventDefault()\">\n\t\t\t English (UK)\t\t<\/a>\n                    <a href=\"https:\/\/www.keane.fr\/en\/wp-json\/wp\/v2\/pages\/3105#TRPLINKPROCESSED\" title=\"Fran\u00e7ais\">\n             Fran\u00e7ais        <\/a>\n\n        <\/div>\n    <script type=\"application\/javascript\">\n        \/\/ need to have the same with set from JS on both divs. Otherwise it can push stuff around in HTML\n        var trp_ls_shortcodes = document.querySelectorAll('.trp_language_switcher_shortcode .trp-language-switcher');\n        if ( trp_ls_shortcodes.length > 0) {\n            \/\/ get the last language switcher added\n            var trp_el = trp_ls_shortcodes[trp_ls_shortcodes.length - 1];\n\n            var trp_shortcode_language_item = trp_el.querySelector( '.trp-ls-shortcode-language' )\n            \/\/ set width\n            var trp_ls_shortcode_width                                               = trp_shortcode_language_item.offsetWidth + 16;\n            trp_shortcode_language_item.style.width                                  = trp_ls_shortcode_width + 'px';\n            trp_el.querySelector( '.trp-ls-shortcode-current-language' ).style.width = trp_ls_shortcode_width + 'px';\n\n            \/\/ We're putting this on display: none after we have its width.\n            trp_shortcode_language_item.style.display = 'none';\n        }\n    <\/script>\n<\/div>\n<\/div><\/h2>\t\t\t\t<\/div>\n\t\t\t\t<\/div>\n\t\t\t\t\t<\/div>\n\t\t<\/div>\n\t\t\t\t\t<\/div>\n\t\t<\/section>\n\t\t\t\t<section class=\"elementor-section elementor-top-section elementor-element elementor-element-7e772b36 elementor-section-boxed elementor-section-height-default elementor-section-height-default\" data-id=\"7e772b36\" data-element_type=\"section\" data-e-type=\"section\" data-settings=\"{&quot;background_background&quot;:&quot;classic&quot;}\">\n\t\t\t\t\t\t<div class=\"elementor-container elementor-column-gap-default\">\n\t\t\t\t\t<div class=\"elementor-column elementor-col-100 elementor-top-column elementor-element elementor-element-6c3f4ee7\" data-id=\"6c3f4ee7\" data-element_type=\"column\" data-e-type=\"column\" data-settings=\"{&quot;background_background&quot;:&quot;classic&quot;}\">\n\t\t\t<div class=\"elementor-widget-wrap elementor-element-populated\">\n\t\t\t\t\t\t<div class=\"elementor-element elementor-element-3745ad12 elementor-widget elementor-widget-heading\" data-id=\"3745ad12\" data-element_type=\"widget\" data-e-type=\"widget\" data-widget_type=\"heading.default\">\n\t\t\t\t<div class=\"elementor-widget-container\">\n\t\t\t\t\t<h2 class=\"elementor-heading-title elementor-size-default\">Interview Richard Hugues - 26 mars 2007<\/h2>\t\t\t\t<\/div>\n\t\t\t\t<\/div>\n\t\t\t\t<div class=\"elementor-element elementor-element-397e224a elementor-widget elementor-widget-text-editor\" data-id=\"397e224a\" data-element_type=\"widget\" data-e-type=\"widget\" data-widget_type=\"text-editor.default\">\n\t\t\t\t<div class=\"elementor-widget-container\">\n\t\t\t\t\t\t\t\t\t<p><em><b>Keane.Fr : Richard, ton solo de batterie avant LSS lors de la tourn\u00e9e UK a \u00e9t\u00e9 tr\u00e8s appr\u00e9ci\u00e9 par les fans. Est-ce que \u00e7a ne vous donne pas envie de jouer la version \u00ab\u00a0Magic shop\u00a0\u00bb de TIS? Est-ce la voie ouverte vers des improvisations de toutes sortes en concert, des changements dans les chansons, ou \u00e9tait-ce un plaisir ponctuel?<\/b><\/em><br>Richard : C&rsquo;est dr\u00f4le que vous posiez la question, car on parlait justement de \u00ab\u00a0iron sea\u00a0\u00bb magic shop l&rsquo;autre jour. Pour \u00eatre honn\u00eate, j&rsquo;avais oubli\u00e9 cette version jusqu&rsquo;\u00e0 maintenant. La partie principale de la chanson est \u00e0 contre-temps. Il est donc difficile de jouer la batterie dessus, mais j&rsquo;ai jou\u00e9 beaucoup de diff\u00e9rents riffs dessus \u00e0 Magic Shop. Il y a donc s\u00fbrement une fa\u00e7on de la jouer&#8230;<br>A propos du solo (c&rsquo;est juste une intro longue en fait) &#8211; c&rsquo;\u00e9tait vraiment amusant \u00e0 jouer, et une superbe fa\u00e7on de terminer la partie acoustique du concert avec un grand bang. C&rsquo;est bien que la foule puisse entendre \u00e0 quel point Scott, Ant et Iain sont bons pour donner ce son \u00e0 la batterie ! Nous avons essay\u00e9 beaucoup de choses en r\u00e9p\u00e9titions avant la tourn\u00e9e et quelques unes sont rest\u00e9es. Nous nous amusons beaucoup en essayant des trucs en ce moment, anciens ou nouveaux. En fait, j&rsquo;\u00e9cris ceci depuis notre repaire secret, nous y avons d\u00e9plac\u00e9 tout notre \u00e9quipement pour commencer \u00e0 travailler sur les chansons du prochain album\u2026 Le soleil brille, les 2 autres sont en train de jouer avec quelque chose qui s&rsquo;appelle un \u00a0\u00bb vibrostomp \u00a0\u00bb qui se branche sur le piano de Tom (je pense que c&rsquo;est une p\u00e9dale de tremolo mais je ne vais pas les d\u00e9ranger). <\/p>\n<p><em><b>Il y a quelques ann\u00e9es vous faisiez la premi\u00e8re partie de Travis. Ils ressortent bient\u00f4t un nouvel album et repartent sur les routes, \u00e7a vous fait quoi? Vous y \u00e9tiez \u00e0 Londres? Que pensez-vous du nouvel album si vous l&rsquo;avez entendu?<\/b><\/em><br>Je ne l&rsquo;ai pas \u00e9cout\u00e9, mais j&rsquo;en ai parl\u00e9 avec Fran, et il en semblait vraiment content. J&rsquo;ai clairement h\u00e2te de l&rsquo;\u00e9couter. C&rsquo;est un super groupe et bien plus courageux que les gens ne le reconnaissent &#8211; leurs chansons ont toujours eu une signification et un message plus profond que ce que certaines critiques ont peut-\u00eatre pu r\u00e9aliser. C&rsquo;est tr\u00e8s facile de discr\u00e9diter un groupe si tu ne parles que de certaines choses en ignorant les autres, et je pense que beaucoup de critiques leur ont fait \u00e7a dans le pass\u00e9 &#8211; j&rsquo;esp\u00e8re que le nouvel album aura sa chance, parce qu&rsquo;ils ne l&rsquo;auraient pas sorti s&rsquo;ils n&rsquo;avaient rien \u00e0 dire. Neil est aussi un de mes batteurs pr\u00e9f\u00e9r\u00e9 alors j&rsquo;ai h\u00e2te d&rsquo;\u00e9couter ce qu&rsquo;il a fait dans ce nouvel album. J&rsquo;ai \u00e9cout\u00e9 le single Closer et je l&rsquo;aime beaucoup.<\/p>\n<p><em><b>Richard, nous avons pu voir quelques unes de tes photos sur keanemusic.com et nous avons appris que tu avais aussi pris des photos du groupe de Corin. Est-ce que tu peux nous en dire un peu plus sur cette passion?<\/b><\/em><br>Hum, c&rsquo;est juste quelque chose que j&rsquo;aime beaucoup faire. J&rsquo;ai pris un tas de photos d&rsquo;APB lors de leur concert \u00e0 Aberdeen aussi (le groupe de Iain, notre gars du son). Dans les 2 cas, je suis all\u00e9 au concert pour voir les groupes, et j&rsquo;ai juste amen\u00e9 mon appareil photo avec moi. Robin, qui joue de la batterie chez les Conspirators est \u00e9patant, et c&rsquo;est un super groupe en live &#8211; j&rsquo;ai juste \u00e9t\u00e9 voir vraiment. Je pense que ce que j&rsquo;aime est le fait de prendre des photos pour le plaisir, contrairement \u00e0 le faire en tant que travail &#8211; je peux en prendre quand je veux, et c&rsquo;est quelque chose que j&rsquo;aime. J&rsquo;avais peur que ce soit vraiment inutile d&rsquo;en mettre quelques unes sur le site web, mais quelques personnes l&rsquo;ont demand\u00e9, et \u00e0 la fin j&rsquo;ai juste pens\u00e9 \u00ab\u00a0et puis merde, on s&rsquo;en fiche ! Si les gens pensent qu&rsquo;elles sont nulles ils peuvent toujours partir en voir sur flickr!\u00a0\u00bb.<\/p>\n<p><em><b>C&rsquo;est suite et gr\u00e2ce \u00e0 votre concert de l&rsquo;Elys\u00e9e-Montmartre en novembre 2004 que nous avons cr\u00e9\u00e9 d&rsquo;abord lemondedekeane.com, puis Keane.FR, nous en avons gard\u00e9 les meilleurs souvenirs. Quels sont les v\u00f4tres pour ce premier concert en tant que groupe \u00ab\u00a0connu\u00a0\u00bb en France ? Qu&rsquo;est-ce qui vous avait le plus marqu\u00e9 ?<\/b><\/em><br>Je me souviens de l&rsquo;interview &#8211; vous ne nous aviez pas apport\u00e9 du champagne ?! Merci encore&#8230; Je ne me souviens pas si c&rsquo;\u00e9tait vous qui me l&rsquo;aviez dit, mais quelqu&rsquo;un racontait que l&rsquo;Olympia \u00e9tait la derni\u00e8re salle parisienne dans laquelle avaient jou\u00e9 les Beatles et j&rsquo;ai ador\u00e9 cette anecdote &#8211; je me souviens d&rsquo;avoir jou\u00e9 au Zodiac \u00e0 Oxford et d&rsquo;avoir pens\u00e9 que Radiohead avait jou\u00e9 sur la m\u00eame sc\u00e8ne. C&rsquo;est bien de d\u00e9couvrir l&rsquo;histoire de ces lieux. Je me rappelle aussi d&rsquo;avoir essay\u00e9 d&rsquo;aller devant la salle pour prendre une photo mais de ne pas avoir pu sortir.<\/p>\t\t\t\t\t\t\t\t<\/div>\n\t\t\t\t<\/div>\n\t\t\t\t\t<\/div>\n\t\t<\/div>\n\t\t\t\t\t<\/div>\n\t\t<\/section>\n\t\t\t\t<\/div>\n\t\t","protected":false},"excerpt":{"rendered":"<p>Select a language Interview Richard Hugues &#8211; 26 mars 2007 Keane.Fr : Richard, ton solo de batterie avant LSS lors de la tourn\u00e9e UK a \u00e9t\u00e9 tr\u00e8s appr\u00e9ci\u00e9 par les fans. Est-ce que \u00e7a ne vous donne pas envie de jouer la version \u00ab\u00a0Magic shop\u00a0\u00bb de TIS? Est-ce la voie ouverte vers des improvisations de [&hellip;]<\/p>\n","protected":false},"author":1,"featured_media":0,"parent":2952,"menu_order":0,"comment_status":"closed","ping_status":"closed","template":"","meta":{"ocean_post_layout":"","ocean_both_sidebars_style":"","ocean_both_sidebars_content_width":0,"ocean_both_sidebars_sidebars_width":0,"ocean_sidebar":"0","ocean_second_sidebar":"0","ocean_disable_margins":"enable","ocean_add_body_class":"","ocean_shortcode_before_top_bar":"","ocean_shortcode_after_top_bar":"","ocean_shortcode_before_header":"","ocean_shortcode_after_header":"","ocean_has_shortcode":"","ocean_shortcode_after_title":"","ocean_shortcode_before_footer_widgets":"","ocean_shortcode_after_footer_widgets":"","ocean_shortcode_before_footer_bottom":"","ocean_shortcode_after_footer_bottom":"","ocean_display_top_bar":"default","ocean_display_header":"default","ocean_header_style":"","ocean_center_header_left_menu":"0","ocean_custom_header_template":"0","ocean_custom_logo":0,"ocean_custom_retina_logo":0,"ocean_custom_logo_max_width":0,"ocean_custom_logo_tablet_max_width":0,"ocean_custom_logo_mobile_max_width":0,"ocean_custom_logo_max_height":0,"ocean_custom_logo_tablet_max_height":0,"ocean_custom_logo_mobile_max_height":0,"ocean_header_custom_menu":"0","ocean_menu_typo_font_family":"0","ocean_menu_typo_font_subset":"","ocean_menu_typo_font_size":0,"ocean_menu_typo_font_size_tablet":0,"ocean_menu_typo_font_size_mobile":0,"ocean_menu_typo_font_size_unit":"px","ocean_menu_typo_font_weight":"","ocean_menu_typo_font_weight_tablet":"","ocean_menu_typo_font_weight_mobile":"","ocean_menu_typo_transform":"","ocean_menu_typo_transform_tablet":"","ocean_menu_typo_transform_mobile":"","ocean_menu_typo_line_height":0,"ocean_menu_typo_line_height_tablet":0,"ocean_menu_typo_line_height_mobile":0,"ocean_menu_typo_line_height_unit":"","ocean_menu_typo_spacing":0,"ocean_menu_typo_spacing_tablet":0,"ocean_menu_typo_spacing_mobile":0,"ocean_menu_typo_spacing_unit":"","ocean_menu_link_color":"","ocean_menu_link_color_hover":"","ocean_menu_link_color_active":"","ocean_menu_link_background":"","ocean_menu_link_hover_background":"","ocean_menu_link_active_background":"","ocean_menu_social_links_bg":"","ocean_menu_social_hover_links_bg":"","ocean_menu_social_links_color":"","ocean_menu_social_hover_links_color":"","ocean_disable_title":"default","ocean_disable_heading":"default","ocean_post_title":"","ocean_post_subheading":"","ocean_post_title_style":"","ocean_post_title_background_color":"","ocean_post_title_background":0,"ocean_post_title_bg_image_position":"","ocean_post_title_bg_image_attachment":"","ocean_post_title_bg_image_repeat":"","ocean_post_title_bg_image_size":"","ocean_post_title_height":0,"ocean_post_title_bg_overlay":0.5,"ocean_post_title_bg_overlay_color":"","ocean_disable_breadcrumbs":"default","ocean_breadcrumbs_color":"","ocean_breadcrumbs_separator_color":"","ocean_breadcrumbs_links_color":"","ocean_breadcrumbs_links_hover_color":"","ocean_display_footer_widgets":"default","ocean_display_footer_bottom":"default","ocean_custom_footer_template":"0","footnotes":""},"class_list":["post-3105","page","type-page","status-publish","hentry","entry"],"_links":{"self":[{"href":"https:\/\/www.keane.fr\/en\/wp-json\/wp\/v2\/pages\/3105","targetHints":{"allow":["GET"]}}],"collection":[{"href":"https:\/\/www.keane.fr\/en\/wp-json\/wp\/v2\/pages"}],"about":[{"href":"https:\/\/www.keane.fr\/en\/wp-json\/wp\/v2\/types\/page"}],"author":[{"embeddable":true,"href":"https:\/\/www.keane.fr\/en\/wp-json\/wp\/v2\/users\/1"}],"replies":[{"embeddable":true,"href":"https:\/\/www.keane.fr\/en\/wp-json\/wp\/v2\/comments?post=3105"}],"version-history":[{"count":5,"href":"https:\/\/www.keane.fr\/en\/wp-json\/wp\/v2\/pages\/3105\/revisions"}],"predecessor-version":[{"id":4203,"href":"https:\/\/www.keane.fr\/en\/wp-json\/wp\/v2\/pages\/3105\/revisions\/4203"}],"up":[{"embeddable":true,"href":"https:\/\/www.keane.fr\/en\/wp-json\/wp\/v2\/pages\/2952"}],"wp:attachment":[{"href":"https:\/\/www.keane.fr\/en\/wp-json\/wp\/v2\/media?parent=3105"}],"curies":[{"name":"wp","href":"https:\/\/api.w.org\/{rel}","templated":true}]}}