{"id":3111,"date":"2021-03-03T01:49:30","date_gmt":"2021-03-03T00:49:30","guid":{"rendered":"https:\/\/www.keane.fr\/?page_id=3111"},"modified":"2023-12-14T00:29:32","modified_gmt":"2023-12-13T23:29:32","slug":"tim-06-novembre-2006","status":"publish","type":"page","link":"https:\/\/www.keane.fr\/en\/interviews\/tim-06-novembre-2006\/","title":{"rendered":"Tim Rice-Oxley &#8211; 06 novembre 2006"},"content":{"rendered":"\t\t<div data-elementor-type=\"wp-page\" data-elementor-id=\"3111\" class=\"elementor elementor-3111\">\n\t\t\t\t\t\t<section class=\"elementor-section elementor-top-section elementor-element elementor-element-6e8e3839 elementor-section-boxed elementor-section-height-default elementor-section-height-default\" data-id=\"6e8e3839\" data-element_type=\"section\" data-e-type=\"section\">\n\t\t\t\t\t\t<div class=\"elementor-container elementor-column-gap-default\">\n\t\t\t\t\t<div class=\"elementor-column elementor-col-33 elementor-top-column elementor-element elementor-element-6eaebff8\" data-id=\"6eaebff8\" data-element_type=\"column\" data-e-type=\"column\">\n\t\t\t<div class=\"elementor-widget-wrap\">\n\t\t\t\t\t\t\t<\/div>\n\t\t<\/div>\n\t\t\t\t<div class=\"elementor-column elementor-col-33 elementor-top-column elementor-element elementor-element-4c75aed5\" data-id=\"4c75aed5\" data-element_type=\"column\" data-e-type=\"column\">\n\t\t\t<div class=\"elementor-widget-wrap\">\n\t\t\t\t\t\t\t<\/div>\n\t\t<\/div>\n\t\t\t\t<div class=\"elementor-column elementor-col-33 elementor-top-column elementor-element elementor-element-130c2e20\" data-id=\"130c2e20\" data-element_type=\"column\" data-e-type=\"column\">\n\t\t\t<div class=\"elementor-widget-wrap elementor-element-populated\">\n\t\t\t\t\t\t<div class=\"elementor-element elementor-element-2e486406 elementor-widget elementor-widget-heading\" data-id=\"2e486406\" data-element_type=\"widget\" data-e-type=\"widget\" data-widget_type=\"heading.default\">\n\t\t\t\t<div class=\"elementor-widget-container\">\n\t\t\t\t\t<h2 class=\"elementor-heading-title elementor-size-default\">Select a language \n<div class=\"trp_language_switcher_shortcode\">\n<div class=\"trp-language-switcher trp-language-switcher-container\" data-no-translation >\n    <div class=\"trp-ls-shortcode-current-language\">\n        <a href=\"#\" class=\"trp-ls-shortcode-disabled-language trp-ls-disabled-language\" title=\"English (UK)\" onclick=\"event.preventDefault()\">\n\t\t\t English (UK)\t\t<\/a>\n    <\/div>\n    <div class=\"trp-ls-shortcode-language\">\n                <a href=\"#\" class=\"trp-ls-shortcode-disabled-language trp-ls-disabled-language\"  title=\"English (UK)\" onclick=\"event.preventDefault()\">\n\t\t\t English (UK)\t\t<\/a>\n                    <a href=\"https:\/\/www.keane.fr\/en\/wp-json\/wp\/v2\/pages\/3111#TRPLINKPROCESSED\" title=\"Fran\u00e7ais\">\n             Fran\u00e7ais        <\/a>\n\n        <\/div>\n    <script type=\"application\/javascript\">\n        \/\/ need to have the same with set from JS on both divs. Otherwise it can push stuff around in HTML\n        var trp_ls_shortcodes = document.querySelectorAll('.trp_language_switcher_shortcode .trp-language-switcher');\n        if ( trp_ls_shortcodes.length > 0) {\n            \/\/ get the last language switcher added\n            var trp_el = trp_ls_shortcodes[trp_ls_shortcodes.length - 1];\n\n            var trp_shortcode_language_item = trp_el.querySelector( '.trp-ls-shortcode-language' )\n            \/\/ set width\n            var trp_ls_shortcode_width                                               = trp_shortcode_language_item.offsetWidth + 16;\n            trp_shortcode_language_item.style.width                                  = trp_ls_shortcode_width + 'px';\n            trp_el.querySelector( '.trp-ls-shortcode-current-language' ).style.width = trp_ls_shortcode_width + 'px';\n\n            \/\/ We're putting this on display: none after we have its width.\n            trp_shortcode_language_item.style.display = 'none';\n        }\n    <\/script>\n<\/div>\n<\/div><\/h2>\t\t\t\t<\/div>\n\t\t\t\t<\/div>\n\t\t\t\t\t<\/div>\n\t\t<\/div>\n\t\t\t\t\t<\/div>\n\t\t<\/section>\n\t\t\t\t<section class=\"elementor-section elementor-top-section elementor-element elementor-element-4123b7b1 elementor-section-boxed elementor-section-height-default elementor-section-height-default\" data-id=\"4123b7b1\" data-element_type=\"section\" data-e-type=\"section\" data-settings=\"{&quot;background_background&quot;:&quot;classic&quot;}\">\n\t\t\t\t\t\t<div class=\"elementor-container elementor-column-gap-default\">\n\t\t\t\t\t<div class=\"elementor-column elementor-col-100 elementor-top-column elementor-element elementor-element-444a7608\" data-id=\"444a7608\" data-element_type=\"column\" data-e-type=\"column\" data-settings=\"{&quot;background_background&quot;:&quot;classic&quot;}\">\n\t\t\t<div class=\"elementor-widget-wrap elementor-element-populated\">\n\t\t\t\t\t\t<div class=\"elementor-element elementor-element-19882eb1 elementor-widget elementor-widget-heading\" data-id=\"19882eb1\" data-element_type=\"widget\" data-e-type=\"widget\" data-widget_type=\"heading.default\">\n\t\t\t\t<div class=\"elementor-widget-container\">\n\t\t\t\t\t<h2 class=\"elementor-heading-title elementor-size-default\">Interview Tim - Z\u00e9nith de Paris - 06 novembre 2006<\/h2>\t\t\t\t<\/div>\n\t\t\t\t<\/div>\n\t\t\t\t<div class=\"elementor-element elementor-element-26af84c7 elementor-widget elementor-widget-text-editor\" data-id=\"26af84c7\" data-element_type=\"widget\" data-e-type=\"widget\" data-widget_type=\"text-editor.default\">\n\t\t\t\t<div class=\"elementor-widget-container\">\n\t\t\t\t\t\t\t\t\t<div><em>Nous avons profit\u00e9 de la venue de Keane sur Paris pour leur poser quelques questions. C&rsquo;est donc Tim (himself) que nous avons pu rencontrer dans les loges du Z\u00e9nith juste avant le concert. Rendez-vous pris \u00e0 15h15. Enregistreur, liste de questions en poche, nous voici donc par\u00e9s&#8230; C&rsquo;est parti !!!<\/em><\/div><div>\u00a0<\/div><div><p><em><b>Keane.Fr : Les gens ont remarqu\u00e9 que, durant les derniers concerts de la tourn\u00e9e britannique, la dynamique sur sc\u00e8ne a chang\u00e9, les d\u00e9placements et tout, est-ce li\u00e9 aux r\u00e9cents \u00e9v\u00e9nements ? Qu&rsquo;en penses-tu ? Est-ce que c&rsquo;est quelque chose que vous avez travaill\u00e9 ?<\/b><\/em><br \/>Tim : Oui! Il y a un tas de raisons pour \u00e7a vraiment. Tout d&rsquo;abord, c&rsquo;est juste pour une raison pratique. Maintenant, si nous jouons pendant une heure et demie, vous savez les grands concerts en Royaume-Uni et maintenant ici, ce sont les plus longs shows que nous ayons jamais jou\u00e9s. Nous avons donc ressenti la volont\u00e9 d&rsquo;avoir un peu plus de vari\u00e9t\u00e9s, pour le public, et pour nous \u00e9galement, pour rendre les choses int\u00e9ressantes. Il y a toujours un danger, tu peux finir par tomber dans une routine sur sc\u00e8ne, et nous ne voulons vraiment pas faire \u00e7a, alors nous voulions plus de diversit\u00e9 et de nouvelles id\u00e9es. Donc oui vous savez c&rsquo;\u00e9tait vraiment bien, c&rsquo;\u00e9tait tr\u00e8s dr\u00f4le d&rsquo;essayer des nouvelles choses, et on esp\u00e8re qu&rsquo;on va continuer dans ce sens et progresser.<\/p><p><em><b>Vous avez jou\u00e9 \u00ab\u00a0The Sun ain&rsquo;t gonna shine\u00a0\u00bb \u00e0 Hull&#8230;<\/b><\/em><br \/>C&rsquo;est exact.<\/p><p><b><em>Ce qui \u00e9tait super. Avez-vous pr\u00e9vu d&rsquo;autres surprises pour la tourn\u00e9e europ\u00e9enne? Des nouvelles chansons qu&rsquo;on n&rsquo;a jamais entendues?<\/em> <\/b><br \/>Bien, nous l&rsquo;esp\u00e9rons&#8230; Pour l&rsquo;instant, nous avons essay\u00e9 de nous pousser \u00e0 introduire \u00ab\u00a0Broken toy\u00a0\u00bb, et c&rsquo;\u00e9tait la seule chanson de \u00ab\u00a0Under the iron sea\u00a0\u00bb que nous ne jouions pas. Et c&rsquo;est une chanson difficile \u00e0 jouer, mais c&rsquo;est une affaire qui marche maintenant. \u00ab\u00a0The sun ain&rsquo;t gonna shine\u00a0\u00bb, nous pensions que c&rsquo;\u00e9tait bien, mais nous avons finalement senti que nous n&rsquo;en n&rsquo;avions pas vraiment besoin. C&rsquo;est une bonne chanson \u00e9videmment, mais nous sentions que le concert \u00e9tait si intense avec par exemple \u00ab\u00a0A bad dream\u00a0\u00bb, \u00ab\u00a0Crystal ball\u00a0\u00bb, et ce sont des chansons vraiment intenses. Donc on a besoin de r\u00e9gler ces reprises. Mais oui j&rsquo;esp\u00e8re! Nous jouons la plupart des chansons que nous connaissons (rires), que nous savons bien jouer. Nous aimerions travailler de nouvelles chansons et peut-\u00eatre avoir&#8230; Je pense que Tom aimerait jouer plus de chansons \u00e0 la guitare. Alors oui, peut-\u00eatre. On y travaille!<\/p><p><b><em>Alors nous aurons peut-\u00eatre Dirrtylicious ce soir?<\/em> <\/b><br \/>(rires) C&rsquo;est possible.<\/p><p><b><em>Et vous avez du annuler le concert de Grenoble pour prendre part \u00e0 l&rsquo;\u00e9mission t\u00e9l\u00e9 Children in Need, et nous aimerions savoir si vous vouliez dire quelque chose aux fans qui devaient aller au concert? Parce qu&rsquo;ils ne comprennent pas pourquoi \u00e7a a \u00e9t\u00e9 annul\u00e9 et non pas report\u00e9, m\u00eame s&rsquo;ils sont vraiment contents que vous participiez \u00e0 une oeuvre de charit\u00e9?<\/em> <\/b><br \/>Bien, la diff\u00e9rence entre annuler et reporter est purement d&rsquo;ordre technique en ce qui concerne les concerts, pour \u00eatre honn\u00eate avec vous. Mais ce que je veux dire, c&rsquo;est que nous avons ador\u00e9 jouer&#8230; \u00e9videmment, nous avons beaucoup jou\u00e9 \u00e0 Paris, mais c&rsquo;est chouette de jouer dans diff\u00e9rentes villes de France aussi, c&rsquo;est toujours sympa de le faire. Alors j&rsquo;esp\u00e8re que nous serons de retour dans cette partie du pays bient\u00f4t. Mais ouais, nous sommes vraiment vraiment d\u00e9sol\u00e9s bien s\u00fbr de devoir faire \u00e7a. Mais, vous savez, que puis-je dire de plus? Nous essayons de ne pas annuler de concert si on peut l&rsquo;\u00e9viter, mais vous savez, honn\u00eatement, Children in Need est vraiment quelque chose d&rsquo;important auquel nous tenons, et c&rsquo;est juste un probl\u00e8me de timing vraiment.<\/p><p><em><b>Je pense que c&rsquo;est parce qu&rsquo;ici les gens ne connaissent pas du tout Children in Need. Aussi \u00e7a a pris du temps pour leur expliquer combien c&rsquo;\u00e9tait grand et important&#8230;<\/b><\/em><br \/>Oui, c&rsquo;est vraiment une chose importante, et c&rsquo;est un des \u00e9v\u00e9nements de charit\u00e9 le plus vieux du Royaume-Uni, et c&rsquo;est une belle opportunit\u00e9 pour nous d&rsquo;apporter notre soutien et d&rsquo;essayer de faire quelque chose de bien.<\/p><p><b><em>Nous avons entendu dire que tu as collabor\u00e9 avec Gwen Stefani sur son prochain album. Peux-tu nous en dire plus ou est-ce compl\u00e8tement confidentiel?<\/em> <\/b><br \/>Je ne sais pas si c&rsquo;est compl\u00e8tement secret ou pas (rires).<br \/><em><b>Allez! Dis nous tout! (rires)<\/b><\/em><br \/>Et bien, nous avons \u00e9crit 3 chansons ensemble l&rsquo;\u00e9t\u00e9 dernier. Et je ne sais pas&#8230; L&rsquo;une d&rsquo;elle sera d\u00e9finitivement sur l&rsquo;album, et je ne devrais probablement pas vous donner le titre au cas o\u00f9. Ils devraient l&rsquo;annoncer sous peu. Mais c&rsquo;est une chanson vraiment diff\u00e9rente pour elle. J&rsquo;en suis vraiment tr\u00e8s fier, elle en est tr\u00e8s contente. C&rsquo;\u00e9tait super de travailler avec elle, c&rsquo;est vraiment une personne tr\u00e8s tr\u00e8s sympathique, tr\u00e8s musicienne&#8230;<\/p><p><em><b>Je pense que nous sommes tous impatients de l&rsquo;\u00e9couter. Est-ce plus du hip-hop, comme son style actuel, ou plus rock, comme ce qu&rsquo;elle faisait avant avec No Doubt?<\/b><\/em><br \/>Ma chanson ou tout l&rsquo;album?<br \/><em><b>Ta chanson<\/b><\/em><br \/>Je dirais que c&rsquo;est une chanson que nous avons faite ensemble. Ce n&rsquo;est pas tr\u00e8s hip-hop, c&rsquo;est clairement plus une chanson pop vous voyez. C&rsquo;est exactement un peu&#8230; comme un m\u00e9lange de Keane et de Gwen Stefani. Je suis vraiment fier de la chanson. J&rsquo;en suis tr\u00e8s content. C&rsquo;est une tr\u00e8s belle chanson je pense, mais oui c&rsquo;est int\u00e9ressant pour elle, parce qu&rsquo;elle est vraiment passionn\u00e9e et je pense qu&rsquo;elle est tr\u00e8s dou\u00e9e pour chanter diff\u00e9rents styles, et cela lui va vraiment bien. D\u00e8s que j&rsquo;ai \u00e9crit la chanson, j&rsquo;ai pens\u00e9 que ce serait vraiment bien pour Gwen de la travailler. \u00c7a s&rsquo;est bien pass\u00e9. J&rsquo;esp\u00e8re qu&rsquo;elle vous plaira.<\/p><p><b><em>Bien nous verrons&#8230;(rires). Maintenant nous avons deux instrumentaux, \u00ab\u00a0The iron sea\u00a0\u00bb et \u00ab\u00a0Tyderian\u00a0\u00bb sur le nouveau single. Y a-t-il une raison pour ne pas \u00e9crire de paroles, ou est-ce une nouvelle direction, ou juste une envie de faire de la musique seulement?<\/em> <\/b><br \/>Je pense que nous avons toujours \u00e9t\u00e9 int\u00e9ress\u00e9s par beaucoup de diff\u00e9rentes formes de musique. Nous ne voulons pas nous sentir trop restreints par les chansons pop de trois minutes, et j&rsquo;ai grandi en \u00e9tant en quelque sorte forc\u00e9 d&rsquo;\u00e9couter beaucoup de musique classique, et je n&rsquo;aime pas vraiment \u00e7a en r\u00e8gle g\u00e9n\u00e9rale. Mais j&rsquo;ai toujours \u00e9t\u00e9 int\u00e9ress\u00e9 par la musique sans paroles, comme Yann Tiersen, c&rsquo;est un de mes artistes pr\u00e9f\u00e9r\u00e9s. Il fait beaucoup d&rsquo;instrumentaux et c&rsquo;est comme \u00e7a que \u00ab\u00a0The iron sea\u00a0\u00bb a \u00e9merg\u00e9, comme un proc\u00e9d\u00e9 int\u00e9ressant de d\u00e9peindre une sc\u00e8ne avec la musique plut\u00f4t que d&rsquo;utiliser des mots. Pour moi c&rsquo;est la chanson la plus \u00ab\u00a0atmosph\u00e9rique\u00a0\u00bb de l&rsquo;album et je suis content d&rsquo;y \u00eatre parvenu sans aucun mot.<br \/>Et \u00ab\u00a0Tyderian\u00a0\u00bb est une sorte de&#8230; Je suppose que j&rsquo;ai toujours \u00e9t\u00e9 influenc\u00e9 par la musique \u00e9lectronique juste en jouant moi-m\u00eame, et pour \u00eatre honn\u00eate c&rsquo;\u00e9tait (rires) une bonne opportunit\u00e9, parce que nous ne pouvions pas enregistrer une nouvelle <i>face B,<\/i> parce que Tom \u00e9tait au Priory <em><span style=\"color: #666699;\">(ndlr : l&rsquo;h\u00f4pital pour sa cure de d\u00e9sintoxication)<\/span><\/em>. Je pense juste que c&rsquo;\u00e9tait mon opportunit\u00e9 d&rsquo;\u00eatre un \u00ab\u00a0geek\u00a0\u00bb. J&rsquo;ai toujours \u00e9t\u00e9 vraiment int\u00e9ress\u00e9 par les Aphex Twin et ce genre de choses, alors je pense que c&rsquo;est juste un \u00ab\u00a0pastiche\u00a0\u00bb. Mais j&rsquo;en suis vraiment content, j&rsquo;aime la partie centrale qui change compl\u00e8tement de ton.<\/p><p><em><b>Et tu as mentionn\u00e9 Yann Tiersen. Aurons-nous la chance d&rsquo;avoir de l&rsquo;accord\u00e9on dans Keane bient\u00f4t? Nous avons entendu dire que tu en avais achet\u00e9 un \u00e0 Aberdeen&#8230;<\/b><\/em><br \/>A Inverness. Je n&rsquo;ai pas encore eu le temps d&rsquo;en jouer mais j&rsquo;aimerais l&rsquo;utiliser en fait. J&rsquo;ai&#8230; un de mes instruments pr\u00e9f\u00e9r\u00e9 est le m\u00e9lodica, qui est un instrument dont Yann Tiersen se sert beaucoup alors je pense qu&rsquo;il m&rsquo;a donn\u00e9 l&rsquo;id\u00e9e.<\/p><p><b><em>D&rsquo;ailleurs t&rsquo;en es-tu d\u00e9j\u00e0 servi sur un enregistrement? Il me semble qu&rsquo;on se posait la question sur le forum s&rsquo;il y a eu du m\u00e9lodica ou pas.<\/em> <\/b><br \/>Sur \u00ab\u00a0Fly to me\u00a0\u00bb&#8230;<\/p><p><em><b>Super! Maintenant ils ont la r\u00e9ponse!<\/b><\/em><br \/>J&rsquo;aime cet instrument. J&rsquo;aimerais m&rsquo;en servir plus.<\/p><p><b><em>Nos deux derni\u00e8res questions sont plus l\u00e9g\u00e8res. Alors, nous voulons savoir la v\u00e9rit\u00e9 : as-tu un rideau de douche \u00ab\u00a0Nothing in my way\u00a0\u00bb dans ta salle de bain?<\/em> <\/b><br \/>(rires) Non je n&rsquo;en ai pas, mais je trouve qu&rsquo;ils sont chouettes. Les douches chez moi n&rsquo;ont pas de rideau, mais des portes en verre (rires). Mais je pense que ce doit \u00eatre un peu \u00e9trange quelque part. Un peu \u00e9trange, tous les matins de se retrouver face aux bombes. Une esp\u00e8ce de publicit\u00e9 pour Keane. Mais au moins ce n&rsquo;est pas comme s&rsquo;il y avait la t\u00eate de Tom dessus (rires).<\/p><p><em><b>Qu&rsquo;est-ce que tu nous racontes l\u00e0? Que tu ne veux pas voir la t\u00eate de Tom tous les matins? (rires)<\/b><\/em><br \/>Bien je suppose (rires), peut-\u00eatre pas quand je suis sous la douche (rires).<\/p><p><b><em>Et nous avions pos\u00e9 cette question \u00e0 Richard la derni\u00e8re fois que nous l&rsquo;avons interview\u00e9 \u00e0 Lille l&rsquo;ann\u00e9e derni\u00e8re. Connais-tu des chansons fran\u00e7aises?<\/em> <\/b><br \/>Et bien je connais quelques chansons fran\u00e7aises. Je n&rsquo;en ai pas entendu de nouvelles derni\u00e8rement. J&rsquo;aime beaucoup l&rsquo;album de Carla Bruni ce qui je pense n&rsquo;est probablement pas vu comme \u00e9tant tr\u00e8s cool.<br \/><em><b>Vous avez utilis\u00e9 une de ses chansons pour le DVD Strangers&#8230;<\/b><\/em><br \/>Oui c&rsquo;est vrai. C&rsquo;est une tr\u00e8s belle chanson. Je suppose que c&rsquo;est consid\u00e9r\u00e9 comme \u00eatre \u00e9tant un peu Star Ac&rsquo;, je ne sais pas. C&rsquo;est un bel album de toute fa\u00e7on. Et je pense que Yann Tiersen est probablement celui que je connais le mieux. Ma chanson pr\u00e9f\u00e9r\u00e9e de Yann Tiersen est une chanson qui s&rsquo;appelle \u00ab\u00a0Monochrome\u00a0\u00bb qui est une chanson sublime. Vous savez, il devrait venir au concert ce soir.<\/p><p><em><b>Ce serait bien!<\/b><\/em><br \/>Ce serait chouette.<\/p><p><b><em>Vous devriez faire un duo.<\/em> <\/b><br \/>Oui peut-\u00eatre.<\/p><p><b>Eh bien merci beaucoup!<\/b><br \/>Merci.<\/p><\/div>\t\t\t\t\t\t\t\t<\/div>\n\t\t\t\t<\/div>\n\t\t\t\t\t<\/div>\n\t\t<\/div>\n\t\t\t\t\t<\/div>\n\t\t<\/section>\n\t\t\t\t<\/div>\n\t\t","protected":false},"excerpt":{"rendered":"<p>Select a language Interview Tim &#8211; Z\u00e9nith de Paris &#8211; 06 novembre 2006 Nous avons profit\u00e9 de la venue de Keane sur Paris pour leur poser quelques questions. C&rsquo;est donc Tim (himself) que nous avons pu rencontrer dans les loges du Z\u00e9nith juste avant le concert. Rendez-vous pris \u00e0 15h15. Enregistreur, liste de questions en [&hellip;]<\/p>\n","protected":false},"author":1,"featured_media":0,"parent":2952,"menu_order":0,"comment_status":"closed","ping_status":"closed","template":"","meta":{"ocean_post_layout":"","ocean_both_sidebars_style":"","ocean_both_sidebars_content_width":0,"ocean_both_sidebars_sidebars_width":0,"ocean_sidebar":"0","ocean_second_sidebar":"0","ocean_disable_margins":"enable","ocean_add_body_class":"","ocean_shortcode_before_top_bar":"","ocean_shortcode_after_top_bar":"","ocean_shortcode_before_header":"","ocean_shortcode_after_header":"","ocean_has_shortcode":"","ocean_shortcode_after_title":"","ocean_shortcode_before_footer_widgets":"","ocean_shortcode_after_footer_widgets":"","ocean_shortcode_before_footer_bottom":"","ocean_shortcode_after_footer_bottom":"","ocean_display_top_bar":"default","ocean_display_header":"default","ocean_header_style":"","ocean_center_header_left_menu":"0","ocean_custom_header_template":"0","ocean_custom_logo":0,"ocean_custom_retina_logo":0,"ocean_custom_logo_max_width":0,"ocean_custom_logo_tablet_max_width":0,"ocean_custom_logo_mobile_max_width":0,"ocean_custom_logo_max_height":0,"ocean_custom_logo_tablet_max_height":0,"ocean_custom_logo_mobile_max_height":0,"ocean_header_custom_menu":"0","ocean_menu_typo_font_family":"0","ocean_menu_typo_font_subset":"","ocean_menu_typo_font_size":0,"ocean_menu_typo_font_size_tablet":0,"ocean_menu_typo_font_size_mobile":0,"ocean_menu_typo_font_size_unit":"px","ocean_menu_typo_font_weight":"","ocean_menu_typo_font_weight_tablet":"","ocean_menu_typo_font_weight_mobile":"","ocean_menu_typo_transform":"","ocean_menu_typo_transform_tablet":"","ocean_menu_typo_transform_mobile":"","ocean_menu_typo_line_height":0,"ocean_menu_typo_line_height_tablet":0,"ocean_menu_typo_line_height_mobile":0,"ocean_menu_typo_line_height_unit":"","ocean_menu_typo_spacing":0,"ocean_menu_typo_spacing_tablet":0,"ocean_menu_typo_spacing_mobile":0,"ocean_menu_typo_spacing_unit":"","ocean_menu_link_color":"","ocean_menu_link_color_hover":"","ocean_menu_link_color_active":"","ocean_menu_link_background":"","ocean_menu_link_hover_background":"","ocean_menu_link_active_background":"","ocean_menu_social_links_bg":"","ocean_menu_social_hover_links_bg":"","ocean_menu_social_links_color":"","ocean_menu_social_hover_links_color":"","ocean_disable_title":"default","ocean_disable_heading":"default","ocean_post_title":"","ocean_post_subheading":"","ocean_post_title_style":"","ocean_post_title_background_color":"","ocean_post_title_background":0,"ocean_post_title_bg_image_position":"","ocean_post_title_bg_image_attachment":"","ocean_post_title_bg_image_repeat":"","ocean_post_title_bg_image_size":"","ocean_post_title_height":0,"ocean_post_title_bg_overlay":0.5,"ocean_post_title_bg_overlay_color":"","ocean_disable_breadcrumbs":"default","ocean_breadcrumbs_color":"","ocean_breadcrumbs_separator_color":"","ocean_breadcrumbs_links_color":"","ocean_breadcrumbs_links_hover_color":"","ocean_display_footer_widgets":"default","ocean_display_footer_bottom":"default","ocean_custom_footer_template":"0","footnotes":""},"class_list":["post-3111","page","type-page","status-publish","hentry","entry"],"_links":{"self":[{"href":"https:\/\/www.keane.fr\/en\/wp-json\/wp\/v2\/pages\/3111","targetHints":{"allow":["GET"]}}],"collection":[{"href":"https:\/\/www.keane.fr\/en\/wp-json\/wp\/v2\/pages"}],"about":[{"href":"https:\/\/www.keane.fr\/en\/wp-json\/wp\/v2\/types\/page"}],"author":[{"embeddable":true,"href":"https:\/\/www.keane.fr\/en\/wp-json\/wp\/v2\/users\/1"}],"replies":[{"embeddable":true,"href":"https:\/\/www.keane.fr\/en\/wp-json\/wp\/v2\/comments?post=3111"}],"version-history":[{"count":5,"href":"https:\/\/www.keane.fr\/en\/wp-json\/wp\/v2\/pages\/3111\/revisions"}],"predecessor-version":[{"id":4185,"href":"https:\/\/www.keane.fr\/en\/wp-json\/wp\/v2\/pages\/3111\/revisions\/4185"}],"up":[{"embeddable":true,"href":"https:\/\/www.keane.fr\/en\/wp-json\/wp\/v2\/pages\/2952"}],"wp:attachment":[{"href":"https:\/\/www.keane.fr\/en\/wp-json\/wp\/v2\/media?parent=3111"}],"curies":[{"name":"wp","href":"https:\/\/api.w.org\/{rel}","templated":true}]}}