{"id":3119,"date":"2021-03-03T01:57:08","date_gmt":"2021-03-03T00:57:08","guid":{"rendered":"https:\/\/www.keane.fr\/?page_id=3119"},"modified":"2023-12-14T00:29:45","modified_gmt":"2023-12-13T23:29:45","slug":"tim-richard-11-septembre-2006","status":"publish","type":"page","link":"https:\/\/www.keane.fr\/en\/interviews\/tim-richard-11-septembre-2006\/","title":{"rendered":"Tim Rice-Oxley &#038; Richard Hugues &#8211; 11 septembre 2006"},"content":{"rendered":"\t\t<div data-elementor-type=\"wp-page\" data-elementor-id=\"3119\" class=\"elementor elementor-3119\">\n\t\t\t\t\t\t<section class=\"elementor-section elementor-top-section elementor-element elementor-element-5a7dfdc7 elementor-section-boxed elementor-section-height-default elementor-section-height-default\" data-id=\"5a7dfdc7\" data-element_type=\"section\" data-e-type=\"section\">\n\t\t\t\t\t\t<div class=\"elementor-container elementor-column-gap-default\">\n\t\t\t\t\t<div class=\"elementor-column elementor-col-33 elementor-top-column elementor-element elementor-element-26dc7811\" data-id=\"26dc7811\" data-element_type=\"column\" data-e-type=\"column\">\n\t\t\t<div class=\"elementor-widget-wrap\">\n\t\t\t\t\t\t\t<\/div>\n\t\t<\/div>\n\t\t\t\t<div class=\"elementor-column elementor-col-33 elementor-top-column elementor-element elementor-element-340e66e7\" data-id=\"340e66e7\" data-element_type=\"column\" data-e-type=\"column\">\n\t\t\t<div class=\"elementor-widget-wrap\">\n\t\t\t\t\t\t\t<\/div>\n\t\t<\/div>\n\t\t\t\t<div class=\"elementor-column elementor-col-33 elementor-top-column elementor-element elementor-element-17f85d41\" data-id=\"17f85d41\" data-element_type=\"column\" data-e-type=\"column\">\n\t\t\t<div class=\"elementor-widget-wrap elementor-element-populated\">\n\t\t\t\t\t\t<div class=\"elementor-element elementor-element-1d73eeb1 elementor-widget elementor-widget-heading\" data-id=\"1d73eeb1\" data-element_type=\"widget\" data-e-type=\"widget\" data-widget_type=\"heading.default\">\n\t\t\t\t<div class=\"elementor-widget-container\">\n\t\t\t\t\t<h2 class=\"elementor-heading-title elementor-size-default\">Select a language \n<div class=\"trp_language_switcher_shortcode\">\n<div class=\"trp-language-switcher trp-language-switcher-container\" data-no-translation >\n    <div class=\"trp-ls-shortcode-current-language\">\n        <a href=\"#\" class=\"trp-ls-shortcode-disabled-language trp-ls-disabled-language\" title=\"English (UK)\" onclick=\"event.preventDefault()\">\n\t\t\t English (UK)\t\t<\/a>\n    <\/div>\n    <div class=\"trp-ls-shortcode-language\">\n                <a href=\"#\" class=\"trp-ls-shortcode-disabled-language trp-ls-disabled-language\"  title=\"English (UK)\" onclick=\"event.preventDefault()\">\n\t\t\t English (UK)\t\t<\/a>\n                    <a href=\"https:\/\/www.keane.fr\/en\/wp-json\/wp\/v2\/pages\/3119#TRPLINKPROCESSED\" title=\"Fran\u00e7ais\">\n             Fran\u00e7ais        <\/a>\n\n        <\/div>\n    <script type=\"application\/javascript\">\n        \/\/ need to have the same with set from JS on both divs. Otherwise it can push stuff around in HTML\n        var trp_ls_shortcodes = document.querySelectorAll('.trp_language_switcher_shortcode .trp-language-switcher');\n        if ( trp_ls_shortcodes.length > 0) {\n            \/\/ get the last language switcher added\n            var trp_el = trp_ls_shortcodes[trp_ls_shortcodes.length - 1];\n\n            var trp_shortcode_language_item = trp_el.querySelector( '.trp-ls-shortcode-language' )\n            \/\/ set width\n            var trp_ls_shortcode_width                                               = trp_shortcode_language_item.offsetWidth + 16;\n            trp_shortcode_language_item.style.width                                  = trp_ls_shortcode_width + 'px';\n            trp_el.querySelector( '.trp-ls-shortcode-current-language' ).style.width = trp_ls_shortcode_width + 'px';\n\n            \/\/ We're putting this on display: none after we have its width.\n            trp_shortcode_language_item.style.display = 'none';\n        }\n    <\/script>\n<\/div>\n<\/div><\/h2>\t\t\t\t<\/div>\n\t\t\t\t<\/div>\n\t\t\t\t\t<\/div>\n\t\t<\/div>\n\t\t\t\t\t<\/div>\n\t\t<\/section>\n\t\t\t\t<section class=\"elementor-section elementor-top-section elementor-element elementor-element-2a3927fc elementor-section-boxed elementor-section-height-default elementor-section-height-default\" data-id=\"2a3927fc\" data-element_type=\"section\" data-e-type=\"section\" data-settings=\"{&quot;background_background&quot;:&quot;classic&quot;}\">\n\t\t\t\t\t\t<div class=\"elementor-container elementor-column-gap-default\">\n\t\t\t\t\t<div class=\"elementor-column elementor-col-100 elementor-top-column elementor-element elementor-element-3d8ced82\" data-id=\"3d8ced82\" data-element_type=\"column\" data-e-type=\"column\" data-settings=\"{&quot;background_background&quot;:&quot;classic&quot;}\">\n\t\t\t<div class=\"elementor-widget-wrap elementor-element-populated\">\n\t\t\t\t\t\t<div class=\"elementor-element elementor-element-697b175b elementor-widget elementor-widget-heading\" data-id=\"697b175b\" data-element_type=\"widget\" data-e-type=\"widget\" data-widget_type=\"heading.default\">\n\t\t\t\t<div class=\"elementor-widget-container\">\n\t\t\t\t\t<h2 class=\"elementor-heading-title elementor-size-default\">Interview Tim &amp; Richard - 11 septembre 2006<\/h2>\t\t\t\t<\/div>\n\t\t\t\t<\/div>\n\t\t\t\t<div class=\"elementor-element elementor-element-149b2421 elementor-widget elementor-widget-text-editor\" data-id=\"149b2421\" data-element_type=\"widget\" data-e-type=\"widget\" data-widget_type=\"text-editor.default\">\n\t\t\t\t<div class=\"elementor-widget-container\">\n\t\t\t\t\t\t\t\t\t<p><em><b>REPONSES DE TIM<\/b><\/em><\/p>\n<p><em><b>Avec qui r\u00eaveriez vous de travailler musicalement, ne serait ce qu&rsquo;une apr\u00e8s-midi? La r\u00e9ponse peut-\u00eatre des personnes mortes comme Lennon puisque c&rsquo;est un r\u00eave.<\/b><\/em> <br>J&rsquo;adorerais travailler avec Paul Simon. C&rsquo;est le plus grand compositeur vivant, et il a \u00e9t\u00e9 une source d&rsquo;inspiration pour moi tout au long de ma vie. Heureusement il est toujours vivant, et continue de faire de la grande musique, donc peut \u00eatre que j&rsquo;aurai une chance un de ces jours!<\/p>\n<p><em><b>Quel est ta chanson pr\u00e9f\u00e9r\u00e9e de Keane? Et ta chanson pr\u00e9f\u00e9r\u00e9e dans l&rsquo;histoire de la musique?<\/b><\/em> <br>Ma chanson pr\u00e9f\u00e9r\u00e9e est probablement Greek Song de Rufus Wainwright, qui est juste ridiculeusement grandiose dans la mani\u00e8re dont il utilise les m\u00e9lodies, et aussi incroyablement atmosph\u00e9rique et r\u00e9currente. <\/p>\n<p>Choisir ma chanson pr\u00e9f\u00e9r\u00e9e de Keane est difficile. Ce serait probablement \u00ab\u00a0Atlantic\u00a0\u00bb ou \u00ab\u00a0Leaving so soon\u00a0\u00bb ?, bien que j&rsquo;adore \u00ab\u00a0Fly to me\u00a0\u00bb \u00e9galement \u2013 celle l\u00e0 a toujours \u00e9t\u00e9 un peu m\u00e9lodramatique pour moi.<\/p>\n<p><em><b>Quelle est la derni\u00e8re fois o\u00f9 vous avez \u00e9t\u00e9 \u00e9poustoufl\u00e9s par quelqu&rsquo;un en concert (je veux dire un artiste que vous \u00eates all\u00e9s voir)?<\/b><\/em> <br>Radiohead \u00e0 l&rsquo;Apollo \u00e0 Londres il y a quelques mois \u2013 c&rsquo;\u00e9tait plut\u00f4t impressionnant. Nous \u00e9tions tr\u00e8s chanceux de les voir dans une salle aussi petite. Ce sont de grands h\u00e9ros pour nous, et ils ont fait l&rsquo;un des v\u00e9ritables grands albums de nos existences. <\/p>\n<p><em><b>Quelles parties de l&rsquo;album on \u00e9t\u00e9 enregistr\u00e9es \u00e0 The Magic Shop, quelle importance ont-elles eu sur l&rsquo;album et comment ont-elles conditionn\u00e9 la suite des enregistrements quand vous \u00eates retourn\u00e9s aux studios Heliocentric?<\/b><\/em> <br>Nous avons fait un monceau de travail aux studios The Magic Shop. J&rsquo;ai trouv\u00e9 New York incroyablement inspirant. J&rsquo;ai en quelque sorte perdu le besoin de dormir quand j&rsquo;\u00e9tais l\u00e0 bas, ce qui fait que je pouvais passer beaucoup plus de temps \u00e0 travailler, et toujours avoir le temps de sortir faire la f\u00eate! Et, bien s\u00fbr, nous jouions avec U2 cinq des soirs o\u00f9 nous \u00e9tions l\u00e0 bas, ce qui fait que nous nous amusions \u00e0 jouer au Madison Square Garden et \u00e0 rester \u00e0 leurs aftershow sympas.<\/p>\n<p>C&rsquo;est difficile de se souvenir de ce que nous avons fait l\u00e0 bas, mais je me rappelle d\u00e9finitivement que Tom a enregistr\u00e9 une bonne partie du chant de \u00ab\u00a0Is it any wonder?\u00a0\u00bb. Je pense qu&rsquo;il a fait le chant pour \u00ab\u00a0Nothing in my way\u00a0\u00bb aussi, mais je peux me tromper. Je suis quasiment s\u00fbr d&rsquo;avoir fait la basse pour \u00ab\u00a0Let is slide\u00a0\u00bb, \u00ab\u00a0Crystal Ball\u00a0\u00bb et un paquet d&rsquo;autres chansons l\u00e0 bas. J&rsquo;ai d\u00e9finitivement fait la basse pour \u00ab\u00a0Broken toy\u00a0\u00bb &#8211; je m&rsquo;en rappelle parce que je pensais que \u00e7a allait me prendre des centaines de prises parce que c&rsquo;est une partie difficile, mais en fait, par je ne sais quel miracle, nous avons r\u00e9ussi \u00e0 l&rsquo;avoir en quelques prises (\u00ab\u00a0Broken toy\u00a0\u00bb est de loin la plus rapide et la plus facile des chansons de l&rsquo;album \u00e0 enregistrer; nous avons fait la majeure partie en une soir\u00e9e \u00e0 Heliocentric, et ensuite nous avons fait la batterie et la basse \u00e0 New York). <br>Richard a aussi fait la batterie pour \u00ab\u00a0Let it slide\u00a0\u00bb et \u00ab\u00a0Leaving so soon?\u00a0\u00bb \u00e0 New-York, et la batterie pour \u00ab\u00a0The iron sea\u00a0\u00bb bien s\u00fbr. Nous avons enregistr\u00e9 une version de \u00ab\u00a0Hamburg song\u00a0\u00bb l\u00e0 bas, que nous avons abandonn\u00e9 par la suite. J&rsquo;ai \u00e9crit et chant\u00e9 les harmonies de la derni\u00e8re partie d&rsquo;Atlantic \u00e0 The Magic Shop. Nous avons aussi enregistr\u00e9 beaucoup de parties sur le Mellotron (un vieux clavier) qui appartient \u00e0 The Magic Shop &#8211; beaucoup de cordes et de rythmes pour \u00ab\u00a0A bad dream\u00a0\u00bb, \u00ab\u00a0Atlantic\u00a0\u00bb, \u00ab\u00a0The frog prince\u00a0\u00bb et \u00ab\u00a0The iron sea\u00a0\u00bb. Je me rappelle avoir \u00e9crit le pont d&rsquo;une chanson appel\u00e9e \u00ab\u00a0The night sky\u00a0\u00bb (qui appara\u00eetra peut-\u00eatre!!) \u00e0 The Magic Shop, et ensuite enregistr\u00e9 la d\u00e9mo de cette chanson que nous avons ensuite utilis\u00e9 comme mod\u00e8le pour enregistrer la vraie version, quand nous somme rentr\u00e9s en Angleterre.<\/p>\n<p>Donc vous voyez que c&rsquo;est un peu une masse confuse de souvenirs! Une chose qui \u00e9tait inhabituelle est que nous n&rsquo;avons pas du tout enregistr\u00e9 de CP70 \u00e0 The Magic Shop. Je pense qu&rsquo;\u00eatre simplement dans une ville diff\u00e9rente nous a donn\u00e9 l&rsquo;envie d&rsquo;utiliser des sons et des id\u00e9es diff\u00e9rents, et c&rsquo;est g\u00e9nial qu&rsquo;il y ait toutes ces autres textures sur le disque.<\/p>\n<p><em><b>T&rsquo;est-il d\u00e9j\u00e0 arriv\u00e9 de vouloir changer les paroles d&rsquo;une chanson apr\u00e8s sa sortie (vouloir la r\u00e9\u00e9diter)? Comment fais-tu pour ne pas avoir de \u00ab\u00a0regrets\u00a0\u00bb concernant la version finie et publi\u00e9e des paroles?<\/b><\/em> <br>Je n&rsquo;aime pas les paroles \u00e0 la fin de \u00ab\u00a0Put it behind you\u00a0\u00bb. Elles ont un certain charme dans le fait qu&rsquo;elles vous incitent \u00e0 penser, mais vraiment j&rsquo;ai toujours eu l&rsquo;intention de les changer. Mais j&rsquo;ai attendu trop longtemps et elles ont fini par rester.<\/p>\n<p><em><b>Maintenant que l&rsquo;album est sorti, t&rsquo;es-tu remis \u00e0 l&rsquo;\u00e9criture et as-tu une id\u00e9e (envie) sur la \u00ab\u00a0sonorit\u00e9\u00a0\u00bb du prochain album?<\/b><\/em> <br>J&rsquo;\u00e9cris de nouvelles chansons, et je pense avoir quelques perles. Tom \u00e9crit aussi. C&rsquo;est tout ce que nous avons fait pour l&rsquo;instant. Notre grande bataille en ce moment est de faire la tourn\u00e9e \u00ab\u00a0Under the iron sea\u00a0\u00bb, donc on ne pense pas trop au prochain album!<\/p>\n<p><em><b>L&rsquo;identit\u00e9 du &lsquo;Frog Prince&rsquo; sera-t-elle un jour r\u00e9v\u00e9l\u00e9e?<\/b><\/em> <br>Elle a \u00e9t\u00e9 correctement identifi\u00e9e par un journaliste de NME sur un article \u00e9crit \u00e0 notre propos il y a quelques semaines.<\/p>\n<p><\/p>\n<p><em><b>REPONSES DE RICHARD<\/b><\/em><\/p>\n<p><em><b>Qu&rsquo;est-ce qui t&rsquo;as d\u00e9cid\u00e9, qui t&rsquo;as pouss\u00e9 \u00e0 jouer de la batterie? Qui a \u00e9t\u00e9 ton inspiration ? Ici en France nous avons un batteur c\u00e9l\u00e8bre appel\u00e9 Manu Katch\u00e9, as-tu entendu parler de lui?<\/b><\/em> <br>Je pense que c&rsquo;est en voyant un batteur qui est venu jouer \u00e0 l&rsquo;\u00e9cole quand j&rsquo;avais environ 10 ans. Il avait un kit \u00e9lectronique Simmons (celui avec les pads octogonaux fait en caoutchouc noir) et il a jou\u00e9 des airs diff\u00e9rents (il me semble qu&rsquo;il y avait un th\u00e8me de James Bond dedans) avec son kit \u00e0 lui tout seul. J&rsquo;ai toujours eu l&rsquo;impression d&rsquo;avoir \u00e9cout\u00e9 la batterie quand j&rsquo;\u00e9coutais de la musique, et \u00e7a m&rsquo;a toujours sembl\u00e9 quelque chose de marrant \u00e0 faire. J&rsquo;ai vraiment d\u00e9cid\u00e9 d&rsquo;essayer apr\u00e8s avoir vu U2 au stade de Wembley en 1993, donc vous pouvez imaginez ce que c&rsquo;\u00e9tait de parler avec Larry et de s&rsquo;asseoir derri\u00e8re son kit \u00e0 New York, et de d\u00e9couvrir quel type bien il est. Cela montre qu&rsquo;on devrait rencontrer ses idoles finalement.<\/p>\n<p>Pour ce qui est de Manu Katch\u00e9, je ne l&rsquo;ai jamais vu jouer, mais j&rsquo;ai en effet entendu parler de lui, et lu des interviews de lui &#8211; j&rsquo;adorerais le voir jouer.<\/p>\n<p><em><b>Aimes-tu la musique classique? Qui est ton compositeur pr\u00e9f\u00e9r\u00e9? Quelle est ton oeuvre pr\u00e9f\u00e9r\u00e9e?<\/b><\/em> <br>Je n&rsquo;ai jamais \u00e9cout\u00e9 de musique classique! Il y a trop de nouvelles choses \u00e0 \u00e9couter. J&rsquo;ai toujours une pile de nouveaux disques \u00e0 \u00e9couter et je trouve \u00e7a beaucoup plus int\u00e9ressant. Je pense que le truc le plus classique que j&rsquo;\u00e9coute sont les arrangements de cordes dans la musique moderne &#8211; un groupe comme The Divine Comedy l&rsquo;utilise, et l&rsquo;a transform\u00e9 en un son moderne et appropri\u00e9, comme sur la (merveilleuse) chanson \u00ab\u00a0Our mutual friend\u00a0\u00bb, par exemple.<\/p>\n<p><em><b>Pourquoi est-ce que vous ne jouez plus \u00ab\u00a0The frog prince\u00a0\u00bb?<\/b><\/em> <br>On le joue, c&rsquo;est juste que nous avons senti qu&rsquo;elle ne passait pas avant la sortie de l&rsquo;album et que nous jouions d\u00e9j\u00e0 trop de nouvelles chansons &#8211; c&rsquo;est difficile de faire rentrer trop de nouvelles choses en une seule fois &#8211; nous nous en sommes rendus compte au fil de tous les concerts aussi.<\/p>\n<p><em><b>A priori, Tim touche \u00e0 beaucoup d&rsquo;instruments et s&rsquo;est \u00e9norm\u00e9ment investi sur UTIS, envisageriez-vous de faire appel \u00e0 des musiciens, en soutien, pour le prochain album? Y&rsquo;a-t-il des musiciens ou chanteurs avec qui vous aimeriez collaborer?<\/b><\/em> <br>Tim a clairement repouss\u00e9 les limites de ce qu&rsquo;une personne peut faire sur sc\u00e8ne. Je ne sais pas si nous aurons d&rsquo;autres personnes sur sc\u00e8ne ou non; nous avons certainement de nombreux amis avec qui nous aimerions collaborer, ou peut \u00eatre avec qui faire un show unique, mais le temps le dira. C&rsquo;\u00e9tait vraiment g\u00e9nial d&rsquo;avoir Rufus Wainwright sur sc\u00e8ne au festival Wireless &#8211; il a une voix tellement merveilleuse, et les harmonies qu&rsquo;il avait \u00e9crites \u00e9taient magnifiques.<\/p>\n<p>Sinon pour les chanteurs, je pense que Christina Aguilera a \u00e9t\u00e9 \u00e9patante aux Grammies, donc si elle cherche quelqu&rsquo;un pour faire un duo, peut \u00eatre que cela pourrait \u00eatre nous&#8230;<\/p>\n<p><em><b>Qu&rsquo;as-tu fais \u00e0 Paris cette fois-ci?<\/b><\/em> <br>Nous avons tr\u00e8s bien mang\u00e9, et j&rsquo;ai pris quelques photos. J&rsquo;aime marcher dans Paris &#8211; c&rsquo;est un endroit tr\u00e8s relaxant, et il y a toujours un bar ou un caf\u00e9 pour s&rsquo;arr\u00eater si tu es fatigu\u00e9 ou si tu as faim. J&rsquo;adore les p\u00e2tisseries aussi. Je pourrais manger des p\u00e2tisseries fran\u00e7aises pour le restant de mes jours.<\/p>\n<p><em><b>Y-a-t-il des influences f\u00e9minines dans le groupe et qui sont-elles?<\/b><\/em> <br>Tim a beaucoup mentionn\u00e9e Kylie auparavant &#8211; elle est formidable. Il a aussi dit que Kate Bush \u00e9tait une grande influence, mais peut \u00eatre pas pour les costumes de sc\u00e8ne. J&rsquo;aime beaucoup PJ Harvey &#8211; quand nous avons \u00e9t\u00e9 pour la premi\u00e8re fois chez Island records, elle \u00e9tait en studio dans le sous-sol, et le directeur du label nous a amen\u00e9s en bas pour nous montrer le studio, mais en fait je pense qu&rsquo;il essayait de frimer avec PJ Harvey, qui \u00e9tait l\u00e0 pour faire des enregistrements. Ca a march\u00e9, et nous avons sign\u00e9 avec eux environ une semaine apr\u00e8s.<\/p>\n<p><em><b>Il y a une s\u00e9paration notable sur les pistes de l&rsquo;album entre \u00ab\u00a0Put it behind you\u00a0\u00bb et \u00ab\u00a0The iron sea\u00a0\u00bb. Voyez-vous l&rsquo;album comme comprenant 2 parties distinctes et s\u00e9par\u00e9es avec un caract\u00e8re et des intentions diff\u00e9rentes, ou bien y-a-t-il une autre raison pour la coupure dans l&rsquo;album ?<\/b><\/em> <br>Nous le voyons vraiment comme 2 moiti\u00e9s, absolument.<\/p>\n<p><em><b>RICHARD OU TIM :<br><\/b><\/em><\/p>\n<p><em><b>Qui \u00e9tait votre Spice Girl pr\u00e9f\u00e9r\u00e9e? (question envoy\u00e9e par Christopher F., Middlesborough)<\/b><\/em> <br>Honn\u00eatement, je n&rsquo;y ai jamais r\u00e9fl\u00e9chi. On peut le voir de cette mani\u00e8re : je pr\u00e9f\u00e8re les Destiny&rsquo;s Child.<\/p>\n<p><span style=\"color: #808080;\"><em>Keane.fr voudrait remercier Dan pour son aide, sa patience et pour sa gentillesse de toujours. Nous lui souhaitons beaucoup de bonheur et de r\u00e9ussite dans sa nouvelle carri\u00e8re.<\/em><\/span><\/p>\t\t\t\t\t\t\t\t<\/div>\n\t\t\t\t<\/div>\n\t\t\t\t\t<\/div>\n\t\t<\/div>\n\t\t\t\t\t<\/div>\n\t\t<\/section>\n\t\t\t\t<\/div>\n\t\t","protected":false},"excerpt":{"rendered":"<p>Select a language Interview Tim &amp; Richard &#8211; 11 septembre 2006 REPONSES DE TIM Avec qui r\u00eaveriez vous de travailler musicalement, ne serait ce qu&rsquo;une apr\u00e8s-midi? La r\u00e9ponse peut-\u00eatre des personnes mortes comme Lennon puisque c&rsquo;est un r\u00eave. J&rsquo;adorerais travailler avec Paul Simon. C&rsquo;est le plus grand compositeur vivant, et il a \u00e9t\u00e9 une source [&hellip;]<\/p>\n","protected":false},"author":1,"featured_media":0,"parent":2952,"menu_order":0,"comment_status":"closed","ping_status":"closed","template":"","meta":{"ocean_post_layout":"","ocean_both_sidebars_style":"","ocean_both_sidebars_content_width":0,"ocean_both_sidebars_sidebars_width":0,"ocean_sidebar":"0","ocean_second_sidebar":"0","ocean_disable_margins":"enable","ocean_add_body_class":"","ocean_shortcode_before_top_bar":"","ocean_shortcode_after_top_bar":"","ocean_shortcode_before_header":"","ocean_shortcode_after_header":"","ocean_has_shortcode":"","ocean_shortcode_after_title":"","ocean_shortcode_before_footer_widgets":"","ocean_shortcode_after_footer_widgets":"","ocean_shortcode_before_footer_bottom":"","ocean_shortcode_after_footer_bottom":"","ocean_display_top_bar":"default","ocean_display_header":"default","ocean_header_style":"","ocean_center_header_left_menu":"0","ocean_custom_header_template":"0","ocean_custom_logo":0,"ocean_custom_retina_logo":0,"ocean_custom_logo_max_width":0,"ocean_custom_logo_tablet_max_width":0,"ocean_custom_logo_mobile_max_width":0,"ocean_custom_logo_max_height":0,"ocean_custom_logo_tablet_max_height":0,"ocean_custom_logo_mobile_max_height":0,"ocean_header_custom_menu":"0","ocean_menu_typo_font_family":"0","ocean_menu_typo_font_subset":"","ocean_menu_typo_font_size":0,"ocean_menu_typo_font_size_tablet":0,"ocean_menu_typo_font_size_mobile":0,"ocean_menu_typo_font_size_unit":"px","ocean_menu_typo_font_weight":"","ocean_menu_typo_font_weight_tablet":"","ocean_menu_typo_font_weight_mobile":"","ocean_menu_typo_transform":"","ocean_menu_typo_transform_tablet":"","ocean_menu_typo_transform_mobile":"","ocean_menu_typo_line_height":0,"ocean_menu_typo_line_height_tablet":0,"ocean_menu_typo_line_height_mobile":0,"ocean_menu_typo_line_height_unit":"","ocean_menu_typo_spacing":0,"ocean_menu_typo_spacing_tablet":0,"ocean_menu_typo_spacing_mobile":0,"ocean_menu_typo_spacing_unit":"","ocean_menu_link_color":"","ocean_menu_link_color_hover":"","ocean_menu_link_color_active":"","ocean_menu_link_background":"","ocean_menu_link_hover_background":"","ocean_menu_link_active_background":"","ocean_menu_social_links_bg":"","ocean_menu_social_hover_links_bg":"","ocean_menu_social_links_color":"","ocean_menu_social_hover_links_color":"","ocean_disable_title":"default","ocean_disable_heading":"default","ocean_post_title":"","ocean_post_subheading":"","ocean_post_title_style":"","ocean_post_title_background_color":"","ocean_post_title_background":0,"ocean_post_title_bg_image_position":"","ocean_post_title_bg_image_attachment":"","ocean_post_title_bg_image_repeat":"","ocean_post_title_bg_image_size":"","ocean_post_title_height":0,"ocean_post_title_bg_overlay":0.5,"ocean_post_title_bg_overlay_color":"","ocean_disable_breadcrumbs":"default","ocean_breadcrumbs_color":"","ocean_breadcrumbs_separator_color":"","ocean_breadcrumbs_links_color":"","ocean_breadcrumbs_links_hover_color":"","ocean_display_footer_widgets":"default","ocean_display_footer_bottom":"default","ocean_custom_footer_template":"0","footnotes":""},"class_list":["post-3119","page","type-page","status-publish","hentry","entry"],"_links":{"self":[{"href":"https:\/\/www.keane.fr\/en\/wp-json\/wp\/v2\/pages\/3119","targetHints":{"allow":["GET"]}}],"collection":[{"href":"https:\/\/www.keane.fr\/en\/wp-json\/wp\/v2\/pages"}],"about":[{"href":"https:\/\/www.keane.fr\/en\/wp-json\/wp\/v2\/types\/page"}],"author":[{"embeddable":true,"href":"https:\/\/www.keane.fr\/en\/wp-json\/wp\/v2\/users\/1"}],"replies":[{"embeddable":true,"href":"https:\/\/www.keane.fr\/en\/wp-json\/wp\/v2\/comments?post=3119"}],"version-history":[{"count":5,"href":"https:\/\/www.keane.fr\/en\/wp-json\/wp\/v2\/pages\/3119\/revisions"}],"predecessor-version":[{"id":4188,"href":"https:\/\/www.keane.fr\/en\/wp-json\/wp\/v2\/pages\/3119\/revisions\/4188"}],"up":[{"embeddable":true,"href":"https:\/\/www.keane.fr\/en\/wp-json\/wp\/v2\/pages\/2952"}],"wp:attachment":[{"href":"https:\/\/www.keane.fr\/en\/wp-json\/wp\/v2\/media?parent=3119"}],"curies":[{"name":"wp","href":"https:\/\/api.w.org\/{rel}","templated":true}]}}