{"id":3128,"date":"2021-03-03T02:07:46","date_gmt":"2021-03-03T01:07:46","guid":{"rendered":"https:\/\/www.keane.fr\/?page_id=3128"},"modified":"2023-12-14T00:30:09","modified_gmt":"2023-12-13T23:30:09","slug":"sanna-annukka-smith-mai-2006","status":"publish","type":"page","link":"https:\/\/www.keane.fr\/en\/interviews\/sanna-annukka-smith-mai-2006\/","title":{"rendered":"Sanna Annukka Smith &#8211; Mai 2006"},"content":{"rendered":"\t\t<div data-elementor-type=\"wp-page\" data-elementor-id=\"3128\" class=\"elementor elementor-3128\">\n\t\t\t\t\t\t<section class=\"elementor-section elementor-top-section elementor-element elementor-element-646abe78 elementor-section-boxed elementor-section-height-default elementor-section-height-default\" data-id=\"646abe78\" data-element_type=\"section\" data-e-type=\"section\">\n\t\t\t\t\t\t<div class=\"elementor-container elementor-column-gap-default\">\n\t\t\t\t\t<div class=\"elementor-column elementor-col-33 elementor-top-column elementor-element elementor-element-7ffd651e\" data-id=\"7ffd651e\" data-element_type=\"column\" data-e-type=\"column\">\n\t\t\t<div class=\"elementor-widget-wrap\">\n\t\t\t\t\t\t\t<\/div>\n\t\t<\/div>\n\t\t\t\t<div class=\"elementor-column elementor-col-33 elementor-top-column elementor-element elementor-element-465f1ccf\" data-id=\"465f1ccf\" data-element_type=\"column\" data-e-type=\"column\">\n\t\t\t<div class=\"elementor-widget-wrap elementor-element-populated\">\n\t\t\t\t\t\t<div class=\"elementor-element elementor-element-db300d7 elementor-widget elementor-widget-image\" data-id=\"db300d7\" data-element_type=\"widget\" data-e-type=\"widget\" data-widget_type=\"image.default\">\n\t\t\t\t<div class=\"elementor-widget-container\">\n\t\t\t\t\t\t\t\t\t\t\t\t\t\t\t<img decoding=\"async\" src=\"https:\/\/www.keane.fr\/wp-content\/uploads\/2021\/03\/1042_sanna.jpg\" title=\"1042_sanna\" alt=\"1042_sanna\" loading=\"lazy\" \/>\t\t\t\t\t\t\t\t\t\t\t\t\t\t\t<\/div>\n\t\t\t\t<\/div>\n\t\t\t\t\t<\/div>\n\t\t<\/div>\n\t\t\t\t<div class=\"elementor-column elementor-col-33 elementor-top-column elementor-element elementor-element-1b7b0699\" data-id=\"1b7b0699\" data-element_type=\"column\" data-e-type=\"column\">\n\t\t\t<div class=\"elementor-widget-wrap elementor-element-populated\">\n\t\t\t\t\t\t<div class=\"elementor-element elementor-element-52839532 elementor-widget elementor-widget-heading\" data-id=\"52839532\" data-element_type=\"widget\" data-e-type=\"widget\" data-widget_type=\"heading.default\">\n\t\t\t\t<div class=\"elementor-widget-container\">\n\t\t\t\t\t<h2 class=\"elementor-heading-title elementor-size-default\">Select a language \n<div class=\"trp_language_switcher_shortcode\">\n<div class=\"trp-language-switcher trp-language-switcher-container\" data-no-translation >\n    <div class=\"trp-ls-shortcode-current-language\">\n        <a href=\"#\" class=\"trp-ls-shortcode-disabled-language trp-ls-disabled-language\" title=\"English (UK)\" onclick=\"event.preventDefault()\">\n\t\t\t English (UK)\t\t<\/a>\n    <\/div>\n    <div class=\"trp-ls-shortcode-language\">\n                <a href=\"#\" class=\"trp-ls-shortcode-disabled-language trp-ls-disabled-language\"  title=\"English (UK)\" onclick=\"event.preventDefault()\">\n\t\t\t English (UK)\t\t<\/a>\n                    <a href=\"https:\/\/www.keane.fr\/en\/wp-json\/wp\/v2\/pages\/3128#TRPLINKPROCESSED\" title=\"Fran\u00e7ais\">\n             Fran\u00e7ais        <\/a>\n\n        <\/div>\n    <script type=\"application\/javascript\">\n        \/\/ need to have the same with set from JS on both divs. Otherwise it can push stuff around in HTML\n        var trp_ls_shortcodes = document.querySelectorAll('.trp_language_switcher_shortcode .trp-language-switcher');\n        if ( trp_ls_shortcodes.length > 0) {\n            \/\/ get the last language switcher added\n            var trp_el = trp_ls_shortcodes[trp_ls_shortcodes.length - 1];\n\n            var trp_shortcode_language_item = trp_el.querySelector( '.trp-ls-shortcode-language' )\n            \/\/ set width\n            var trp_ls_shortcode_width                                               = trp_shortcode_language_item.offsetWidth + 16;\n            trp_shortcode_language_item.style.width                                  = trp_ls_shortcode_width + 'px';\n            trp_el.querySelector( '.trp-ls-shortcode-current-language' ).style.width = trp_ls_shortcode_width + 'px';\n\n            \/\/ We're putting this on display: none after we have its width.\n            trp_shortcode_language_item.style.display = 'none';\n        }\n    <\/script>\n<\/div>\n<\/div><\/h2>\t\t\t\t<\/div>\n\t\t\t\t<\/div>\n\t\t\t\t\t<\/div>\n\t\t<\/div>\n\t\t\t\t\t<\/div>\n\t\t<\/section>\n\t\t\t\t<section class=\"elementor-section elementor-top-section elementor-element elementor-element-198a7536 elementor-section-boxed elementor-section-height-default elementor-section-height-default\" data-id=\"198a7536\" data-element_type=\"section\" data-e-type=\"section\" data-settings=\"{&quot;background_background&quot;:&quot;classic&quot;}\">\n\t\t\t\t\t\t<div class=\"elementor-container elementor-column-gap-default\">\n\t\t\t\t\t<div class=\"elementor-column elementor-col-100 elementor-top-column elementor-element elementor-element-6aae0cd9\" data-id=\"6aae0cd9\" data-element_type=\"column\" data-e-type=\"column\" data-settings=\"{&quot;background_background&quot;:&quot;classic&quot;}\">\n\t\t\t<div class=\"elementor-widget-wrap elementor-element-populated\">\n\t\t\t\t\t\t<div class=\"elementor-element elementor-element-6b0db26b elementor-widget elementor-widget-heading\" data-id=\"6b0db26b\" data-element_type=\"widget\" data-e-type=\"widget\" data-widget_type=\"heading.default\">\n\t\t\t\t<div class=\"elementor-widget-container\">\n\t\t\t\t\t<h2 class=\"elementor-heading-title elementor-size-default\">Interview Sanna Annukka Smith - Mai 2006<\/h2>\t\t\t\t<\/div>\n\t\t\t\t<\/div>\n\t\t\t\t<div class=\"elementor-element elementor-element-62073343 elementor-widget elementor-widget-text-editor\" data-id=\"62073343\" data-element_type=\"widget\" data-e-type=\"widget\" data-widget_type=\"text-editor.default\">\n\t\t\t\t<div class=\"elementor-widget-container\">\n\t\t\t\t\t\t\t\t\t<p><span style=\"color: #808080;\"><em>Sanna Annukka est l&rsquo;artiste derri\u00e8re le graphisme de \u00ab\u00a0Under the iron sea\u00a0\u00bb. Vous pouvez voir ses cr\u00e9ations sur son <a style=\"color: #808080;\" href=\"https:\/\/www.sanna-annukka.com\/\">site<\/a>. <\/em><\/span><br><span style=\"color: #808080;\"><em>Les fans ont eu la possibilit\u00e9 de poser leurs question \u00e0 Sanna sur le forum officiel. Vous pourrez en apprendre plus \u00e0 propos d&rsquo;elle et de son travail, son inspiration pour le graphisme de Keane et comment elle est est arriv\u00e9e \u00e0 coop\u00e9rer avec le groupe.<\/em><\/span><\/p>\n<p><b><em>En introduction, pouvez-vous nous donner quelques d\u00e9tails de base sur vous?<\/em> <\/b><br>Je suis n\u00e9e \u00e0 Brighton, dans l&rsquo;East Sussex, le 9 ao\u00fbt 1983. Ma m\u00e8re est Finlandaise et mon p\u00e8re Anglais. J&rsquo;ai partag\u00e9e toute mon enfance entre Plataniemi (d&rsquo;o\u00f9 ma m\u00e8re est originaire) et Brighton. Chaque \u00e9t\u00e9, j&rsquo;allais \u00e0 Paltaniemi, un joli village sur les bords du lac Oulujarvi, explorant les for\u00eats, p\u00eachant, ou plongeant nue dans l&rsquo;eau apr\u00e8s les saunas! J&rsquo;ai aussi voyag\u00e9 en Laponie avec ma famille, en campant pr\u00e8s des rivi\u00e8res arctiques. De mon enfance, pass\u00e9e en Finlande, viennent mes meilleurs souvenirs et la plus grande influence sur mon travail. Je vis maintenant depuis 10 ans \u00e0 Brighton, j&rsquo;ai continu\u00e9 mes \u00e9tudes d&rsquo;Art ici et j&rsquo;ai eu mon dipl\u00f4me de l&rsquo;Universit\u00e9 de Brighton avec mention en Illustration. Je travaille actuellement depuis chez moi.<\/p>\n<p><em><b>Faites-vous principalement des illustrations ou bien aussi du design?<\/b><\/em><br>Ma fa\u00e7on de travailler pr\u00e9f\u00e9r\u00e9e est la s\u00e9rigraphie imprim\u00e9e sur des grand posters. J&rsquo;adore la qualit\u00e9 d&rsquo;impression qu&rsquo;on peut avoir avec la s\u00e9rigraphie et aussi l&rsquo;\u00e9clat des couleur qui peut \u00eatre obtenue avec les encres utilis\u00e9es.<\/p>\n<p><em><b>Avez-vous \u00e9tudi\u00e9 le design ou bien avez-vous toujours \u00e9t\u00e9 une illustratrice?<\/b><\/em><br>J&rsquo;ai toujours \u00e9t\u00e9 une illustratrice.<\/p>\n<p><em><b>Quel a \u00e9t\u00e9 votre projet pr\u00e9f\u00e9r\u00e9 jusqu&rsquo;\u00e0 aujourd&rsquo;hui?<\/b><\/em><br>Mes projets pr\u00e9f\u00e9r\u00e9s sont souvent mes projets personnels. Faire des impression en petit nombre de mes oeuvres. J&rsquo;ai fait une s\u00e9rie de mod\u00e8les folkloriques de femmes inspir\u00e9s de mon ensemble d&rsquo;histoires pr\u00e9f\u00e9r\u00e9es, le Kalevala, le po\u00e8me \u00e9pique finlandais. Cette s\u00e9rie de mod\u00e8les de femmes folkloriques est le d\u00e9but d&rsquo;un projet en court. Ce projet sera bient\u00f4t fini et il se compose de 40 illustrations de jeunes filles du monde entier dans leur costume traditionnel. Elles seront vendues sur des impressions grand format. J&rsquo;ai aussi commenc\u00e9 une s\u00e9rie d&rsquo;illustrations repr\u00e9sentant les sc\u00e8nes du Kalevala.<\/p>\n<p><em><b>O\u00f9 peut-on trouver des exemples de votre travail (site web, livre)?<\/b><\/em><br>On peut voir mon travail sur www.zeegenrush.com, il y a des projets pour avoir mon propre site en ligne et fonctionnant <em>(note 2021: le lien n&rsquo;est plus \u00e0 jour, elle a aujourd&rsquo;hui son <a href=\"https:\/\/www.sanna-annukka.com\/\">propre site<\/a> et son <a href=\"https:\/\/www.instagram.com\/sannaannukka\/\">Instagram<\/a>)<\/em>. Vous pouvez acheter des \u00e9preuves sur Hygge, mais il y aura progressivement d&rsquo;autres endroit pour acheter mes oeuvres dans les mois \u00e0 venir, il faut attendre la confirmation.<\/p>\n<p><em><b>Est-ce la premi\u00e8re fois que vous illustrez pour un album et quelle est la principale diff\u00e9rence entre travailler sur le graphisme d&rsquo;un album et les autres oeuvres d&rsquo;art que vous aviez fait avant?<\/b><\/em><br>Illustrer \u00ab\u00a0Under the iron sea\u00a0\u00bb est ma premi\u00e8re commande depuis que j&rsquo;ai eu mon dipl\u00f4me en Juin dernier. En g\u00e9n\u00e9ral, je r\u00e9alise mes projets personnels en s\u00e9rigraphie, mais pour le graphisme de \u00ab\u00a0Under the iron sea\u00a0\u00bb, tout a \u00e9t\u00e9 fait sous Photoshop. C&rsquo;est donc la premi\u00e8re grosse diff\u00e9rence. Avec le d\u00e9lai impos\u00e9, un processus de s\u00e9rigraphie n&rsquo;\u00e9tait pas envisageable pour ce projet. Ce qui a \u00e9t\u00e9 bien \u00e0 voir, c&rsquo;est comment mon travail a \u00e9t\u00e9 int\u00e9gr\u00e9 \u00e0 diff\u00e9rents formats comme le livret de l&rsquo;album, j&rsquo;ai l&rsquo;habitude de travailler avec des impressions grand format et c&rsquo;est une bonne exp\u00e9rience de voir mon travail adapt\u00e9 \u00e0 un format de livre.<\/p>\n<p><b><em>Comment \u00eates-vous entr\u00e9e en contact avec Keane?<\/em> <\/b><br>Compl\u00e8tement par hasard. Un ami du groupe a achet\u00e9 une de mes \u00e9preuves dans la boutique d&rsquo;un ami commun. Le groupe a vu l&rsquo;\u00e9preuve dans sa maison et a dit \u00ab\u00a0c&rsquo;est la personne avec qui il faut travailler pour le graphisme de notre prochain album\u00a0\u00bb.<\/p>\n<p><em><b>Quelle a \u00e9t\u00e9 l&rsquo;importance de l&rsquo;influence du groupe?<br>Quelle libert\u00e9 vous a-t-on laiss\u00e9 pour cr\u00e9er le graphisme?<\/b><\/em><br>J&rsquo;ai eu quelques r\u00e9unions avec le groupe, qui nous ont permis de nous accorder sur une direction \u00e0 prendre. Apr\u00e8s, j&rsquo;ai eu une grande libert\u00e9 pour en venir au concept du graphisme. Ce que j&rsquo;ai beaucoup appr\u00e9ci\u00e9, mais c&rsquo;\u00e9tait aussi un d\u00e9fi, c&rsquo;est d&rsquo;arriver \u00e0 des id\u00e9es visuellement fortes qui pourraient refl\u00e9ter la nature de l&rsquo;album, sans avoir de sch\u00e9ma pr\u00e9cis \u00e0 suivre. J&rsquo;ai ressenti un grande responsabilit\u00e9 sur mes \u00e9paules. J&rsquo;esp\u00e8re que le graphisme repr\u00e9sente bien l&rsquo;album. J&rsquo;ai pris beaucoup d&rsquo;inspiration dans les paroles. Ceci dit, au final, la d\u00e9cision sur le graphisme d\u00e9finitif a \u00e9t\u00e9 pris par le groupe. La pochette de \u00ab\u00a0Is it any wonder?\u00a0\u00bb est un soldat solitaire, je voulais \u00e0 l&rsquo;origine mettre un oiseau rouge avec une larme qui coule qui serait sur l&rsquo;\u00e9paule du soldat mais finalement, ils n&rsquo;en n&rsquo;ont pas voulu, donc c&rsquo;est un soldat tr\u00e8s solitaire! La version vinyle de \u00ab\u00a0Is it any wonder?\u00a0\u00bb a trois soldats sur la pochette, ils se tra\u00eenent dans une marche p\u00e9nible dans un paysage d\u00e9sol\u00e9, et ils feront partie de l&rsquo;histoire dans le livret.<\/p>\n<p><em><b>Avez-vous \u00e9cout\u00e9 le nouvel album comme source d&rsquo;inspiration avant de faire le graphisme et, si c&rsquo;est le cas, que pensez-vous de l&rsquo;album?<\/b><\/em><br>J&rsquo;ai d\u00fb \u00e9couter l&rsquo;album au moins une bonne centaine de fois jusqu&rsquo;\u00e0 maintenant. Je pense que c&rsquo;est un ensemble solide de chansons, et \u00e7a a certainement eu de l&rsquo;influence sur mon graphisme. Je n&rsquo;avais jamais vraiment entendu de trucs de Keane avant, \u00e0 part \u00ab\u00a0Bedshaped\u00a0\u00bb. Cette chanson m&rsquo;\u00e9tait famili\u00e8re, donc je ne savais pas du tout \u00e0 quoi m&rsquo;attendre de leur second album. Je dois dire que mes chansons pr\u00e9f\u00e9r\u00e9es du nouvel album sont \u00ab\u00a0A bad dream\u00a0\u00bb et \u00ab\u00a0Try again\u00a0\u00bb, je pense qu&rsquo;elles sont excellentes.<\/p>\n<p><em><b>Nous avons entendu dire que le livret de l&rsquo;album raconte une histoire en images. Comment a fonctionn\u00e9 le d\u00e9veloppement d&rsquo;une telle histoire? L&rsquo;avez-vous cr\u00e9\u00e9e \u00e0 partir de vos impressions en \u00e9coutant l&rsquo;album, ou bien est-ce que le groupe vous a approch\u00e9 d\u00e8s le d\u00e9part avec une histoire qu&rsquo;ils voulaient raconter?<\/b><\/em><br>En fait, j&rsquo;ai cr\u00e9\u00e9 beaucoup d&rsquo;\u00e9l\u00e9ments (illustrations) inspir\u00e9s de chacune des chansons et le but \u00e9tait de m\u00ealer tous les \u00e9l\u00e9ments dans un monde irr\u00e9el ou un r\u00eave. Il n&rsquo;y a pas d&rsquo;histoire d\u00e9finitive, mais beaucoup de petites qui s&rsquo;enchev\u00eatrent les unes dans les autres. Je veux que l&rsquo;on remarque en permanence des nouvelles choses dans l&rsquo;encha\u00eenement.<\/p>\n<p><em><b>Avez-vous pris part \u00e0 l&rsquo;agencement des paroles dans le livret?<\/b><\/em><br>Je ne fais pas d&rsquo;agencements de ce type, mais j&rsquo;ai pris une grande part \u00e0 l&rsquo;agencement des illustrations.<\/p>\n<p><em><b>Avez-vous travaill\u00e9 uniquement sur PC ou bien avez vous fait des esquisses avant?<\/b><\/em><br>J&rsquo;ai fait des esquisses pour certaines choses, et je les ai scann\u00e9es sur mon ordinateur pour m&rsquo;en servir de mod\u00e8le. Mais \u00e7a a \u00e9t\u00e9 fait principalement sur PC.<\/p>\n<p><em><b>Quelles techniques avez-vous mises en oeuvre pour cr\u00e9er les diff\u00e9rentes parties?<\/b><\/em><br>J&rsquo;ai commenc\u00e9 par faire des formes\/silhouettes en bloc, puis j&rsquo;ai progressivement ajout\u00e9 des motifs complexes et des d\u00e9tails par dessus.<\/p>\n<p><em><b>Que repr\u00e9sentent les chevaux?<\/b><\/em><br>Les chevaux sont des cr\u00e9atures tr\u00e8s symboliques, ils repr\u00e9sentent la force et la puissance, mais peuvent aussi repr\u00e9senter le fait de surmonter des moments difficiles. Je pense que les chevaux sont un symbole appropri\u00e9 pour l&rsquo;album dont le th\u00e8me, de s&rsquo;occuper des batailles \u00e9motionnelles et les luttes de la vie, est tr\u00e8s clair dans l&rsquo;\u00e9criture des chansons.<\/p>\n<p><em><b>L&rsquo;animation a jou\u00e9 un grand r\u00f4le dans l&rsquo;aspect visuel de la campagne \u00ab\u00a0Hopes and Fears\u00a0\u00bb. Pensez-vous que c&rsquo;est quelque chose dans laquelle vous pourriez vous aventurer \u00e0 un moment donn\u00e9? <\/b><\/em><br>L&rsquo;animation m&rsquo;int\u00e9resse vraiment, donc c&rsquo;est une possibilit\u00e9 pour le futur. Je suis fan des silhouettes en animation de Lotte Reiniger.<\/p>\n<p><em><b>Qu&rsquo;a \u00e9t\u00e9 l&rsquo;inspiration du design pour Keane?<\/b><\/em><br>Mettre le doigt sur les paroles cl\u00e9s et les illustrer, mais pas litt\u00e9ralement. Toutes mes illustrations sont figuratives, elles visent \u00e0 capturer l&rsquo;humeur de la chanson.<\/p>\n<p><b><em>Des fans de Finlande se sont pr\u00e9cis\u00e9ment demand\u00e9 si vous aviez trouv\u00e9 de l&rsquo;inspiration dans le po\u00e8me \u00e9pique national, le Kalevala? D&rsquo;autres suggestions de fans penchaient pour des inspirations orientales ou indiennes (le Mahabharata) et le th\u00e9\u00e2tre en ombre chinoise&#8230;<\/em> <\/b><br>Le Kalevala a \u00e9t\u00e9 une tr\u00e8s grosse influence sur mon art, mais beaucoup ont d\u00e9j\u00e0 dit que mon travail avait un c\u00f4t\u00e9 oriental. J&rsquo;aime aussi beaucoup le design scandinave des ann\u00e9es 50-60. Je le trouve tr\u00e8s influent.<\/p>\n<p><b><em>Derni\u00e8re question&#8230; Sur quoi ou pour qui adoreriez-vous travailler (projet de r\u00eave)?<\/em> <\/b><br>J&rsquo;ai de nombreux r\u00eaves!! Avoir ma propre exposition et aussi cr\u00e9er ma propre entreprise de produits s\u00e9rigraphi\u00e9s comme des tissus imprim\u00e9s, des poteries, etc&#8230; Ou dessiner une s\u00e9rie de tissus imprim\u00e9s pour Marimekko?? Enfin, j&rsquo;adorerais illustrer un livre d&rsquo;images pour enfants. Il y a de nombreux r\u00eaves apr\u00e8s lesquels je cours!!<\/p>\t\t\t\t\t\t\t\t<\/div>\n\t\t\t\t<\/div>\n\t\t\t\t\t<\/div>\n\t\t<\/div>\n\t\t\t\t\t<\/div>\n\t\t<\/section>\n\t\t\t\t<\/div>\n\t\t","protected":false},"excerpt":{"rendered":"<p>Select a language Interview Sanna Annukka Smith &#8211; Mai 2006 Sanna Annukka est l&rsquo;artiste derri\u00e8re le graphisme de \u00ab\u00a0Under the iron sea\u00a0\u00bb. Vous pouvez voir ses cr\u00e9ations sur son site. Les fans ont eu la possibilit\u00e9 de poser leurs question \u00e0 Sanna sur le forum officiel. Vous pourrez en apprendre plus \u00e0 propos d&rsquo;elle et [&hellip;]<\/p>\n","protected":false},"author":1,"featured_media":0,"parent":2952,"menu_order":0,"comment_status":"closed","ping_status":"closed","template":"","meta":{"ocean_post_layout":"","ocean_both_sidebars_style":"","ocean_both_sidebars_content_width":0,"ocean_both_sidebars_sidebars_width":0,"ocean_sidebar":"0","ocean_second_sidebar":"0","ocean_disable_margins":"enable","ocean_add_body_class":"","ocean_shortcode_before_top_bar":"","ocean_shortcode_after_top_bar":"","ocean_shortcode_before_header":"","ocean_shortcode_after_header":"","ocean_has_shortcode":"","ocean_shortcode_after_title":"","ocean_shortcode_before_footer_widgets":"","ocean_shortcode_after_footer_widgets":"","ocean_shortcode_before_footer_bottom":"","ocean_shortcode_after_footer_bottom":"","ocean_display_top_bar":"default","ocean_display_header":"default","ocean_header_style":"","ocean_center_header_left_menu":"0","ocean_custom_header_template":"0","ocean_custom_logo":0,"ocean_custom_retina_logo":0,"ocean_custom_logo_max_width":0,"ocean_custom_logo_tablet_max_width":0,"ocean_custom_logo_mobile_max_width":0,"ocean_custom_logo_max_height":0,"ocean_custom_logo_tablet_max_height":0,"ocean_custom_logo_mobile_max_height":0,"ocean_header_custom_menu":"0","ocean_menu_typo_font_family":"0","ocean_menu_typo_font_subset":"","ocean_menu_typo_font_size":0,"ocean_menu_typo_font_size_tablet":0,"ocean_menu_typo_font_size_mobile":0,"ocean_menu_typo_font_size_unit":"px","ocean_menu_typo_font_weight":"","ocean_menu_typo_font_weight_tablet":"","ocean_menu_typo_font_weight_mobile":"","ocean_menu_typo_transform":"","ocean_menu_typo_transform_tablet":"","ocean_menu_typo_transform_mobile":"","ocean_menu_typo_line_height":0,"ocean_menu_typo_line_height_tablet":0,"ocean_menu_typo_line_height_mobile":0,"ocean_menu_typo_line_height_unit":"","ocean_menu_typo_spacing":0,"ocean_menu_typo_spacing_tablet":0,"ocean_menu_typo_spacing_mobile":0,"ocean_menu_typo_spacing_unit":"","ocean_menu_link_color":"","ocean_menu_link_color_hover":"","ocean_menu_link_color_active":"","ocean_menu_link_background":"","ocean_menu_link_hover_background":"","ocean_menu_link_active_background":"","ocean_menu_social_links_bg":"","ocean_menu_social_hover_links_bg":"","ocean_menu_social_links_color":"","ocean_menu_social_hover_links_color":"","ocean_disable_title":"default","ocean_disable_heading":"default","ocean_post_title":"","ocean_post_subheading":"","ocean_post_title_style":"","ocean_post_title_background_color":"","ocean_post_title_background":0,"ocean_post_title_bg_image_position":"","ocean_post_title_bg_image_attachment":"","ocean_post_title_bg_image_repeat":"","ocean_post_title_bg_image_size":"","ocean_post_title_height":0,"ocean_post_title_bg_overlay":0.5,"ocean_post_title_bg_overlay_color":"","ocean_disable_breadcrumbs":"default","ocean_breadcrumbs_color":"","ocean_breadcrumbs_separator_color":"","ocean_breadcrumbs_links_color":"","ocean_breadcrumbs_links_hover_color":"","ocean_display_footer_widgets":"default","ocean_display_footer_bottom":"default","ocean_custom_footer_template":"0","footnotes":""},"class_list":["post-3128","page","type-page","status-publish","hentry","entry"],"_links":{"self":[{"href":"https:\/\/www.keane.fr\/en\/wp-json\/wp\/v2\/pages\/3128","targetHints":{"allow":["GET"]}}],"collection":[{"href":"https:\/\/www.keane.fr\/en\/wp-json\/wp\/v2\/pages"}],"about":[{"href":"https:\/\/www.keane.fr\/en\/wp-json\/wp\/v2\/types\/page"}],"author":[{"embeddable":true,"href":"https:\/\/www.keane.fr\/en\/wp-json\/wp\/v2\/users\/1"}],"replies":[{"embeddable":true,"href":"https:\/\/www.keane.fr\/en\/wp-json\/wp\/v2\/comments?post=3128"}],"version-history":[{"count":5,"href":"https:\/\/www.keane.fr\/en\/wp-json\/wp\/v2\/pages\/3128\/revisions"}],"predecessor-version":[{"id":4194,"href":"https:\/\/www.keane.fr\/en\/wp-json\/wp\/v2\/pages\/3128\/revisions\/4194"}],"up":[{"embeddable":true,"href":"https:\/\/www.keane.fr\/en\/wp-json\/wp\/v2\/pages\/2952"}],"wp:attachment":[{"href":"https:\/\/www.keane.fr\/en\/wp-json\/wp\/v2\/media?parent=3128"}],"curies":[{"name":"wp","href":"https:\/\/api.w.org\/{rel}","templated":true}]}}