{"id":3448,"date":"2022-01-23T06:03:24","date_gmt":"2022-01-23T05:03:24","guid":{"rendered":"https:\/\/www.keane.fr\/?page_id=3448"},"modified":"2022-01-23T07:03:26","modified_gmt":"2022-01-23T06:03:26","slug":"biographie-tc","status":"publish","type":"page","link":"https:\/\/www.keane.fr\/en\/tom-chaplin\/biographie-tc\/","title":{"rendered":"Biography"},"content":{"rendered":"<div data-elementor-type=\"wp-page\" data-elementor-id=\"3448\" class=\"elementor elementor-3448\">\n\t\t\t\t\t\t<section class=\"elementor-section elementor-top-section elementor-element elementor-element-be8f22 elementor-section-boxed elementor-section-height-default elementor-section-height-default\" data-id=\"be8f22\" data-element_type=\"section\" data-e-type=\"section\">\n\t\t\t\t\t\t<div class=\"elementor-container elementor-column-gap-default\">\n\t\t\t\t\t<div class=\"elementor-column elementor-col-100 elementor-top-column elementor-element elementor-element-3bbfe4c7\" data-id=\"3bbfe4c7\" data-element_type=\"column\" data-e-type=\"column\">\n\t\t\t<div class=\"elementor-widget-wrap elementor-element-populated\">\n\t\t\t\t\t\t<div class=\"elementor-element elementor-element-70a37d9 elementor-widget elementor-widget-heading\" data-id=\"70a37d9\" data-element_type=\"widget\" data-e-type=\"widget\" data-widget_type=\"heading.default\">\n\t\t\t\t<div class=\"elementor-widget-container\">\n\t\t\t\t\t<h2 class=\"elementor-heading-title elementor-size-default\">HISTOIRE DE SA CARRIERE SOLO<\/h2>\t\t\t\t<\/div>\n\t\t\t\t<\/div>\n\t\t\t\t<section class=\"elementor-section elementor-inner-section elementor-element elementor-element-983d26d elementor-section-boxed elementor-section-height-default elementor-section-height-default\" data-id=\"983d26d\" data-element_type=\"section\" data-e-type=\"section\">\n\t\t\t\t\t\t<div class=\"elementor-container elementor-column-gap-default\">\n\t\t\t\t\t<div class=\"elementor-column elementor-col-50 elementor-inner-column elementor-element elementor-element-c5a7aa3\" data-id=\"c5a7aa3\" data-element_type=\"column\" data-e-type=\"column\">\n\t\t\t<div class=\"elementor-widget-wrap elementor-element-populated\">\n\t\t\t\t\t\t<div class=\"elementor-element elementor-element-17f71bd elementor-widget elementor-widget-image\" data-id=\"17f71bd\" data-element_type=\"widget\" data-e-type=\"widget\" data-widget_type=\"image.default\">\n\t\t\t\t<div class=\"elementor-widget-container\">\n\t\t\t\t\t\t\t\t\t\t\t\t\t\t\t<img decoding=\"async\" src=\"https:\/\/www.keane.fr\/wp-content\/uploads\/2022\/01\/TC_MaskedSinger2022.jpg\" title=\"TC_MaskedSinger2022\" alt=\"TC_MaskedSinger2022\" loading=\"lazy\" \/>\t\t\t\t\t\t\t\t\t\t\t\t\t\t\t<\/div>\n\t\t\t\t<\/div>\n\t\t\t\t\t<\/div>\n\t\t<\/div>\n\t\t\t\t<div class=\"elementor-column elementor-col-50 elementor-inner-column elementor-element elementor-element-eedb3bd\" data-id=\"eedb3bd\" data-element_type=\"column\" data-e-type=\"column\">\n\t\t\t<div class=\"elementor-widget-wrap elementor-element-populated\">\n\t\t\t\t\t\t<div class=\"elementor-element elementor-element-b84b8bc elementor-widget elementor-widget-spacer\" data-id=\"b84b8bc\" data-element_type=\"widget\" data-e-type=\"widget\" data-widget_type=\"spacer.default\">\n\t\t\t\t<div class=\"elementor-widget-container\">\n\t\t\t\t\t\t\t<div class=\"elementor-spacer\">\n\t\t\t<div class=\"elementor-spacer-inner\"><\/div>\n\t\t<\/div>\n\t\t\t\t\t\t<\/div>\n\t\t\t\t<\/div>\n\t\t\t\t<div class=\"elementor-element elementor-element-22a1c9c elementor-widget elementor-widget-text-editor\" data-id=\"22a1c9c\" data-element_type=\"widget\" data-e-type=\"widget\" data-widget_type=\"text-editor.default\">\n\t\t\t\t<div class=\"elementor-widget-container\">\n\t\t\t\t\t\t\t\t\t<p>A VENIR<\/p>\t\t\t\t\t\t\t\t<\/div>\n\t\t\t\t<\/div>\n\t\t\t\t\t<\/div>\n\t\t<\/div>\n\t\t\t\t\t<\/div>\n\t\t<\/section>\n\t\t\t\t<section class=\"elementor-section elementor-inner-section elementor-element elementor-element-06dcfbf elementor-section-boxed elementor-section-height-default elementor-section-height-default\" data-id=\"06dcfbf\" data-element_type=\"section\" data-e-type=\"section\">\n\t\t\t\t\t\t<div class=\"elementor-container elementor-column-gap-default\">\n\t\t\t\t\t<div class=\"elementor-column elementor-col-50 elementor-inner-column elementor-element elementor-element-9390cdb\" data-id=\"9390cdb\" data-element_type=\"column\" data-e-type=\"column\">\n\t\t\t<div class=\"elementor-widget-wrap elementor-element-populated\">\n\t\t\t\t\t\t<div class=\"elementor-element elementor-element-976a2ab elementor-widget elementor-widget-image\" data-id=\"976a2ab\" data-element_type=\"widget\" data-e-type=\"widget\" data-widget_type=\"image.default\">\n\t\t\t\t<div class=\"elementor-widget-container\">\n\t\t\t\t\t\t\t\t\t\t\t\t\t\t\t<img decoding=\"async\" src=\"https:\/\/www.keane.fr\/wp-content\/uploads\/2021\/01\/j.j.quin_20210127_184533_0-350x350.jpg\" title=\"TC_from_j.j.quin_Instagram\" alt=\"TC_from_j.j.quin_Instagram\" loading=\"lazy\" \/>\t\t\t\t\t\t\t\t\t\t\t\t\t\t\t<\/div>\n\t\t\t\t<\/div>\n\t\t\t\t\t<\/div>\n\t\t<\/div>\n\t\t\t\t<div class=\"elementor-column elementor-col-50 elementor-inner-column elementor-element elementor-element-1ea9081\" data-id=\"1ea9081\" data-element_type=\"column\" data-e-type=\"column\">\n\t\t\t<div class=\"elementor-widget-wrap elementor-element-populated\">\n\t\t\t\t\t\t<div class=\"elementor-element elementor-element-ecc4ca3 elementor-widget elementor-widget-spacer\" data-id=\"ecc4ca3\" data-element_type=\"widget\" data-e-type=\"widget\" data-widget_type=\"spacer.default\">\n\t\t\t\t<div class=\"elementor-widget-container\">\n\t\t\t\t\t\t\t<div class=\"elementor-spacer\">\n\t\t\t<div class=\"elementor-spacer-inner\"><\/div>\n\t\t<\/div>\n\t\t\t\t\t\t<\/div>\n\t\t\t\t<\/div>\n\t\t\t\t<div class=\"elementor-element elementor-element-dcd2dec elementor-widget elementor-widget-text-editor\" data-id=\"dcd2dec\" data-element_type=\"widget\" data-e-type=\"widget\" data-widget_type=\"text-editor.default\">\n\t\t\t\t<div class=\"elementor-widget-container\">\n\t\t\t\t\t\t\t\t\t<p>Born on 8 March 1979<\/p><p>Tom est un ami d&rsquo;enfance de Tim, et il rejoint en 1997 le trio des Lotus Eaters (Tim, Richard et Dominic Scott), en tant que guitariste et chanteur. Il gardera ainsi le micro de Keane, et on connait la suite &#8230;<\/p><p>En plus de la guitare et du chant, il joue \u00e9galement du piano et de l&rsquo;orgue sur certains morceaux en live.<\/p><p>Bruyant et blagueur, Tom sait mettre l&rsquo;ambiance sur sc\u00e8ne et dans les coulisses. Sa voix et ses vestes nous \u00e9blouissent toujours. Sa nature introvertie l&rsquo;a malheureusement amen\u00e9 sur des chemins plus sombres d&rsquo;addiction \u00e0 la drogue et l&rsquo;alcool, notamment en 2006 et 2015.\u00a0<\/p><p>En 2016, il sort son premier album solo \u00ab\u00a0The Wave\u00a0\u00bb, inspir\u00e9 de son chemin difficile vers la sobri\u00e9t\u00e9. Il sort \u00e9galement en 2017 un album de No\u00ebl intitul\u00e9 \u00ab\u00a0Twelve Tales of Christmas\u00a0\u00bb.<\/p><p>Il est parfois actif sur Instagram ou Twitter, o\u00f9 il publie notamment quelques blagues, ou bien s&rsquo;\u00e9nerve contre les trolls, selon l&rsquo;humeur. Papa combl\u00e9, il reste discret sur sa vie priv\u00e9e, mais sa passion pour le golf et son amour pour son foyer ne sont plus un secret.<\/p><p>After a few years, the voice of Keane has become more mature, more confident, and sounds more fulfilled than ever!<\/p>\t\t\t\t\t\t\t\t<\/div>\n\t\t\t\t<\/div>\n\t\t\t\t\t<\/div>\n\t\t<\/div>\n\t\t\t\t\t<\/div>\n\t\t<\/section>\n\t\t\t\t\t<\/div>\n\t\t<\/div>\n\t\t\t\t\t<\/div>\n\t\t<\/section>\n\t\t\t\t<section class=\"elementor-section elementor-top-section elementor-element elementor-element-788bc77 elementor-section-boxed elementor-section-height-default elementor-section-height-default\" data-id=\"788bc77\" data-element_type=\"section\" data-e-type=\"section\">\n\t\t\t\t\t\t<div class=\"elementor-container elementor-column-gap-default\">\n\t\t\t\t\t<div class=\"elementor-column elementor-col-100 elementor-top-column elementor-element elementor-element-c21f7d9\" data-id=\"c21f7d9\" data-element_type=\"column\" data-e-type=\"column\">\n\t\t\t<div class=\"elementor-widget-wrap elementor-element-populated\">\n\t\t\t\t\t\t<div class=\"elementor-element elementor-element-efd6738 elementor-widget elementor-widget-eael-adv-tabs\" data-id=\"efd6738\" data-element_type=\"widget\" data-e-type=\"widget\" data-widget_type=\"eael-adv-tabs.default\">\n\t\t\t\t<div class=\"elementor-widget-container\">\n\t\t\t\t\t        <div data-scroll-on-click=\"no\" data-scroll-speed=\"300\" id=\"eael-advance-tabs-efd6738\" class=\"eael-advance-tabs eael-tabs-horizontal eael-tab-auto-active\" data-tabid=\"efd6738\">\n            <div class=\"eael-tabs-nav\">\n                <ul class=\"eael-tab-inline-icon\" role=\"tablist\">\n                                            <li id=\"the-wave\" class=\"inactive eael-tab-item-trigger eael-tab-nav-item\" aria-selected=\"true\" data-tab=\"1\" role=\"tab\" tabindex=\"0\" aria-controls=\"the-wave-tab\" aria-expanded=\"false\">\n                            \n                                                                <i class=\"fas fa-microphone\"><\/i>                                                            \n                                                            <span class=\"eael-tab-title title-after-icon\" >The Wave<\/span>                            \n                                                    <\/li>\n                                            <li id=\"twelves-tales-of-christmas\" class=\"inactive eael-tab-item-trigger eael-tab-nav-item\" aria-selected=\"false\" data-tab=\"2\" role=\"tab\" tabindex=\"-1\" aria-controls=\"twelves-tales-of-christmas-tab\" aria-expanded=\"false\">\n                            \n                                                                <i class=\"fas fa-microphone\"><\/i>                                                            \n                                                            <span class=\"eael-tab-title title-after-icon\" >Twelves Tales of Christmas<\/span>                            \n                                                    <\/li>\n                    \n                                  <\/ul>\n            <\/div>\n            \n            <div class=\"eael-tabs-content\">\n\t\t        \n                    <div id=\"the-wave-tab\" class=\"clearfix eael-tab-content-item inactive\" data-title-link=\"the-wave-tab\">\n\t\t\t\t        <table><tbody><tr><td><img fetchpriority=\"high\" decoding=\"async\" class=\"aligncenter size-medium wp-image-429\" src=\"https:\/\/www.keane.fr\/wp-content\/uploads\/2021\/01\/j.j.quin_20210127_184533_0.jpg\" alt=\"TC_from_j.j.quin_Instagram\" width=\"500\" height=\"500\" \/><\/td><td><p>\u00a0<\/p><p>\u00a0<\/p><p>\u00a0<\/p><p>\u00a0<\/p><p>\u00a0<\/p><p>\u00a0<\/p><p>\u00a0<\/p><\/td><\/tr><\/tbody><\/table>                    <\/div>\n\t\t        \n                    <div id=\"twelves-tales-of-christmas-tab\" class=\"clearfix eael-tab-content-item inactive\" data-title-link=\"twelves-tales-of-christmas-tab\">\n\t\t\t\t        <table><tbody><tr><td><img fetchpriority=\"high\" decoding=\"async\" class=\"aligncenter size-medium wp-image-429\" src=\"https:\/\/www.keane.fr\/wp-content\/uploads\/2021\/01\/j.j.quin_20210127_184533_0.jpg\" alt=\"TC_from_j.j.quin_Instagram\" width=\"500\" height=\"500\" \/><\/td><td><p>\u00a0<\/p><p>\u00a0<\/p><p>\u00a0<\/p><p>\u00a0<\/p><p>\u00a0<\/p><p>\u00a0<\/p><p>\u00a0<\/p><\/td><\/tr><\/tbody><\/table>                    <\/div>\n\t\t                    <\/div>\n        <\/div>\n\t\t\t\t<\/div>\n\t\t\t\t<\/div>\n\t\t\t\t\t<\/div>\n\t\t<\/div>\n\t\t\t\t\t<\/div>\n\t\t<\/section>\n\t\t\t\t<\/div>","protected":false},"excerpt":{"rendered":"<p>HISTOIRE DE SA CARRIERE SOLO A VENIR N\u00e9 le 8 mars 1979 Tom est un ami d&rsquo;enfance de Tim, et il rejoint en 1997 le trio des Lotus Eaters (Tim, Richard et Dominic Scott), en tant que guitariste et chanteur. Il gardera ainsi le micro de Keane, et on connait la suite &#8230; En plus [&hellip;]<\/p>\n","protected":false},"author":1,"featured_media":0,"parent":3464,"menu_order":0,"comment_status":"closed","ping_status":"closed","template":"","meta":{"ocean_post_layout":"","ocean_both_sidebars_style":"","ocean_both_sidebars_content_width":0,"ocean_both_sidebars_sidebars_width":0,"ocean_sidebar":"0","ocean_second_sidebar":"0","ocean_disable_margins":"enable","ocean_add_body_class":"","ocean_shortcode_before_top_bar":"","ocean_shortcode_after_top_bar":"","ocean_shortcode_before_header":"","ocean_shortcode_after_header":"","ocean_has_shortcode":"","ocean_shortcode_after_title":"","ocean_shortcode_before_footer_widgets":"","ocean_shortcode_after_footer_widgets":"","ocean_shortcode_before_footer_bottom":"","ocean_shortcode_after_footer_bottom":"","ocean_display_top_bar":"default","ocean_display_header":"default","ocean_header_style":"","ocean_center_header_left_menu":"0","ocean_custom_header_template":"0","ocean_custom_logo":3463,"ocean_custom_retina_logo":0,"ocean_custom_logo_max_width":0,"ocean_custom_logo_tablet_max_width":0,"ocean_custom_logo_mobile_max_width":0,"ocean_custom_logo_max_height":0,"ocean_custom_logo_tablet_max_height":0,"ocean_custom_logo_mobile_max_height":0,"ocean_header_custom_menu":"26","ocean_menu_typo_font_family":"0","ocean_menu_typo_font_subset":"","ocean_menu_typo_font_size":0,"ocean_menu_typo_font_size_tablet":0,"ocean_menu_typo_font_size_mobile":0,"ocean_menu_typo_font_size_unit":"px","ocean_menu_typo_font_weight":"","ocean_menu_typo_font_weight_tablet":"","ocean_menu_typo_font_weight_mobile":"","ocean_menu_typo_transform":"","ocean_menu_typo_transform_tablet":"","ocean_menu_typo_transform_mobile":"","ocean_menu_typo_line_height":0,"ocean_menu_typo_line_height_tablet":0,"ocean_menu_typo_line_height_mobile":0,"ocean_menu_typo_line_height_unit":"","ocean_menu_typo_spacing":0,"ocean_menu_typo_spacing_tablet":0,"ocean_menu_typo_spacing_mobile":0,"ocean_menu_typo_spacing_unit":"","ocean_menu_link_color":"","ocean_menu_link_color_hover":"","ocean_menu_link_color_active":"","ocean_menu_link_background":"","ocean_menu_link_hover_background":"","ocean_menu_link_active_background":"","ocean_menu_social_links_bg":"","ocean_menu_social_hover_links_bg":"","ocean_menu_social_links_color":"","ocean_menu_social_hover_links_color":"","ocean_disable_title":"default","ocean_disable_heading":"default","ocean_post_title":"","ocean_post_subheading":"","ocean_post_title_style":"","ocean_post_title_background_color":"","ocean_post_title_background":0,"ocean_post_title_bg_image_position":"","ocean_post_title_bg_image_attachment":"","ocean_post_title_bg_image_repeat":"","ocean_post_title_bg_image_size":"","ocean_post_title_height":0,"ocean_post_title_bg_overlay":0.5,"ocean_post_title_bg_overlay_color":"","ocean_disable_breadcrumbs":"default","ocean_breadcrumbs_color":"","ocean_breadcrumbs_separator_color":"","ocean_breadcrumbs_links_color":"","ocean_breadcrumbs_links_hover_color":"","ocean_display_footer_widgets":"default","ocean_display_footer_bottom":"default","ocean_custom_footer_template":"0","footnotes":""},"class_list":["post-3448","page","type-page","status-publish","hentry","entry"],"_links":{"self":[{"href":"https:\/\/www.keane.fr\/en\/wp-json\/wp\/v2\/pages\/3448","targetHints":{"allow":["GET"]}}],"collection":[{"href":"https:\/\/www.keane.fr\/en\/wp-json\/wp\/v2\/pages"}],"about":[{"href":"https:\/\/www.keane.fr\/en\/wp-json\/wp\/v2\/types\/page"}],"author":[{"embeddable":true,"href":"https:\/\/www.keane.fr\/en\/wp-json\/wp\/v2\/users\/1"}],"replies":[{"embeddable":true,"href":"https:\/\/www.keane.fr\/en\/wp-json\/wp\/v2\/comments?post=3448"}],"version-history":[{"count":5,"href":"https:\/\/www.keane.fr\/en\/wp-json\/wp\/v2\/pages\/3448\/revisions"}],"predecessor-version":[{"id":3470,"href":"https:\/\/www.keane.fr\/en\/wp-json\/wp\/v2\/pages\/3448\/revisions\/3470"}],"up":[{"embeddable":true,"href":"https:\/\/www.keane.fr\/en\/wp-json\/wp\/v2\/pages\/3464"}],"wp:attachment":[{"href":"https:\/\/www.keane.fr\/en\/wp-json\/wp\/v2\/media?parent=3448"}],"curies":[{"name":"wp","href":"https:\/\/api.w.org\/{rel}","templated":true}]}}