{"id":4300,"date":"2024-06-15T00:06:46","date_gmt":"2024-06-14T22:06:46","guid":{"rendered":"https:\/\/www.keane.fr\/?page_id=4300"},"modified":"2024-06-15T01:14:28","modified_gmt":"2024-06-14T23:14:28","slug":"richard-hugues-6-juin-2024","status":"publish","type":"page","link":"https:\/\/www.keane.fr\/en\/interviews\/richard-hugues-6-juin-2024\/","title":{"rendered":"Richard Hugues &#8211; 6 juin 2024"},"content":{"rendered":"\t\t<div data-elementor-type=\"wp-page\" data-elementor-id=\"4300\" class=\"elementor elementor-4300\">\n\t\t\t\t\t\t<section class=\"elementor-section elementor-top-section elementor-element elementor-element-7a2d10d0 elementor-section-boxed elementor-section-height-default elementor-section-height-default\" data-id=\"7a2d10d0\" data-element_type=\"section\" data-e-type=\"section\">\n\t\t\t\t\t\t<div class=\"elementor-container elementor-column-gap-default\">\n\t\t\t\t\t<div class=\"elementor-column elementor-col-33 elementor-top-column elementor-element elementor-element-222dc12c\" data-id=\"222dc12c\" data-element_type=\"column\" data-e-type=\"column\">\n\t\t\t<div class=\"elementor-widget-wrap\">\n\t\t\t\t\t\t\t<\/div>\n\t\t<\/div>\n\t\t\t\t<div class=\"elementor-column elementor-col-33 elementor-top-column elementor-element elementor-element-d308ec\" data-id=\"d308ec\" data-element_type=\"column\" data-e-type=\"column\">\n\t\t\t<div class=\"elementor-widget-wrap\">\n\t\t\t\t\t\t\t<\/div>\n\t\t<\/div>\n\t\t\t\t<div class=\"elementor-column elementor-col-33 elementor-top-column elementor-element elementor-element-4e71b2c5\" data-id=\"4e71b2c5\" data-element_type=\"column\" data-e-type=\"column\">\n\t\t\t<div class=\"elementor-widget-wrap elementor-element-populated\">\n\t\t\t\t\t\t<div class=\"elementor-element elementor-element-7c2568d elementor-widget elementor-widget-heading\" data-id=\"7c2568d\" data-element_type=\"widget\" data-e-type=\"widget\" data-widget_type=\"heading.default\">\n\t\t\t\t<div class=\"elementor-widget-container\">\n\t\t\t\t\t<h2 class=\"elementor-heading-title elementor-size-default\">Select a language \n<div class=\"trp_language_switcher_shortcode\">\n<div class=\"trp-language-switcher trp-language-switcher-container\" data-no-translation >\n    <div class=\"trp-ls-shortcode-current-language\">\n        <a href=\"#\" class=\"trp-ls-shortcode-disabled-language trp-ls-disabled-language\" title=\"English (UK)\" onclick=\"event.preventDefault()\">\n\t\t\t English (UK)\t\t<\/a>\n    <\/div>\n    <div class=\"trp-ls-shortcode-language\">\n                <a href=\"#\" class=\"trp-ls-shortcode-disabled-language trp-ls-disabled-language\"  title=\"English (UK)\" onclick=\"event.preventDefault()\">\n\t\t\t English (UK)\t\t<\/a>\n                    <a href=\"https:\/\/www.keane.fr\/en\/wp-json\/wp\/v2\/pages\/4300#TRPLINKPROCESSED\" title=\"Fran\u00e7ais\">\n             Fran\u00e7ais        <\/a>\n\n        <\/div>\n    <script type=\"application\/javascript\">\n        \/\/ need to have the same with set from JS on both divs. Otherwise it can push stuff around in HTML\n        var trp_ls_shortcodes = document.querySelectorAll('.trp_language_switcher_shortcode .trp-language-switcher');\n        if ( trp_ls_shortcodes.length > 0) {\n            \/\/ get the last language switcher added\n            var trp_el = trp_ls_shortcodes[trp_ls_shortcodes.length - 1];\n\n            var trp_shortcode_language_item = trp_el.querySelector( '.trp-ls-shortcode-language' )\n            \/\/ set width\n            var trp_ls_shortcode_width                                               = trp_shortcode_language_item.offsetWidth + 16;\n            trp_shortcode_language_item.style.width                                  = trp_ls_shortcode_width + 'px';\n            trp_el.querySelector( '.trp-ls-shortcode-current-language' ).style.width = trp_ls_shortcode_width + 'px';\n\n            \/\/ We're putting this on display: none after we have its width.\n            trp_shortcode_language_item.style.display = 'none';\n        }\n    <\/script>\n<\/div>\n<\/div><\/h2>\t\t\t\t<\/div>\n\t\t\t\t<\/div>\n\t\t\t\t\t<\/div>\n\t\t<\/div>\n\t\t\t\t\t<\/div>\n\t\t<\/section>\n\t\t\t\t<section class=\"elementor-section elementor-top-section elementor-element elementor-element-7e772b36 elementor-section-boxed elementor-section-height-default elementor-section-height-default\" data-id=\"7e772b36\" data-element_type=\"section\" data-e-type=\"section\" data-settings=\"{&quot;background_background&quot;:&quot;classic&quot;}\">\n\t\t\t\t\t\t<div class=\"elementor-container elementor-column-gap-default\">\n\t\t\t\t\t<div class=\"elementor-column elementor-col-100 elementor-top-column elementor-element elementor-element-6c3f4ee7\" data-id=\"6c3f4ee7\" data-element_type=\"column\" data-e-type=\"column\" data-settings=\"{&quot;background_background&quot;:&quot;classic&quot;}\">\n\t\t\t<div class=\"elementor-widget-wrap elementor-element-populated\">\n\t\t\t\t\t\t<div class=\"elementor-element elementor-element-3745ad12 elementor-widget elementor-widget-heading\" data-id=\"3745ad12\" data-element_type=\"widget\" data-e-type=\"widget\" data-widget_type=\"heading.default\">\n\t\t\t\t<div class=\"elementor-widget-container\">\n\t\t\t\t\t<h2 class=\"elementor-heading-title elementor-size-default\">Interview Richard Hugues - 6 juin 2024<\/h2>\t\t\t\t<\/div>\n\t\t\t\t<\/div>\n\t\t\t\t<div class=\"elementor-element elementor-element-397e224a elementor-widget elementor-widget-text-editor\" data-id=\"397e224a\" data-element_type=\"widget\" data-e-type=\"widget\" data-widget_type=\"text-editor.default\">\n\t\t\t\t<div class=\"elementor-widget-container\">\n\t\t\t\t\t\t\t\t\t<p><span style=\"color: #666699;\"><em>Questions pr\u00e9par\u00e9es avec les pages Keane Nederland et Keane Germany, pendant la tourn\u00e9e europ\u00e9enne anniversaire #Keane20<\/em><\/span><\/p>\n<p><em><b>Nous sommes heureux de vous revoir jouer en Europe ! Est-ce que vous avez appr\u00e9ci\u00e9 cette tourn\u00e9e jusqu&rsquo;\u00e0 pr\u00e9sent ?<\/b><\/em><br>Richard : C&rsquo;est la tourn\u00e9e o\u00f9 on a le plus profit\u00e9 depuis de nombreuses ann\u00e9es. L&rsquo;atmosph\u00e8re des concerts a \u00e9t\u00e9 incroyable &#8211; vraiment chaleureuse et joyeuse, nous le remarquons, vraiment, et \u00e7a nous motive.<\/p>\n<p><em><b>Apr\u00e8s quelques concerts de cette tourn\u00e9e, votre set a sembl\u00e9 plus long que jamais. Comment faites-vous pour rester en forme et donner des concerts aussi \u00e9nergiques, soir apr\u00e8s soir ? <\/b><\/em><br>Je pense que les concerts nous aident \u00e0 rester en forme. Nous faisons tous beaucoup d&rsquo;exercice, que nous soyons en tourn\u00e9e ou non. Je fais toujours beaucoup de v\u00e9lo, je cours et je fais de l&rsquo;escalade. J&rsquo;ai r\u00e9ussi \u00e0 trouver un super mur d&rsquo;escalade \u00e0 Bruxelles qui s&rsquo;appelle Arkose Canal.<\/p>\n<p><em><b>Le public europ\u00e9en a souvent une \u00e9nergie et une appr\u00e9ciation uniques de votre musique. Comment avez-vous trouv\u00e9 l&rsquo;accueil de votre tourn\u00e9e anniversaire par rapport \u00e0 la premi\u00e8re sortie de l&rsquo;album ?<\/b><\/em><br>C&rsquo;est g\u00e9nial. Il y a une telle diversit\u00e9 de fans &#8211; en termes d&rsquo;\u00e2ge, d&rsquo;origine et d&rsquo;histoire avec le groupe &#8211; que les concerts ressemblaient \u00e0 des c\u00e9l\u00e9brations massives. Nous voyons des visages familiers, mais nous savons aussi qu&rsquo;il y a des gens qui assistent \u00e0 leur premier concert de Keane, ou \u00e0 leur premier concert de musique, ce qui est tr\u00e8s sp\u00e9cial.<\/p>\n<p><em><b>La liste des morceaux jou\u00e9s jusqu&rsquo;\u00e0 pr\u00e9sent vient \u00e9videmment principalement de Hopes and Fears, mais comment d\u00e9cidez-vous des chansons des autres albums qui feront partie de la liste des morceaux jou\u00e9s ?<\/b><\/em><br>Tom est le roi de la setlist&#8230; Mais nous savons qu&rsquo;il y a certaines chansons, principalement des singles je suppose, que les gens veulent vraiment entendre. Alors nous essayons d&rsquo;en jouer le plus possible.<\/p>\n<p><em><b>Avez-vous des souvenirs particuliers de concerts ou de sessions d&rsquo;enregistrement en Europe au cours des 20 derni\u00e8res ann\u00e9es ?<\/b><\/em><br>Par o\u00f9 commencer ? \u00c9videmment, l&rsquo;enregistrement de Perfect Symmetry \u00e0 Paris et \u00e0 Berlin a \u00e9t\u00e9 une exp\u00e9rience magique. Aussi, l&rsquo;exp\u00e9rience d&rsquo;\u00eatre dans le tourbus et de traverser l&rsquo;Europe &#8211; de la Scandinavie \u00e0 l&rsquo;Espagne et au Portugal. Je crois qu&rsquo;il y a eu un Werchter avec tout un tas de jeunes groupes en 2003\/4 qui \u00e9tait vraiment g\u00e9nial &#8211; je me souviens d&rsquo;avoir regard\u00e9 beaucoup d&rsquo;autres groupes &#8211; The Killers, Snow Patrol et je me souviens particuli\u00e8rement d&rsquo;avoir regard\u00e9 la merveilleuse Amy Winehouse.<\/p>\n<p><em><b>Les dates europ\u00e9ennes se sont vendues assez rapidement. Que signifie pour vous le fait que vous ayez toujours autant de succ\u00e8s apr\u00e8s 20 ans ?<\/b><\/em><br>C&rsquo;est \u00e9norme. Nous aimons le fait que ces chansons soient toujours aussi importantes pour les gens, et pour un nouveau public plus jeune. C&rsquo;est incroyable.<\/p>\n<p><em><b>Gr\u00e2ce aux r\u00e9seaux sociaux, vous semblez avoir atteint un nouveau public, beaucoup plus jeune, mais qu&rsquo;est-ce qui, selon vous, r\u00e9sonne si bien chez les fans ?<\/b><\/em><br>Je pense que c&rsquo;est l&rsquo;honn\u00eatet\u00e9 de l&rsquo;\u00e9criture de Tim, et les m\u00eames qualit\u00e9s dans la musique qui ont amen\u00e9 les gens vers nous en premier lieu ; et quand nous jouons en concert, je pense que nous jouons mieux, et que nous nous amusons plus que jamais.<\/p>\n<p><em><b>De nombreux concerts europ\u00e9ens sont pr\u00e9vus en juin et pendant l&rsquo;\u00e9t\u00e9 (ndlr : <a href=\"https:\/\/www.keanemusic.com\/live\/\">au Pays-Bas le 21 juin, en France le 22 juillet, en Allemagne du 7 au 9 ao\u00fbt&#8230;<\/a>) ! Parmi les villes europ\u00e9ennes que vous visiterez, quelle est celle o\u00f9 vous avez le plus h\u00e2te d&rsquo;aller et pourquoi ?<\/b><\/em><br>Ce sera g\u00e9nial de d\u00e9couvrir de nouveaux endroits &#8211; Bodo dans le Cercle Arctique sera une grande exp\u00e9rience. Plus notre premi\u00e8re fois en Roumanie.<\/p>\n<p><em><b>Quelle est la sp\u00e9cialit\u00e9 europ\u00e9enne qui vous fait le plus saliver ?<\/b><\/em><br>J&rsquo;adore les p\u00e2tisseries, donc les croissants fran\u00e7ais et le Pastel de Nata portugais !<\/p>\n<p><em><b>Qu&rsquo;\u00e9coutez-vous, lisez-vous ou regardez-vous en ce moment dans le bus de tourn\u00e9e ?<\/b><\/em><br>Nous (le groupe) \u00e9tions en train de nous envoyer des textos pour dire \u00e0 quel point le nouvel album de Crowded House, \u00ab\u00a0Gravity Stairs\u00a0\u00bb, est g\u00e9nial. Tom m&rsquo;a recommand\u00e9 The Hour, alors je l&rsquo;ai regard\u00e9. C&rsquo;est g\u00e9nial.<\/p>\n<p><em><b>Avez-vous d\u00e9j\u00e0 assist\u00e9 \u00e0 un concert c\u00e9l\u00e9brant un album d&rsquo;un autre groupe qui a \u00e9t\u00e9 m\u00e9morable et\/ou quel album aimeriez-vous voir en concert dans son int\u00e9gralit\u00e9 ?<\/b><\/em><br>Je suis all\u00e9 au concert de U2 Joshua Tree &#8211; c&rsquo;\u00e9tait vraiment incroyable. J&rsquo;adorerais voir la formation originale de R.E.M. (avec Bill) jouer n&rsquo;importe lequel de leurs albums.<\/p>\n<p><em><b>En ce qui concerne votre avenir, vous avez soulign\u00e9 dans plusieurs interviews que le processus cr\u00e9atif avait chang\u00e9 au sein du groupe. Comment se passe cette nouvelle dynamique jusqu&rsquo;\u00e0 pr\u00e9sent, et y a-t-il de nouvelles chansons dont vous \u00eates satisfaits ?<\/b><\/em><br>Il y a pas mal de nouvelles chansons qui circulent. Nous avons pass\u00e9 quelques jours dans les studios de Tim et Jesse, sans pour autant avoir de grand projet. Mais il y a beaucoup de chansons que j&rsquo;aime, et pas seulement celles \u00e9crites par Tim &#8211; c&rsquo;est tr\u00e8s excitant pour nous tous ! Vous savez \u00e0 quel point Tom et Jesse sont de bons auteurs-compositeurs, alors pourquoi ne pas les faire participer aussi ?<\/p>\n<p>Merci pour toutes ces questions et j&rsquo;esp\u00e8re voir nombre d&rsquo;entre vous pendant l&rsquo;\u00e9t\u00e9.<\/p>\t\t\t\t\t\t\t\t<\/div>\n\t\t\t\t<\/div>\n\t\t\t\t\t<\/div>\n\t\t<\/div>\n\t\t\t\t\t<\/div>\n\t\t<\/section>\n\t\t\t\t<\/div>\n\t\t","protected":false},"excerpt":{"rendered":"<p>Select a language Interview Richard Hugues &#8211; 6 juin 2024 Questions pr\u00e9par\u00e9es avec les pages Keane Nederland et Keane Germany, pendant la tourn\u00e9e europ\u00e9enne anniversaire #Keane20 Nous sommes heureux de vous revoir jouer en Europe ! Est-ce que vous avez appr\u00e9ci\u00e9 cette tourn\u00e9e jusqu&rsquo;\u00e0 pr\u00e9sent ?Richard : C&rsquo;est la tourn\u00e9e o\u00f9 on a le plus [&hellip;]<\/p>\n","protected":false},"author":1,"featured_media":0,"parent":2952,"menu_order":0,"comment_status":"closed","ping_status":"closed","template":"","meta":{"ocean_post_layout":"","ocean_both_sidebars_style":"","ocean_both_sidebars_content_width":0,"ocean_both_sidebars_sidebars_width":0,"ocean_sidebar":"0","ocean_second_sidebar":"0","ocean_disable_margins":"enable","ocean_add_body_class":"","ocean_shortcode_before_top_bar":"","ocean_shortcode_after_top_bar":"","ocean_shortcode_before_header":"","ocean_shortcode_after_header":"","ocean_has_shortcode":"","ocean_shortcode_after_title":"","ocean_shortcode_before_footer_widgets":"","ocean_shortcode_after_footer_widgets":"","ocean_shortcode_before_footer_bottom":"","ocean_shortcode_after_footer_bottom":"","ocean_display_top_bar":"default","ocean_display_header":"default","ocean_header_style":"","ocean_center_header_left_menu":"0","ocean_custom_header_template":"0","ocean_custom_logo":0,"ocean_custom_retina_logo":0,"ocean_custom_logo_max_width":0,"ocean_custom_logo_tablet_max_width":0,"ocean_custom_logo_mobile_max_width":0,"ocean_custom_logo_max_height":0,"ocean_custom_logo_tablet_max_height":0,"ocean_custom_logo_mobile_max_height":0,"ocean_header_custom_menu":"0","ocean_menu_typo_font_family":"0","ocean_menu_typo_font_subset":"","ocean_menu_typo_font_size":0,"ocean_menu_typo_font_size_tablet":0,"ocean_menu_typo_font_size_mobile":0,"ocean_menu_typo_font_size_unit":"px","ocean_menu_typo_font_weight":"","ocean_menu_typo_font_weight_tablet":"","ocean_menu_typo_font_weight_mobile":"","ocean_menu_typo_transform":"","ocean_menu_typo_transform_tablet":"","ocean_menu_typo_transform_mobile":"","ocean_menu_typo_line_height":0,"ocean_menu_typo_line_height_tablet":0,"ocean_menu_typo_line_height_mobile":0,"ocean_menu_typo_line_height_unit":"","ocean_menu_typo_spacing":0,"ocean_menu_typo_spacing_tablet":0,"ocean_menu_typo_spacing_mobile":0,"ocean_menu_typo_spacing_unit":"","ocean_menu_link_color":"","ocean_menu_link_color_hover":"","ocean_menu_link_color_active":"","ocean_menu_link_background":"","ocean_menu_link_hover_background":"","ocean_menu_link_active_background":"","ocean_menu_social_links_bg":"","ocean_menu_social_hover_links_bg":"","ocean_menu_social_links_color":"","ocean_menu_social_hover_links_color":"","ocean_disable_title":"default","ocean_disable_heading":"default","ocean_post_title":"","ocean_post_subheading":"","ocean_post_title_style":"","ocean_post_title_background_color":"","ocean_post_title_background":0,"ocean_post_title_bg_image_position":"","ocean_post_title_bg_image_attachment":"","ocean_post_title_bg_image_repeat":"","ocean_post_title_bg_image_size":"","ocean_post_title_height":0,"ocean_post_title_bg_overlay":0.5,"ocean_post_title_bg_overlay_color":"","ocean_disable_breadcrumbs":"default","ocean_breadcrumbs_color":"","ocean_breadcrumbs_separator_color":"","ocean_breadcrumbs_links_color":"","ocean_breadcrumbs_links_hover_color":"","ocean_display_footer_widgets":"default","ocean_display_footer_bottom":"default","ocean_custom_footer_template":"0","footnotes":""},"class_list":["post-4300","page","type-page","status-publish","hentry","entry"],"_links":{"self":[{"href":"https:\/\/www.keane.fr\/en\/wp-json\/wp\/v2\/pages\/4300","targetHints":{"allow":["GET"]}}],"collection":[{"href":"https:\/\/www.keane.fr\/en\/wp-json\/wp\/v2\/pages"}],"about":[{"href":"https:\/\/www.keane.fr\/en\/wp-json\/wp\/v2\/types\/page"}],"author":[{"embeddable":true,"href":"https:\/\/www.keane.fr\/en\/wp-json\/wp\/v2\/users\/1"}],"replies":[{"embeddable":true,"href":"https:\/\/www.keane.fr\/en\/wp-json\/wp\/v2\/comments?post=4300"}],"version-history":[{"count":5,"href":"https:\/\/www.keane.fr\/en\/wp-json\/wp\/v2\/pages\/4300\/revisions"}],"predecessor-version":[{"id":4323,"href":"https:\/\/www.keane.fr\/en\/wp-json\/wp\/v2\/pages\/4300\/revisions\/4323"}],"up":[{"embeddable":true,"href":"https:\/\/www.keane.fr\/en\/wp-json\/wp\/v2\/pages\/2952"}],"wp:attachment":[{"href":"https:\/\/www.keane.fr\/en\/wp-json\/wp\/v2\/media?parent=4300"}],"curies":[{"name":"wp","href":"https:\/\/api.w.org\/{rel}","templated":true}]}}